{"id":1855,"date":"2014-08-16T17:42:08","date_gmt":"2014-08-16T15:42:08","guid":{"rendered":"http:\/\/sp-legal.pl\/paulina-sommerrey-3\/"},"modified":"2020-09-21T18:00:50","modified_gmt":"2020-09-21T16:00:50","slug":"paulina-sommerrey","status":"publish","type":"page","link":"https:\/\/sp-legal.pl\/en\/paulina-sommerrey\/","title":{"rendered":"Paulina Sommerrey"},"content":{"rendered":"<p>Specialist in commercial law, public procurement law and medical law. Has long experience in corporate consulting and shaping economic relations.<\/p>\n<p>Manages family affairs of all sorts, especially divorce cases, legal separation, maintenance, cases to establish access to children, limitation and deprivation of parental authority and division of assets acquired in the marriage.<\/p>\n<p>Has a lot of experience in representing entrepreneurs and private persons before common courts, in negotiations and mediations, also with the participation of foreign entities.<\/p>\n<p>Graduated from the Faculty of Law and Administration at the Adam Mickiewicz University in Pozna\u0144. She also finished post-graduate studies on taxes and finance at the Pozna\u0144 University of Economics.<\/p>\n<p>attorney-at-law, member of the Regional Bar Association in Pozna\u0144.<\/p>\n<p>In her free time, she likes travelling and skiing. Passionate about cuisine, she likes comparing tastes and dishes from different corners of the world.<\/p>\n<p>Languages: English, German.<\/p>\n","protected":false},"excerpt":{"rendered":"<p>Specialist in commercial law, public procurement law and medical law. Has long experience in corporate consulting and shaping economic relations. Manages family affairs of all sorts, especially divorce cases, legal separation, maintenance, cases to establish access to children, limitation and deprivation of parental authority and division of assets acquired in the marriage. Has a lot [&hellip;]<\/p>\n","protected":false},"author":4,"featured_media":3674,"parent":0,"menu_order":0,"comment_status":"closed","ping_status":"closed","template":"page-expert.php","meta":{"footnotes":""},"class_list":["post-1855","page","type-page","status-publish","has-post-thumbnail","hentry"],"acf":[],"yoast_head":"<!-- This site is optimized with the Yoast SEO plugin v20.11 - https:\/\/yoast.com\/wordpress\/plugins\/seo\/ -->\n<title>Paulina Sommerrey | Radca Prawny | Kancelaria S&amp;P Pozna\u0144<\/title>\n<meta name=\"description\" content=\"Radca prawny w Poznaniu. Specjalista w zakresie prawa handlowego, zam\u00f3wie\u0144 publicznych i prawa medycznego. Interesuje si\u0119 r\u00f3wnie\u017c prawem korporacyjnym.\" \/>\n<meta name=\"robots\" content=\"index, follow, max-snippet:-1, max-image-preview:large, max-video-preview:-1\" \/>\n<link rel=\"canonical\" href=\"https:\/\/sp-legal.pl\/en\/paulina-sommerrey\/\" \/>\n<meta property=\"og:locale\" content=\"en_US\" \/>\n<meta property=\"og:type\" content=\"article\" \/>\n<meta property=\"og:title\" content=\"Paulina Sommerrey | Radca Prawny | Kancelaria S&amp;P Pozna\u0144\" \/>\n<meta property=\"og:description\" content=\"Radca prawny w Poznaniu. Specjalista w zakresie prawa handlowego, zam\u00f3wie\u0144 publicznych i prawa medycznego. Interesuje si\u0119 r\u00f3wnie\u017c prawem korporacyjnym.\" \/>\n<meta property=\"og:url\" content=\"https:\/\/sp-legal.pl\/en\/paulina-sommerrey\/\" \/>\n<meta property=\"og:site_name\" content=\"attorney-at-law| Law Firm | Poznan | Warsaw\" \/>\n<meta property=\"article:modified_time\" content=\"2020-09-21T16:00:50+00:00\" \/>\n<meta property=\"og:image\" content=\"https:\/\/sp-legal.pl\/wp-content\/uploads\/2019\/02\/Paulina_Sommerrey_small.jpg\" \/>\n\t<meta property=\"og:image:width\" content=\"300\" \/>\n\t<meta property=\"og:image:height\" content=\"300\" \/>\n\t<meta property=\"og:image:type\" content=\"image\/jpeg\" \/>\n<meta name=\"twitter:label1\" content=\"Est. reading time\" \/>\n\t<meta name=\"twitter:data1\" content=\"1 minute\" \/>\n<script type=\"application\/ld+json\" class=\"yoast-schema-graph\">{\"@context\":\"https:\/\/schema.org\",\"@graph\":[{\"@type\":\"WebPage\",\"@id\":\"https:\/\/sp-legal.pl\/en\/paulina-sommerrey\/\",\"url\":\"https:\/\/sp-legal.pl\/en\/paulina-sommerrey\/\",\"name\":\"Paulina Sommerrey | Radca Prawny | Kancelaria S&P Pozna\u0144\",\"isPartOf\":{\"@id\":\"https:\/\/sp-legal.pl\/#website\"},\"datePublished\":\"2014-08-16T15:42:08+00:00\",\"dateModified\":\"2020-09-21T16:00:50+00:00\",\"description\":\"Radca prawny w Poznaniu. Specjalista w zakresie prawa handlowego, zam\u00f3wie\u0144 publicznych i prawa medycznego. Interesuje si\u0119 r\u00f3wnie\u017c prawem korporacyjnym.\",\"breadcrumb\":{\"@id\":\"https:\/\/sp-legal.pl\/en\/paulina-sommerrey\/#breadcrumb\"},\"inLanguage\":\"en-US\",\"potentialAction\":[{\"@type\":\"ReadAction\",\"target\":[\"https:\/\/sp-legal.pl\/en\/paulina-sommerrey\/\"]}]},{\"@type\":\"BreadcrumbList\",\"@id\":\"https:\/\/sp-legal.pl\/en\/paulina-sommerrey\/#breadcrumb\",\"itemListElement\":[{\"@type\":\"ListItem\",\"position\":1,\"name\":\"Strona g\u0142\u00f3wna\",\"item\":\"https:\/\/sp-legal.pl\/en\/\"},{\"@type\":\"ListItem\",\"position\":2,\"name\":\"Paulina Sommerrey\"}]},{\"@type\":\"WebSite\",\"@id\":\"https:\/\/sp-legal.pl\/#website\",\"url\":\"https:\/\/sp-legal.pl\/\",\"name\":\"attorney-at-law| Law Firm | Poznan | Warsaw\",\"description\":\"\",\"potentialAction\":[{\"@type\":\"SearchAction\",\"target\":{\"@type\":\"EntryPoint\",\"urlTemplate\":\"https:\/\/sp-legal.pl\/?s={search_term_string}\"},\"query-input\":\"required name=search_term_string\"}],\"inLanguage\":\"en-US\"}]}<\/script>\n<!-- \/ Yoast SEO plugin. -->","yoast_head_json":{"title":"Paulina Sommerrey | Radca Prawny | Kancelaria S&P Pozna\u0144","description":"Radca prawny w Poznaniu. Specjalista w zakresie prawa handlowego, zam\u00f3wie\u0144 publicznych i prawa medycznego. Interesuje si\u0119 r\u00f3wnie\u017c prawem korporacyjnym.","robots":{"index":"index","follow":"follow","max-snippet":"max-snippet:-1","max-image-preview":"max-image-preview:large","max-video-preview":"max-video-preview:-1"},"canonical":"https:\/\/sp-legal.pl\/en\/paulina-sommerrey\/","og_locale":"en_US","og_type":"article","og_title":"Paulina Sommerrey | Radca Prawny | Kancelaria S&P Pozna\u0144","og_description":"Radca prawny w Poznaniu. Specjalista w zakresie prawa handlowego, zam\u00f3wie\u0144 publicznych i prawa medycznego. Interesuje si\u0119 r\u00f3wnie\u017c prawem korporacyjnym.","og_url":"https:\/\/sp-legal.pl\/en\/paulina-sommerrey\/","og_site_name":"attorney-at-law| Law Firm | Poznan | Warsaw","article_modified_time":"2020-09-21T16:00:50+00:00","og_image":[{"width":300,"height":300,"url":"https:\/\/sp-legal.pl\/wp-content\/uploads\/2019\/02\/Paulina_Sommerrey_small.jpg","type":"image\/jpeg"}],"twitter_misc":{"Est. reading time":"1 minute"},"schema":{"@context":"https:\/\/schema.org","@graph":[{"@type":"WebPage","@id":"https:\/\/sp-legal.pl\/en\/paulina-sommerrey\/","url":"https:\/\/sp-legal.pl\/en\/paulina-sommerrey\/","name":"Paulina Sommerrey | Radca Prawny | Kancelaria S&P Pozna\u0144","isPartOf":{"@id":"https:\/\/sp-legal.pl\/#website"},"datePublished":"2014-08-16T15:42:08+00:00","dateModified":"2020-09-21T16:00:50+00:00","description":"Radca prawny w Poznaniu. Specjalista w zakresie prawa handlowego, zam\u00f3wie\u0144 publicznych i prawa medycznego. Interesuje si\u0119 r\u00f3wnie\u017c prawem korporacyjnym.","breadcrumb":{"@id":"https:\/\/sp-legal.pl\/en\/paulina-sommerrey\/#breadcrumb"},"inLanguage":"en-US","potentialAction":[{"@type":"ReadAction","target":["https:\/\/sp-legal.pl\/en\/paulina-sommerrey\/"]}]},{"@type":"BreadcrumbList","@id":"https:\/\/sp-legal.pl\/en\/paulina-sommerrey\/#breadcrumb","itemListElement":[{"@type":"ListItem","position":1,"name":"Strona g\u0142\u00f3wna","item":"https:\/\/sp-legal.pl\/en\/"},{"@type":"ListItem","position":2,"name":"Paulina Sommerrey"}]},{"@type":"WebSite","@id":"https:\/\/sp-legal.pl\/#website","url":"https:\/\/sp-legal.pl\/","name":"attorney-at-law| Law Firm | Poznan | Warsaw","description":"","potentialAction":[{"@type":"SearchAction","target":{"@type":"EntryPoint","urlTemplate":"https:\/\/sp-legal.pl\/?s={search_term_string}"},"query-input":"required name=search_term_string"}],"inLanguage":"en-US"}]}},"_links":{"self":[{"href":"https:\/\/sp-legal.pl\/en\/wp-json\/wp\/v2\/pages\/1855"}],"collection":[{"href":"https:\/\/sp-legal.pl\/en\/wp-json\/wp\/v2\/pages"}],"about":[{"href":"https:\/\/sp-legal.pl\/en\/wp-json\/wp\/v2\/types\/page"}],"author":[{"embeddable":true,"href":"https:\/\/sp-legal.pl\/en\/wp-json\/wp\/v2\/users\/4"}],"replies":[{"embeddable":true,"href":"https:\/\/sp-legal.pl\/en\/wp-json\/wp\/v2\/comments?post=1855"}],"version-history":[{"count":2,"href":"https:\/\/sp-legal.pl\/en\/wp-json\/wp\/v2\/pages\/1855\/revisions"}],"predecessor-version":[{"id":3248,"href":"https:\/\/sp-legal.pl\/en\/wp-json\/wp\/v2\/pages\/1855\/revisions\/3248"}],"wp:featuredmedia":[{"embeddable":true,"href":"https:\/\/sp-legal.pl\/en\/wp-json\/wp\/v2\/media\/3674"}],"wp:attachment":[{"href":"https:\/\/sp-legal.pl\/en\/wp-json\/wp\/v2\/media?parent=1855"}],"curies":[{"name":"wp","href":"https:\/\/api.w.org\/{rel}","templated":true}]}}