{"id":1864,"date":"2015-03-30T10:48:36","date_gmt":"2015-03-30T08:48:36","guid":{"rendered":"http:\/\/sp-legal.pl\/marcin-nowaczyk-2\/"},"modified":"2023-05-13T14:12:29","modified_gmt":"2023-05-13T12:12:29","slug":"marcin-nowaczyk","status":"publish","type":"page","link":"https:\/\/sp-legal.pl\/en\/marcin-nowaczyk\/","title":{"rendered":"Marcin Nowaczyk"},"content":{"rendered":"<p>Specialises in debt recovery and debt restructuring. Has long experience in civil law and economic law.<\/p>\n<p>Represented numerous entrepreneurs and natural persons in court cases before common courts.<\/p>\n<p>Graduated from the Adam Mickiewicz University in Pozna\u0144. attorney-at-law since 2005, member of the Regional Bar Association in Bydgoszcz.<\/p>\n<p>Devotes his free time to travelling and diving.<\/p>\n<p>Language: English<\/p>\n","protected":false},"excerpt":{"rendered":"<p>Specialises in debt recovery and debt restructuring. Has long experience in civil law and economic law. Represented numerous entrepreneurs and natural persons in court cases before common courts. Graduated from the Adam Mickiewicz University in Pozna\u0144. attorney-at-law since 2005, member of the Regional Bar Association in Bydgoszcz. Devotes his free time to travelling and diving. [&hellip;]<\/p>\n","protected":false},"author":4,"featured_media":36381,"parent":0,"menu_order":0,"comment_status":"closed","ping_status":"closed","template":"page-expert.php","meta":{"footnotes":""},"class_list":["post-1864","page","type-page","status-publish","has-post-thumbnail","hentry"],"acf":[],"yoast_head":"<!-- This site is optimized with the Yoast SEO plugin v20.11 - https:\/\/yoast.com\/wordpress\/plugins\/seo\/ -->\n<title>Marcin Nowaczyk - Radca prawny - Kancelaria S&amp;P<\/title>\n<meta name=\"description\" content=\"Radca prawny, specjalizuje si\u0119 w windykacjach nale\u017cno\u015bci oraz restrukturyzacji zad\u0142u\u017ce\u0144. Posiada wieloletnie do\u015bwiadczenie z zakresu prawa cywilnego i gospodarczego.\" \/>\n<meta name=\"robots\" content=\"index, follow, max-snippet:-1, max-image-preview:large, max-video-preview:-1\" \/>\n<link rel=\"canonical\" href=\"https:\/\/sp-legal.pl\/en\/marcin-nowaczyk\/\" \/>\n<meta property=\"og:locale\" content=\"en_US\" \/>\n<meta property=\"og:type\" content=\"article\" \/>\n<meta property=\"og:title\" content=\"Marcin Nowaczyk - Radca prawny - Kancelaria S&amp;P\" \/>\n<meta property=\"og:description\" content=\"Radca prawny, specjalizuje si\u0119 w windykacjach nale\u017cno\u015bci oraz restrukturyzacji zad\u0142u\u017ce\u0144. Posiada wieloletnie do\u015bwiadczenie z zakresu prawa cywilnego i gospodarczego.\" \/>\n<meta property=\"og:url\" content=\"https:\/\/sp-legal.pl\/en\/marcin-nowaczyk\/\" \/>\n<meta property=\"og:site_name\" content=\"attorney-at-law| Law Firm | Poznan | Warsaw\" \/>\n<meta property=\"article:modified_time\" content=\"2023-05-13T12:12:29+00:00\" \/>\n<meta property=\"og:image\" content=\"https:\/\/sp-legal.pl\/wp-content\/uploads\/2023\/05\/marcin_nowaczyk_small.jpg\" \/>\n\t<meta property=\"og:image:width\" content=\"300\" \/>\n\t<meta property=\"og:image:height\" content=\"300\" \/>\n\t<meta property=\"og:image:type\" content=\"image\/jpeg\" \/>\n<meta name=\"twitter:label1\" content=\"Est. reading time\" \/>\n\t<meta name=\"twitter:data1\" content=\"1 minute\" \/>\n<script type=\"application\/ld+json\" class=\"yoast-schema-graph\">{\"@context\":\"https:\/\/schema.org\",\"@graph\":[{\"@type\":\"WebPage\",\"@id\":\"https:\/\/sp-legal.pl\/en\/marcin-nowaczyk\/\",\"url\":\"https:\/\/sp-legal.pl\/en\/marcin-nowaczyk\/\",\"name\":\"Marcin Nowaczyk - Radca prawny - Kancelaria S&P\",\"isPartOf\":{\"@id\":\"https:\/\/sp-legal.pl\/#website\"},\"datePublished\":\"2015-03-30T08:48:36+00:00\",\"dateModified\":\"2023-05-13T12:12:29+00:00\",\"description\":\"Radca prawny, specjalizuje si\u0119 w windykacjach nale\u017cno\u015bci oraz restrukturyzacji zad\u0142u\u017ce\u0144. Posiada wieloletnie do\u015bwiadczenie z zakresu prawa cywilnego i gospodarczego.\",\"breadcrumb\":{\"@id\":\"https:\/\/sp-legal.pl\/en\/marcin-nowaczyk\/#breadcrumb\"},\"inLanguage\":\"en-US\",\"potentialAction\":[{\"@type\":\"ReadAction\",\"target\":[\"https:\/\/sp-legal.pl\/en\/marcin-nowaczyk\/\"]}]},{\"@type\":\"BreadcrumbList\",\"@id\":\"https:\/\/sp-legal.pl\/en\/marcin-nowaczyk\/#breadcrumb\",\"itemListElement\":[{\"@type\":\"ListItem\",\"position\":1,\"name\":\"Strona g\u0142\u00f3wna\",\"item\":\"https:\/\/sp-legal.pl\/en\/\"},{\"@type\":\"ListItem\",\"position\":2,\"name\":\"Marcin Nowaczyk\"}]},{\"@type\":\"WebSite\",\"@id\":\"https:\/\/sp-legal.pl\/#website\",\"url\":\"https:\/\/sp-legal.pl\/\",\"name\":\"attorney-at-law| Law Firm | Poznan | Warsaw\",\"description\":\"\",\"potentialAction\":[{\"@type\":\"SearchAction\",\"target\":{\"@type\":\"EntryPoint\",\"urlTemplate\":\"https:\/\/sp-legal.pl\/?s={search_term_string}\"},\"query-input\":\"required name=search_term_string\"}],\"inLanguage\":\"en-US\"}]}<\/script>\n<!-- \/ Yoast SEO plugin. -->","yoast_head_json":{"title":"Marcin Nowaczyk - Radca prawny - Kancelaria S&P","description":"Radca prawny, specjalizuje si\u0119 w windykacjach nale\u017cno\u015bci oraz restrukturyzacji zad\u0142u\u017ce\u0144. Posiada wieloletnie do\u015bwiadczenie z zakresu prawa cywilnego i gospodarczego.","robots":{"index":"index","follow":"follow","max-snippet":"max-snippet:-1","max-image-preview":"max-image-preview:large","max-video-preview":"max-video-preview:-1"},"canonical":"https:\/\/sp-legal.pl\/en\/marcin-nowaczyk\/","og_locale":"en_US","og_type":"article","og_title":"Marcin Nowaczyk - Radca prawny - Kancelaria S&P","og_description":"Radca prawny, specjalizuje si\u0119 w windykacjach nale\u017cno\u015bci oraz restrukturyzacji zad\u0142u\u017ce\u0144. Posiada wieloletnie do\u015bwiadczenie z zakresu prawa cywilnego i gospodarczego.","og_url":"https:\/\/sp-legal.pl\/en\/marcin-nowaczyk\/","og_site_name":"attorney-at-law| Law Firm | Poznan | Warsaw","article_modified_time":"2023-05-13T12:12:29+00:00","og_image":[{"width":300,"height":300,"url":"https:\/\/sp-legal.pl\/wp-content\/uploads\/2023\/05\/marcin_nowaczyk_small.jpg","type":"image\/jpeg"}],"twitter_misc":{"Est. reading time":"1 minute"},"schema":{"@context":"https:\/\/schema.org","@graph":[{"@type":"WebPage","@id":"https:\/\/sp-legal.pl\/en\/marcin-nowaczyk\/","url":"https:\/\/sp-legal.pl\/en\/marcin-nowaczyk\/","name":"Marcin Nowaczyk - Radca prawny - Kancelaria S&P","isPartOf":{"@id":"https:\/\/sp-legal.pl\/#website"},"datePublished":"2015-03-30T08:48:36+00:00","dateModified":"2023-05-13T12:12:29+00:00","description":"Radca prawny, specjalizuje si\u0119 w windykacjach nale\u017cno\u015bci oraz restrukturyzacji zad\u0142u\u017ce\u0144. Posiada wieloletnie do\u015bwiadczenie z zakresu prawa cywilnego i gospodarczego.","breadcrumb":{"@id":"https:\/\/sp-legal.pl\/en\/marcin-nowaczyk\/#breadcrumb"},"inLanguage":"en-US","potentialAction":[{"@type":"ReadAction","target":["https:\/\/sp-legal.pl\/en\/marcin-nowaczyk\/"]}]},{"@type":"BreadcrumbList","@id":"https:\/\/sp-legal.pl\/en\/marcin-nowaczyk\/#breadcrumb","itemListElement":[{"@type":"ListItem","position":1,"name":"Strona g\u0142\u00f3wna","item":"https:\/\/sp-legal.pl\/en\/"},{"@type":"ListItem","position":2,"name":"Marcin Nowaczyk"}]},{"@type":"WebSite","@id":"https:\/\/sp-legal.pl\/#website","url":"https:\/\/sp-legal.pl\/","name":"attorney-at-law| Law Firm | Poznan | Warsaw","description":"","potentialAction":[{"@type":"SearchAction","target":{"@type":"EntryPoint","urlTemplate":"https:\/\/sp-legal.pl\/?s={search_term_string}"},"query-input":"required name=search_term_string"}],"inLanguage":"en-US"}]}},"_links":{"self":[{"href":"https:\/\/sp-legal.pl\/en\/wp-json\/wp\/v2\/pages\/1864"}],"collection":[{"href":"https:\/\/sp-legal.pl\/en\/wp-json\/wp\/v2\/pages"}],"about":[{"href":"https:\/\/sp-legal.pl\/en\/wp-json\/wp\/v2\/types\/page"}],"author":[{"embeddable":true,"href":"https:\/\/sp-legal.pl\/en\/wp-json\/wp\/v2\/users\/4"}],"replies":[{"embeddable":true,"href":"https:\/\/sp-legal.pl\/en\/wp-json\/wp\/v2\/comments?post=1864"}],"version-history":[{"count":1,"href":"https:\/\/sp-legal.pl\/en\/wp-json\/wp\/v2\/pages\/1864\/revisions"}],"predecessor-version":[{"id":1865,"href":"https:\/\/sp-legal.pl\/en\/wp-json\/wp\/v2\/pages\/1864\/revisions\/1865"}],"wp:featuredmedia":[{"embeddable":true,"href":"https:\/\/sp-legal.pl\/en\/wp-json\/wp\/v2\/media\/36381"}],"wp:attachment":[{"href":"https:\/\/sp-legal.pl\/en\/wp-json\/wp\/v2\/media?parent=1864"}],"curies":[{"name":"wp","href":"https:\/\/api.w.org\/{rel}","templated":true}]}}