{"id":1899,"date":"2015-03-24T09:56:20","date_gmt":"2015-03-24T08:56:20","guid":{"rendered":"http:\/\/sp-legal.pl\/optymalizacja-i-wsparcie-podatkowe-2\/"},"modified":"2023-03-27T17:30:27","modified_gmt":"2023-03-27T15:30:27","slug":"tax-optimisation-and-support","status":"publish","type":"page","link":"https:\/\/sp-legal.pl\/en\/tax-optimisation-and-support\/","title":{"rendered":"Tax optimisation and support"},"content":{"rendered":"<p><strong>Tax optimisation and tax support<\/strong> for our Clients&#8217; businesses is an indispensable part of our work. It is our priority to make sure that the solutions offered by the law firm minimise tax and fiscal burden on the part of the Client to the biggest possible extent.<\/p>\n<h2><span style=\"color: #d4335f;\">Tax consequences of enterprises and investments<\/span><\/h2>\n<p>Before proceeding to the implementation of a new investment, one should think about the tax consequences involved in the transaction. Solutions which do not alter the nature of the enterprise and positively affect the related tax liabilities should be developed. Our lawyers are proficient in such matters. After performing a thorough analysis and assessment of the tax consequences of enterprises, the lawyers will say what measures are to be taken in order to minimise the fiscal burden.<\/p>\n<h2><span style=\"color: #d4335f;\">Investment strategies and restructuring scenarios<\/span><\/h2>\n<p>We draw up tax-optimised investment strategies and capital and business restructuring scenarios for our clients. Developing a good strategy requires conducting in-depth analyses and taking into consideration the specific character of a particular business. Restructuring processes, both business- and capital-related, in compliance with the currently applicable provisions of the tax law as well as civil and commercial law regulations allows for implementing solutions which reduce costs incurred by entrepreneurs. Such projects, therefore, become more profitable and attractive.<\/p>\n<h2><span style=\"color: #d4335f;\">Transaction consulting<\/span><\/h2>\n<p>Transaction consulting includes due diligence examinations, transaction structuring and analysis of transaction documents. Upon request, we perform a thorough analysis of the company&#8217;s commercial, financial, legal and tax situation (due diligence). This will enable us to identify chances and risks before proceeding to talks related to a particular capital transaction.<\/p>\n<h2><span style=\"color: #d4335f;\">Transfer pricing analysis<\/span><\/h2>\n<p>We will verify the correctness of documents pertaining to transaction prices. If necessary, we will draw up documents to make sure that transactions conducted by our Clients are compliant with the applicable provisions of the law.<\/p>\n<h2><span style=\"color: #d4335f;\">Preparing tax optimisation plans<\/span><\/h2>\n<p>We will develop and implement detailed optimisation plans for enterprises and we will advise on ways to reduce tax liabilities. Our objective is to build a long-term tax strategy for our Clients so that they can plan investments and broadly understood financial matters in advance, taking the reduced tax burden into account.<\/p>\n","protected":false},"excerpt":{"rendered":"<p>Tax optimisation and tax support for our Clients&#8217; businesses is an indispensable part of our work. It is our priority to make sure that the solutions offered by the law firm minimise tax and fiscal burden on the part of the Client to the biggest possible extent. Tax consequences of enterprises and investments Before proceeding [&hellip;]<\/p>\n","protected":false},"author":4,"featured_media":1717,"parent":0,"menu_order":5,"comment_status":"closed","ping_status":"closed","template":"page-offer.php","meta":{"footnotes":""},"class_list":["post-1899","page","type-page","status-publish","has-post-thumbnail","hentry"],"acf":[],"yoast_head":"<!-- This site is optimized with the Yoast SEO plugin v20.11 - https:\/\/yoast.com\/wordpress\/plugins\/seo\/ -->\n<title>Optymalizacja i wsparcie podatkowe - Kancelaria S&amp;P<\/title>\n<meta name=\"description\" content=\"Wsparcie podatkowe i optymalizacja podatkowa dzia\u0142alno\u015bci, z zastosowaniem dozwolonych prawnie rozwi\u0105za\u0144, pozwala znacznie obni\u017cy\u0107 obci\u0105\u017cenia wobec fiskusa.\" \/>\n<meta name=\"robots\" content=\"index, follow, max-snippet:-1, max-image-preview:large, max-video-preview:-1\" \/>\n<link rel=\"canonical\" href=\"https:\/\/sp-legal.pl\/en\/tax-optimisation-and-support\/\" \/>\n<meta property=\"og:locale\" content=\"en_US\" \/>\n<meta property=\"og:type\" content=\"article\" \/>\n<meta property=\"og:title\" content=\"Optymalizacja i wsparcie podatkowe - Kancelaria S&amp;P\" \/>\n<meta property=\"og:description\" content=\"Wsparcie podatkowe i optymalizacja podatkowa dzia\u0142alno\u015bci, z zastosowaniem dozwolonych prawnie rozwi\u0105za\u0144, pozwala znacznie obni\u017cy\u0107 obci\u0105\u017cenia wobec fiskusa.\" \/>\n<meta property=\"og:url\" content=\"https:\/\/sp-legal.pl\/en\/tax-optimisation-and-support\/\" \/>\n<meta property=\"og:site_name\" content=\"attorney-at-law| Law Firm | Poznan | Warsaw\" \/>\n<meta property=\"article:modified_time\" content=\"2023-03-27T15:30:27+00:00\" \/>\n<meta property=\"og:image\" content=\"https:\/\/sp-legal.pl\/wp-content\/uploads\/2015\/03\/optymalizacja-podatkowa-ikona-01-01.png\" \/>\n\t<meta property=\"og:image:width\" content=\"694\" \/>\n\t<meta property=\"og:image:height\" content=\"602\" \/>\n\t<meta property=\"og:image:type\" content=\"image\/png\" \/>\n<meta name=\"twitter:label1\" content=\"Est. reading time\" \/>\n\t<meta name=\"twitter:data1\" content=\"3 minutes\" \/>\n<script type=\"application\/ld+json\" class=\"yoast-schema-graph\">{\"@context\":\"https:\/\/schema.org\",\"@graph\":[{\"@type\":\"WebPage\",\"@id\":\"https:\/\/sp-legal.pl\/en\/tax-optimisation-and-support\/\",\"url\":\"https:\/\/sp-legal.pl\/en\/tax-optimisation-and-support\/\",\"name\":\"Optymalizacja i wsparcie podatkowe - Kancelaria S&P\",\"isPartOf\":{\"@id\":\"https:\/\/sp-legal.pl\/#website\"},\"datePublished\":\"2015-03-24T08:56:20+00:00\",\"dateModified\":\"2023-03-27T15:30:27+00:00\",\"description\":\"Wsparcie podatkowe i optymalizacja podatkowa dzia\u0142alno\u015bci, z zastosowaniem dozwolonych prawnie rozwi\u0105za\u0144, pozwala znacznie obni\u017cy\u0107 obci\u0105\u017cenia wobec fiskusa.\",\"breadcrumb\":{\"@id\":\"https:\/\/sp-legal.pl\/en\/tax-optimisation-and-support\/#breadcrumb\"},\"inLanguage\":\"en-US\",\"potentialAction\":[{\"@type\":\"ReadAction\",\"target\":[\"https:\/\/sp-legal.pl\/en\/tax-optimisation-and-support\/\"]}]},{\"@type\":\"BreadcrumbList\",\"@id\":\"https:\/\/sp-legal.pl\/en\/tax-optimisation-and-support\/#breadcrumb\",\"itemListElement\":[{\"@type\":\"ListItem\",\"position\":1,\"name\":\"Strona g\u0142\u00f3wna\",\"item\":\"https:\/\/sp-legal.pl\/en\/\"},{\"@type\":\"ListItem\",\"position\":2,\"name\":\"Tax optimisation and support\"}]},{\"@type\":\"WebSite\",\"@id\":\"https:\/\/sp-legal.pl\/#website\",\"url\":\"https:\/\/sp-legal.pl\/\",\"name\":\"attorney-at-law| Law Firm | Poznan | Warsaw\",\"description\":\"\",\"potentialAction\":[{\"@type\":\"SearchAction\",\"target\":{\"@type\":\"EntryPoint\",\"urlTemplate\":\"https:\/\/sp-legal.pl\/?s={search_term_string}\"},\"query-input\":\"required name=search_term_string\"}],\"inLanguage\":\"en-US\"}]}<\/script>\n<!-- \/ Yoast SEO plugin. -->","yoast_head_json":{"title":"Optymalizacja i wsparcie podatkowe - Kancelaria S&P","description":"Wsparcie podatkowe i optymalizacja podatkowa dzia\u0142alno\u015bci, z zastosowaniem dozwolonych prawnie rozwi\u0105za\u0144, pozwala znacznie obni\u017cy\u0107 obci\u0105\u017cenia wobec fiskusa.","robots":{"index":"index","follow":"follow","max-snippet":"max-snippet:-1","max-image-preview":"max-image-preview:large","max-video-preview":"max-video-preview:-1"},"canonical":"https:\/\/sp-legal.pl\/en\/tax-optimisation-and-support\/","og_locale":"en_US","og_type":"article","og_title":"Optymalizacja i wsparcie podatkowe - Kancelaria S&P","og_description":"Wsparcie podatkowe i optymalizacja podatkowa dzia\u0142alno\u015bci, z zastosowaniem dozwolonych prawnie rozwi\u0105za\u0144, pozwala znacznie obni\u017cy\u0107 obci\u0105\u017cenia wobec fiskusa.","og_url":"https:\/\/sp-legal.pl\/en\/tax-optimisation-and-support\/","og_site_name":"attorney-at-law| Law Firm | Poznan | Warsaw","article_modified_time":"2023-03-27T15:30:27+00:00","og_image":[{"width":694,"height":602,"url":"https:\/\/sp-legal.pl\/wp-content\/uploads\/2015\/03\/optymalizacja-podatkowa-ikona-01-01.png","type":"image\/png"}],"twitter_misc":{"Est. reading time":"3 minutes"},"schema":{"@context":"https:\/\/schema.org","@graph":[{"@type":"WebPage","@id":"https:\/\/sp-legal.pl\/en\/tax-optimisation-and-support\/","url":"https:\/\/sp-legal.pl\/en\/tax-optimisation-and-support\/","name":"Optymalizacja i wsparcie podatkowe - Kancelaria S&P","isPartOf":{"@id":"https:\/\/sp-legal.pl\/#website"},"datePublished":"2015-03-24T08:56:20+00:00","dateModified":"2023-03-27T15:30:27+00:00","description":"Wsparcie podatkowe i optymalizacja podatkowa dzia\u0142alno\u015bci, z zastosowaniem dozwolonych prawnie rozwi\u0105za\u0144, pozwala znacznie obni\u017cy\u0107 obci\u0105\u017cenia wobec fiskusa.","breadcrumb":{"@id":"https:\/\/sp-legal.pl\/en\/tax-optimisation-and-support\/#breadcrumb"},"inLanguage":"en-US","potentialAction":[{"@type":"ReadAction","target":["https:\/\/sp-legal.pl\/en\/tax-optimisation-and-support\/"]}]},{"@type":"BreadcrumbList","@id":"https:\/\/sp-legal.pl\/en\/tax-optimisation-and-support\/#breadcrumb","itemListElement":[{"@type":"ListItem","position":1,"name":"Strona g\u0142\u00f3wna","item":"https:\/\/sp-legal.pl\/en\/"},{"@type":"ListItem","position":2,"name":"Tax optimisation and support"}]},{"@type":"WebSite","@id":"https:\/\/sp-legal.pl\/#website","url":"https:\/\/sp-legal.pl\/","name":"attorney-at-law| Law Firm | Poznan | Warsaw","description":"","potentialAction":[{"@type":"SearchAction","target":{"@type":"EntryPoint","urlTemplate":"https:\/\/sp-legal.pl\/?s={search_term_string}"},"query-input":"required name=search_term_string"}],"inLanguage":"en-US"}]}},"_links":{"self":[{"href":"https:\/\/sp-legal.pl\/en\/wp-json\/wp\/v2\/pages\/1899"}],"collection":[{"href":"https:\/\/sp-legal.pl\/en\/wp-json\/wp\/v2\/pages"}],"about":[{"href":"https:\/\/sp-legal.pl\/en\/wp-json\/wp\/v2\/types\/page"}],"author":[{"embeddable":true,"href":"https:\/\/sp-legal.pl\/en\/wp-json\/wp\/v2\/users\/4"}],"replies":[{"embeddable":true,"href":"https:\/\/sp-legal.pl\/en\/wp-json\/wp\/v2\/comments?post=1899"}],"version-history":[{"count":4,"href":"https:\/\/sp-legal.pl\/en\/wp-json\/wp\/v2\/pages\/1899\/revisions"}],"predecessor-version":[{"id":36311,"href":"https:\/\/sp-legal.pl\/en\/wp-json\/wp\/v2\/pages\/1899\/revisions\/36311"}],"wp:featuredmedia":[{"embeddable":true,"href":"https:\/\/sp-legal.pl\/en\/wp-json\/wp\/v2\/media\/1717"}],"wp:attachment":[{"href":"https:\/\/sp-legal.pl\/en\/wp-json\/wp\/v2\/media?parent=1899"}],"curies":[{"name":"wp","href":"https:\/\/api.w.org\/{rel}","templated":true}]}}