{"id":1902,"date":"2014-08-15T20:24:27","date_gmt":"2014-08-15T18:24:27","guid":{"rendered":"http:\/\/sp-legal.pl\/obsluga-korporacyjna-2\/"},"modified":"2025-05-16T20:41:13","modified_gmt":"2025-05-16T18:41:13","slug":"corporate-law-services","status":"publish","type":"page","link":"https:\/\/sp-legal.pl\/en\/corporate-law-services\/","title":{"rendered":"Corporate Matters"},"content":{"rendered":"\n<p>Corporate services for businesses are one of the key specializations of our law firm. Thanks to the extensive experience of our team of specialists, we are able to provide comprehensive services to any business. The corporate services we offer cover all aspects of running a business, including but not limited to:<\/p>\n\n\n\n<p><strong>Company Registration<\/strong><strong><br><\/strong>Our commercial law experts assist in establishing a new company comprehensively. After analyzing the business plan, they will advise on the best form for the company and propose the most economically viable solutions. They will prepare the necessary documentation, including agreements and regulations. They will carry out the registration process as quickly as possible, and the service also includes representation before the registration court.<\/p>\n\n\n\n<p><strong>Mergers, Divisions, and Transformations of Companies<\/strong><strong><br><\/strong>Business restructuring is often associated with organisational changes in companies. The processes of mergers, divisions and transformations of companies and sole proprietorships must be carefully prepared with the assistance of qualified experts.<\/p>\n\n\n\n<p>At Sommerrey &amp; Partners we have carried out many such procedures. Our lawyers handle all the formalities, plan the entire process and keep clients informed of progress at every stage. Experienced tax advisors work with S&amp;P to develop optimal solutions tailored to your business.<\/p>\n\n\n\n<p><strong>Drafting and Reviewing Corporate Documentation<\/strong><strong><br><\/strong>Running a company involves not only business operations but also the need to comply with various formalities. We provide our clients with the preparation of internal documentation related to daily operations, such as company agreements, statutes, regulations, minutes, and resolutions passed at board meetings. As a part of our corporate services, we also offer support in negotiating all types of contracts with external partners (cooperation agreements, investment agreements, etc.). We prepare all documents related to corporate governance, including regulations, share ledgers, stock registers, minute books, and many others.<\/p>\n\n\n\n<p><strong>Support for Internal Company Operations<\/strong><\/p>\n\n\n\n<ul class=\"wp-block-list\">\n<li><strong>Representation at Meetings<\/strong><strong><br><\/strong>Shareholders\u2019 meetings or general meetings often take a significant amount of time. Sommerrey &amp; Partners\u2019 lawyers, with the provided powers of attorney, may represent clients during these meetings. We may also participate as experts or advisors, providing opinions on the matters discussed. By going beyond the traditional lawyer\u2019s role, we save clients time and handle their matters with true dedication.<\/li>\n\n\n\n<li><strong>Drafting Agreements Between Shareholders<\/strong><strong><br><\/strong>Cooperation between shareholders is essential for the proper functioning and growth of a company. It must be predictable, systematic and based on solid legal foundations. As a large number of our clients are companies, we have the necessary experience to professionally negotiate, draft and support the implementation of agreements between shareholders. This ensures the stability of the business and protects it from the problems that often arise from disagreements or conflicts between shareholders.<\/li>\n\n\n\n<li><strong>Resolving Disputes Between Shareholders or Partners<\/strong><strong><br><\/strong>Running a business can sometimes lead to tension and conflict between shareholders or partners. In such circumstances, our lawyers are ready to resolve disputes quickly. They have the expertise and negotiation skills necessary to resolve conflicts swiftly and effectively, ensuring that the business is not exposed to the negative consequences of disputes. By entrusting us with corporate matters, clients can be confident that any conflicts will be resolved efficiently.<\/li>\n<\/ul>\n\n\n\n<p><strong>Legal Support for Listed Companies and Companies Seeking Listing on NewConnect<\/strong><strong><br><\/strong>Sommerrey &amp; Partners also provides legal support to listed companies and those seeking a listing on the NewConnect market. We provide legal assistance in areas such as complying with disclosure requirements, organising and facilitating general meetings, and drafting and adapting corporate documentation for listed companies or companies seeking to list. We provide legal assistance in raising capital through share issues.<\/p>\n\n\n\n<p><strong>Advisory on the Sale and Purchase of Businesses<\/strong><strong><br><\/strong>What should you do when your company is growing rapidly? Maybe it\u2019s time to acquire another company and expand your business? Or perhaps it\u2019s better to sell your business while its value is at its peak? Our specialists\u2014lawyers and business advisors\u2014will recommend the most beneficial solution at the time. We provide comprehensive services, from checking the financial condition and legal status of a future business partner, through negotiating the terms of the planned investment, to preparing the investment agreement. We guide our clients through this process from start to finish, ensuring ongoing communication about the implementation of each element. Additionally, we take care of the tax aspect of the transaction.<\/p>\n\n\n\n<p><strong>Advisory on the Purchase and Sale of Shares in Capital Companies<\/strong><strong><br><\/strong>Contrary to appearances, share transactions are complicated and subject to many legal requirements. We provide comprehensive support in matters relating to the purchase and sale of shares in limited companies. We prepare the appropriate documents and advise on the best solutions from both a legal and tax perspective.<\/p>\n\n\n\n<p><strong>Liability of Management Board Members for the Obligations of a Limited Liability Company (LLC)<\/strong><strong><br><\/strong>Creditors often pursue management board members for the company\u2019s debts after unsuccessful enforcement against the company, as permitted by the Commercial Companies Code. We have extensive experience in representing both creditors and management board members in such cases. We represent our clients in negotiations and court proceedings related to this matter.<\/p>\n","protected":false},"excerpt":{"rendered":"<p>Corporate services for businesses are one of the key specializations of our law firm. Thanks to the extensive experience of our team of specialists, we are able to provide comprehensive services to any business. The corporate services we offer cover all aspects of running a business, including but not limited to: Company RegistrationOur commercial law [&hellip;]<\/p>\n","protected":false},"author":4,"featured_media":1430,"parent":0,"menu_order":1,"comment_status":"closed","ping_status":"closed","template":"page-offer.php","meta":{"footnotes":""},"class_list":["post-1902","page","type-page","status-publish","has-post-thumbnail","hentry"],"acf":[],"yoast_head":"<!-- This site is optimized with the Yoast SEO plugin v20.11 - https:\/\/yoast.com\/wordpress\/plugins\/seo\/ -->\n<title>Obs\u0142uga korporacyjna | Kancelaria | Pozna\u0144 | Warszawa<\/title>\n<meta name=\"description\" content=\"Obs\u0142uga korporacyjna przedsi\u0119biorstw jest jedn\u0105 z g\u0142\u00f3wnych specjalizacji Kancelarii Sommerrey &amp; Partners. \u015awiadczymy us\u0142ugi prawne na najwy\u017cszym poziomie.\" \/>\n<meta name=\"robots\" content=\"index, follow, max-snippet:-1, max-image-preview:large, max-video-preview:-1\" \/>\n<link rel=\"canonical\" href=\"https:\/\/sp-legal.pl\/en\/corporate-law-services\/\" \/>\n<meta property=\"og:locale\" content=\"en_US\" \/>\n<meta property=\"og:type\" content=\"article\" \/>\n<meta property=\"og:title\" content=\"Obs\u0142uga korporacyjna | Kancelaria | Pozna\u0144 | Warszawa\" \/>\n<meta property=\"og:description\" content=\"Obs\u0142uga korporacyjna przedsi\u0119biorstw jest jedn\u0105 z g\u0142\u00f3wnych specjalizacji Kancelarii Sommerrey &amp; Partners. \u015awiadczymy us\u0142ugi prawne na najwy\u017cszym poziomie.\" \/>\n<meta property=\"og:url\" content=\"https:\/\/sp-legal.pl\/en\/corporate-law-services\/\" \/>\n<meta property=\"og:site_name\" content=\"attorney-at-law| Law Firm | Poznan | Warsaw\" \/>\n<meta property=\"article:modified_time\" content=\"2025-05-16T18:41:13+00:00\" \/>\n<meta property=\"og:image\" content=\"https:\/\/sp-legal.pl\/wp-content\/uploads\/2014\/08\/obsluga-korporacyjna1.png\" \/>\n\t<meta property=\"og:image:width\" content=\"166\" \/>\n\t<meta property=\"og:image:height\" content=\"162\" \/>\n\t<meta property=\"og:image:type\" content=\"image\/png\" \/>\n<meta name=\"twitter:label1\" content=\"Est. reading time\" \/>\n\t<meta name=\"twitter:data1\" content=\"5 minutes\" \/>\n<script type=\"application\/ld+json\" class=\"yoast-schema-graph\">{\"@context\":\"https:\/\/schema.org\",\"@graph\":[{\"@type\":\"WebPage\",\"@id\":\"https:\/\/sp-legal.pl\/en\/corporate-law-services\/\",\"url\":\"https:\/\/sp-legal.pl\/en\/corporate-law-services\/\",\"name\":\"Obs\u0142uga korporacyjna | Kancelaria | Pozna\u0144 | Warszawa\",\"isPartOf\":{\"@id\":\"https:\/\/sp-legal.pl\/#website\"},\"datePublished\":\"2014-08-15T18:24:27+00:00\",\"dateModified\":\"2025-05-16T18:41:13+00:00\",\"description\":\"Obs\u0142uga korporacyjna przedsi\u0119biorstw jest jedn\u0105 z g\u0142\u00f3wnych specjalizacji Kancelarii Sommerrey & Partners. \u015awiadczymy us\u0142ugi prawne na najwy\u017cszym poziomie.\",\"breadcrumb\":{\"@id\":\"https:\/\/sp-legal.pl\/en\/corporate-law-services\/#breadcrumb\"},\"inLanguage\":\"en-US\",\"potentialAction\":[{\"@type\":\"ReadAction\",\"target\":[\"https:\/\/sp-legal.pl\/en\/corporate-law-services\/\"]}]},{\"@type\":\"BreadcrumbList\",\"@id\":\"https:\/\/sp-legal.pl\/en\/corporate-law-services\/#breadcrumb\",\"itemListElement\":[{\"@type\":\"ListItem\",\"position\":1,\"name\":\"Strona g\u0142\u00f3wna\",\"item\":\"https:\/\/sp-legal.pl\/en\/\"},{\"@type\":\"ListItem\",\"position\":2,\"name\":\"Corporate Matters\"}]},{\"@type\":\"WebSite\",\"@id\":\"https:\/\/sp-legal.pl\/#website\",\"url\":\"https:\/\/sp-legal.pl\/\",\"name\":\"attorney-at-law| Law Firm | Poznan | Warsaw\",\"description\":\"\",\"potentialAction\":[{\"@type\":\"SearchAction\",\"target\":{\"@type\":\"EntryPoint\",\"urlTemplate\":\"https:\/\/sp-legal.pl\/?s={search_term_string}\"},\"query-input\":\"required name=search_term_string\"}],\"inLanguage\":\"en-US\"}]}<\/script>\n<!-- \/ Yoast SEO plugin. -->","yoast_head_json":{"title":"Obs\u0142uga korporacyjna | Kancelaria | Pozna\u0144 | Warszawa","description":"Obs\u0142uga korporacyjna przedsi\u0119biorstw jest jedn\u0105 z g\u0142\u00f3wnych specjalizacji Kancelarii Sommerrey & Partners. \u015awiadczymy us\u0142ugi prawne na najwy\u017cszym poziomie.","robots":{"index":"index","follow":"follow","max-snippet":"max-snippet:-1","max-image-preview":"max-image-preview:large","max-video-preview":"max-video-preview:-1"},"canonical":"https:\/\/sp-legal.pl\/en\/corporate-law-services\/","og_locale":"en_US","og_type":"article","og_title":"Obs\u0142uga korporacyjna | Kancelaria | Pozna\u0144 | Warszawa","og_description":"Obs\u0142uga korporacyjna przedsi\u0119biorstw jest jedn\u0105 z g\u0142\u00f3wnych specjalizacji Kancelarii Sommerrey & Partners. \u015awiadczymy us\u0142ugi prawne na najwy\u017cszym poziomie.","og_url":"https:\/\/sp-legal.pl\/en\/corporate-law-services\/","og_site_name":"attorney-at-law| Law Firm | Poznan | Warsaw","article_modified_time":"2025-05-16T18:41:13+00:00","og_image":[{"width":166,"height":162,"url":"https:\/\/sp-legal.pl\/wp-content\/uploads\/2014\/08\/obsluga-korporacyjna1.png","type":"image\/png"}],"twitter_misc":{"Est. reading time":"5 minutes"},"schema":{"@context":"https:\/\/schema.org","@graph":[{"@type":"WebPage","@id":"https:\/\/sp-legal.pl\/en\/corporate-law-services\/","url":"https:\/\/sp-legal.pl\/en\/corporate-law-services\/","name":"Obs\u0142uga korporacyjna | Kancelaria | Pozna\u0144 | Warszawa","isPartOf":{"@id":"https:\/\/sp-legal.pl\/#website"},"datePublished":"2014-08-15T18:24:27+00:00","dateModified":"2025-05-16T18:41:13+00:00","description":"Obs\u0142uga korporacyjna przedsi\u0119biorstw jest jedn\u0105 z g\u0142\u00f3wnych specjalizacji Kancelarii Sommerrey & Partners. \u015awiadczymy us\u0142ugi prawne na najwy\u017cszym poziomie.","breadcrumb":{"@id":"https:\/\/sp-legal.pl\/en\/corporate-law-services\/#breadcrumb"},"inLanguage":"en-US","potentialAction":[{"@type":"ReadAction","target":["https:\/\/sp-legal.pl\/en\/corporate-law-services\/"]}]},{"@type":"BreadcrumbList","@id":"https:\/\/sp-legal.pl\/en\/corporate-law-services\/#breadcrumb","itemListElement":[{"@type":"ListItem","position":1,"name":"Strona g\u0142\u00f3wna","item":"https:\/\/sp-legal.pl\/en\/"},{"@type":"ListItem","position":2,"name":"Corporate Matters"}]},{"@type":"WebSite","@id":"https:\/\/sp-legal.pl\/#website","url":"https:\/\/sp-legal.pl\/","name":"attorney-at-law| Law Firm | Poznan | Warsaw","description":"","potentialAction":[{"@type":"SearchAction","target":{"@type":"EntryPoint","urlTemplate":"https:\/\/sp-legal.pl\/?s={search_term_string}"},"query-input":"required name=search_term_string"}],"inLanguage":"en-US"}]}},"_links":{"self":[{"href":"https:\/\/sp-legal.pl\/en\/wp-json\/wp\/v2\/pages\/1902"}],"collection":[{"href":"https:\/\/sp-legal.pl\/en\/wp-json\/wp\/v2\/pages"}],"about":[{"href":"https:\/\/sp-legal.pl\/en\/wp-json\/wp\/v2\/types\/page"}],"author":[{"embeddable":true,"href":"https:\/\/sp-legal.pl\/en\/wp-json\/wp\/v2\/users\/4"}],"replies":[{"embeddable":true,"href":"https:\/\/sp-legal.pl\/en\/wp-json\/wp\/v2\/comments?post=1902"}],"version-history":[{"count":8,"href":"https:\/\/sp-legal.pl\/en\/wp-json\/wp\/v2\/pages\/1902\/revisions"}],"predecessor-version":[{"id":36859,"href":"https:\/\/sp-legal.pl\/en\/wp-json\/wp\/v2\/pages\/1902\/revisions\/36859"}],"wp:featuredmedia":[{"embeddable":true,"href":"https:\/\/sp-legal.pl\/en\/wp-json\/wp\/v2\/media\/1430"}],"wp:attachment":[{"href":"https:\/\/sp-legal.pl\/en\/wp-json\/wp\/v2\/media?parent=1902"}],"curies":[{"name":"wp","href":"https:\/\/api.w.org\/{rel}","templated":true}]}}