{"id":1916,"date":"2015-02-28T14:28:01","date_gmt":"2015-02-28T13:28:01","guid":{"rendered":"http:\/\/sp-legal.pl\/csr-2\/"},"modified":"2016-07-22T09:36:43","modified_gmt":"2016-07-22T07:36:43","slug":"csr","status":"publish","type":"page","link":"https:\/\/sp-legal.pl\/en\/csr\/","title":{"rendered":"CSR"},"content":{"rendered":"<p><a href=\"http:\/\/sp-legal.pl\/wp-content\/uploads\/2015\/02\/2015-03-20-FundacjaParasolka_logo-02.png\"><img loading=\"lazy\" decoding=\"async\" class=\"wp-image-1760 size-medium alignright\" src=\"http:\/\/sp-legal.pl\/wp-content\/uploads\/2015\/02\/2015-03-20-FundacjaParasolka_logo-02-300x191.png\" width=\"300\" height=\"191\" srcset=\"https:\/\/sp-legal.pl\/wp-content\/uploads\/2015\/02\/2015-03-20-FundacjaParasolka_logo-02-300x191.png 300w, https:\/\/sp-legal.pl\/wp-content\/uploads\/2015\/02\/2015-03-20-FundacjaParasolka_logo-02-768x489.png 768w, https:\/\/sp-legal.pl\/wp-content\/uploads\/2015\/02\/2015-03-20-FundacjaParasolka_logo-02-1024x652.png 1024w, https:\/\/sp-legal.pl\/wp-content\/uploads\/2015\/02\/2015-03-20-FundacjaParasolka_logo-02-600x382.png 600w, https:\/\/sp-legal.pl\/wp-content\/uploads\/2015\/02\/2015-03-20-FundacjaParasolka_logo-02.png 1038w\" sizes=\"(max-width: 300px) 100vw, 300px\" \/><\/a><\/p>\n<p>At the beginning of 2015, Paulina and Hubert Sommerrey established the <strong>Fundacja Parasolka<\/strong> foundation whose statutory objective is to <strong>actively act to help children<\/strong>whose parents found themselves in a crisis situation.<\/p>\n<p>The foundation also helps orphans, children in orphanages and in shelter and educational facilities.<\/p>\n<p>Fundacja Parasolka has been cooperating with institutions providing support to families and foster care system.<\/p>\n<p>Activities pursued by the foundation include organising fundraising events among entrepreneurs, acquiring funders and donors, organising and financing sports, recreational and cultural events whose aim is to promote the objectives of the foundation.<\/p>\n<p>Moreover, due to the fact that the foundation was established by lawyers, it also <strong>encourages pro bono legal activities<\/strong>.<\/p>\n<p>The foundation is located at the following address:<br \/>\n<strong>ul. Marceli\u0144ska 62\/7, 60-354 Pozna\u0144<\/strong><\/p>\n<p style=\"text-align: left;\">\n<p style=\"text-align: left;\">\n","protected":false},"excerpt":{"rendered":"<p>At the beginning of 2015, Paulina and Hubert Sommerrey established the Fundacja Parasolka foundation whose statutory objective is to actively act to help childrenwhose parents found themselves in a crisis situation. The foundation also helps orphans, children in orphanages and in shelter and educational facilities. Fundacja Parasolka has been cooperating with institutions providing support to [&hellip;]<\/p>\n","protected":false},"author":4,"featured_media":0,"parent":0,"menu_order":0,"comment_status":"closed","ping_status":"closed","template":"page-company.php","meta":{"footnotes":""},"class_list":["post-1916","page","type-page","status-publish","hentry"],"acf":[],"yoast_head":"<!-- This site is optimized with the Yoast SEO plugin v20.11 - https:\/\/yoast.com\/wordpress\/plugins\/seo\/ -->\n<title>CSR - Kancelaria S&amp;P<\/title>\n<meta name=\"description\" content=\"Spo\u0142eczna odpowiedzialno\u015b\u0107 jest dla nas bardzo istotnym elementem prowadzenia biznesu. Traktujemy to jako nasz\u0105 misj\u0119 i cieszymy si\u0119 mog\u0105c pomaga\u0107 innym.\" \/>\n<meta name=\"robots\" content=\"index, follow, max-snippet:-1, max-image-preview:large, max-video-preview:-1\" \/>\n<link rel=\"canonical\" href=\"https:\/\/sp-legal.pl\/en\/csr\/\" \/>\n<meta property=\"og:locale\" content=\"en_US\" \/>\n<meta property=\"og:type\" content=\"article\" \/>\n<meta property=\"og:title\" content=\"CSR - Kancelaria S&amp;P\" \/>\n<meta property=\"og:description\" content=\"Spo\u0142eczna odpowiedzialno\u015b\u0107 jest dla nas bardzo istotnym elementem prowadzenia biznesu. Traktujemy to jako nasz\u0105 misj\u0119 i cieszymy si\u0119 mog\u0105c pomaga\u0107 innym.\" \/>\n<meta property=\"og:url\" content=\"https:\/\/sp-legal.pl\/en\/csr\/\" \/>\n<meta property=\"og:site_name\" content=\"attorney-at-law| Law Firm | Poznan | Warsaw\" \/>\n<meta property=\"article:modified_time\" content=\"2016-07-22T07:36:43+00:00\" \/>\n<meta property=\"og:image\" content=\"http:\/\/sp-legal.pl\/wp-content\/uploads\/2015\/02\/2015-03-20-FundacjaParasolka_logo-02-300x191.png\" \/>\n<meta name=\"twitter:label1\" content=\"Est. reading time\" \/>\n\t<meta name=\"twitter:data1\" content=\"1 minute\" \/>\n<script type=\"application\/ld+json\" class=\"yoast-schema-graph\">{\"@context\":\"https:\/\/schema.org\",\"@graph\":[{\"@type\":\"WebPage\",\"@id\":\"https:\/\/sp-legal.pl\/en\/csr\/\",\"url\":\"https:\/\/sp-legal.pl\/en\/csr\/\",\"name\":\"CSR - Kancelaria S&P\",\"isPartOf\":{\"@id\":\"https:\/\/sp-legal.pl\/#website\"},\"datePublished\":\"2015-02-28T13:28:01+00:00\",\"dateModified\":\"2016-07-22T07:36:43+00:00\",\"description\":\"Spo\u0142eczna odpowiedzialno\u015b\u0107 jest dla nas bardzo istotnym elementem prowadzenia biznesu. Traktujemy to jako nasz\u0105 misj\u0119 i cieszymy si\u0119 mog\u0105c pomaga\u0107 innym.\",\"breadcrumb\":{\"@id\":\"https:\/\/sp-legal.pl\/en\/csr\/#breadcrumb\"},\"inLanguage\":\"en-US\",\"potentialAction\":[{\"@type\":\"ReadAction\",\"target\":[\"https:\/\/sp-legal.pl\/en\/csr\/\"]}]},{\"@type\":\"BreadcrumbList\",\"@id\":\"https:\/\/sp-legal.pl\/en\/csr\/#breadcrumb\",\"itemListElement\":[{\"@type\":\"ListItem\",\"position\":1,\"name\":\"Strona g\u0142\u00f3wna\",\"item\":\"https:\/\/sp-legal.pl\/en\/\"},{\"@type\":\"ListItem\",\"position\":2,\"name\":\"CSR\"}]},{\"@type\":\"WebSite\",\"@id\":\"https:\/\/sp-legal.pl\/#website\",\"url\":\"https:\/\/sp-legal.pl\/\",\"name\":\"attorney-at-law| Law Firm | Poznan | Warsaw\",\"description\":\"\",\"potentialAction\":[{\"@type\":\"SearchAction\",\"target\":{\"@type\":\"EntryPoint\",\"urlTemplate\":\"https:\/\/sp-legal.pl\/?s={search_term_string}\"},\"query-input\":\"required name=search_term_string\"}],\"inLanguage\":\"en-US\"}]}<\/script>\n<!-- \/ Yoast SEO plugin. -->","yoast_head_json":{"title":"CSR - Kancelaria S&P","description":"Spo\u0142eczna odpowiedzialno\u015b\u0107 jest dla nas bardzo istotnym elementem prowadzenia biznesu. Traktujemy to jako nasz\u0105 misj\u0119 i cieszymy si\u0119 mog\u0105c pomaga\u0107 innym.","robots":{"index":"index","follow":"follow","max-snippet":"max-snippet:-1","max-image-preview":"max-image-preview:large","max-video-preview":"max-video-preview:-1"},"canonical":"https:\/\/sp-legal.pl\/en\/csr\/","og_locale":"en_US","og_type":"article","og_title":"CSR - Kancelaria S&P","og_description":"Spo\u0142eczna odpowiedzialno\u015b\u0107 jest dla nas bardzo istotnym elementem prowadzenia biznesu. Traktujemy to jako nasz\u0105 misj\u0119 i cieszymy si\u0119 mog\u0105c pomaga\u0107 innym.","og_url":"https:\/\/sp-legal.pl\/en\/csr\/","og_site_name":"attorney-at-law| Law Firm | Poznan | Warsaw","article_modified_time":"2016-07-22T07:36:43+00:00","og_image":[{"url":"http:\/\/sp-legal.pl\/wp-content\/uploads\/2015\/02\/2015-03-20-FundacjaParasolka_logo-02-300x191.png"}],"twitter_misc":{"Est. reading time":"1 minute"},"schema":{"@context":"https:\/\/schema.org","@graph":[{"@type":"WebPage","@id":"https:\/\/sp-legal.pl\/en\/csr\/","url":"https:\/\/sp-legal.pl\/en\/csr\/","name":"CSR - Kancelaria S&P","isPartOf":{"@id":"https:\/\/sp-legal.pl\/#website"},"datePublished":"2015-02-28T13:28:01+00:00","dateModified":"2016-07-22T07:36:43+00:00","description":"Spo\u0142eczna odpowiedzialno\u015b\u0107 jest dla nas bardzo istotnym elementem prowadzenia biznesu. Traktujemy to jako nasz\u0105 misj\u0119 i cieszymy si\u0119 mog\u0105c pomaga\u0107 innym.","breadcrumb":{"@id":"https:\/\/sp-legal.pl\/en\/csr\/#breadcrumb"},"inLanguage":"en-US","potentialAction":[{"@type":"ReadAction","target":["https:\/\/sp-legal.pl\/en\/csr\/"]}]},{"@type":"BreadcrumbList","@id":"https:\/\/sp-legal.pl\/en\/csr\/#breadcrumb","itemListElement":[{"@type":"ListItem","position":1,"name":"Strona g\u0142\u00f3wna","item":"https:\/\/sp-legal.pl\/en\/"},{"@type":"ListItem","position":2,"name":"CSR"}]},{"@type":"WebSite","@id":"https:\/\/sp-legal.pl\/#website","url":"https:\/\/sp-legal.pl\/","name":"attorney-at-law| Law Firm | Poznan | Warsaw","description":"","potentialAction":[{"@type":"SearchAction","target":{"@type":"EntryPoint","urlTemplate":"https:\/\/sp-legal.pl\/?s={search_term_string}"},"query-input":"required name=search_term_string"}],"inLanguage":"en-US"}]}},"_links":{"self":[{"href":"https:\/\/sp-legal.pl\/en\/wp-json\/wp\/v2\/pages\/1916"}],"collection":[{"href":"https:\/\/sp-legal.pl\/en\/wp-json\/wp\/v2\/pages"}],"about":[{"href":"https:\/\/sp-legal.pl\/en\/wp-json\/wp\/v2\/types\/page"}],"author":[{"embeddable":true,"href":"https:\/\/sp-legal.pl\/en\/wp-json\/wp\/v2\/users\/4"}],"replies":[{"embeddable":true,"href":"https:\/\/sp-legal.pl\/en\/wp-json\/wp\/v2\/comments?post=1916"}],"version-history":[{"count":3,"href":"https:\/\/sp-legal.pl\/en\/wp-json\/wp\/v2\/pages\/1916\/revisions"}],"predecessor-version":[{"id":2539,"href":"https:\/\/sp-legal.pl\/en\/wp-json\/wp\/v2\/pages\/1916\/revisions\/2539"}],"wp:attachment":[{"href":"https:\/\/sp-legal.pl\/en\/wp-json\/wp\/v2\/media?parent=1916"}],"curies":[{"name":"wp","href":"https:\/\/api.w.org\/{rel}","templated":true}]}}