{"id":1936,"date":"2014-08-15T14:16:08","date_gmt":"2014-08-15T12:16:08","guid":{"rendered":"http:\/\/sp-legal.pl\/kontakt-2\/"},"modified":"2021-12-18T13:35:10","modified_gmt":"2021-12-18T12:35:10","slug":"contact","status":"publish","type":"page","link":"https:\/\/sp-legal.pl\/en\/contact\/","title":{"rendered":"Contact"},"content":{"rendered":"<div class=\"row kontakt-row\">\n<div class=\"col-md-4 col-lg-4 col-sm-4 adres-col adres-col-poznan\">\n<h2 class=\"mapka-oznaczenie\">Poznan<\/h2>\n<p><strong>Sommerrey &amp; Partners<\/strong><br \/>\nKancelaria Radc\u00f3w Prawnych Sp\u00f3\u0142ka komandytowa<br \/>\nMarceli\u0144ska 62\/7<br \/>\n60-354 Pozna\u0144<\/p>\n<p>t: + 48 61 22 23 997<br \/>\nf: +48 61 22 23 998<br \/>\ne: <a class=\"clear-href\" href=\"mailto:poznan@sp-legal.pl\">poznan@sp-legal.pl<\/a><\/p>\n<p>REGON: 301430638<br \/>\nNIP: 779-237-47-76<br \/>\nbank account number: 12 2490 0005 0000 4500 5312 5122 (Alior Bank)<\/p>\n<p>KRS: 0000939949<br \/>\nS\u0105d Rejonowy Pozna\u0144 \u2013 Nowe Miasto i Wilda w Poznaniu VIII Wydzia\u0142 Gospodarczy &#8211; Krajowego Rejestru S\u0105dowego<\/p>\n<\/div>\n<div class=\"col-md-8 col-lg-8 col-sm-8\"><\/div>\n<\/div>\n<div class=\"row kontakt-row\">\n<div class=\"col-md-4 col-lg-4 col-sm-4 adres-col\">\n<h2 class=\"mapka-oznaczenie\">Warsaw<\/h2>\n<p>Wielicka Apartments<br \/>\nul. Wielicka 43 lok. 10<br \/>\n02-657 Warszawa<\/p>\n<p>t: + 48 22 543 00 80<br \/>\nf: +48 22 543 00 89<br \/>\ne: <a class=\"clear-href\" href=\"mailto:warszawa@sp-legal.pl\">warszawa@sp-legal.pl<\/a><\/p>\n<\/div>\n<div class=\"col-md-8 col-lg-8 col-sm-8\"><\/div>\n<\/div>\n<div class=\"row formularz-row\">\n<div class=\"wpcf7 no-js\" id=\"wpcf7-f1983-o1\" lang=\"pl-PL\" dir=\"ltr\" data-wpcf7-id=\"1983\">\n<div class=\"screen-reader-response\"><p role=\"status\" aria-live=\"polite\" aria-atomic=\"true\"><\/p> <ul><\/ul><\/div>\n<form action=\"\/en\/wp-json\/wp\/v2\/pages\/1936#wpcf7-f1983-o1\" method=\"post\" class=\"wpcf7-form init\" aria-label=\"Formularz kontaktowy\" novalidate=\"novalidate\" data-status=\"init\">\n<div style=\"display: none;\">\n<input type=\"hidden\" name=\"_wpcf7\" value=\"1983\" \/>\n<input type=\"hidden\" name=\"_wpcf7_version\" value=\"6.0\" \/>\n<input type=\"hidden\" name=\"_wpcf7_locale\" value=\"pl_PL\" \/>\n<input type=\"hidden\" name=\"_wpcf7_unit_tag\" value=\"wpcf7-f1983-o1\" \/>\n<input type=\"hidden\" name=\"_wpcf7_container_post\" value=\"0\" \/>\n<input type=\"hidden\" name=\"_wpcf7_posted_data_hash\" value=\"\" \/>\n<input type=\"hidden\" name=\"_wpcf7_recaptcha_response\" value=\"\" \/>\n<\/div>\n<div class=\"col-md-6 col-sm-6 col-lg-6\">\n\t<div class=\"form-group formularz-grupa\">\n\t\t<p><label>NAME AND SURNAME <span class=\"required-mark\">*<\/span><\/label><br \/>\n<span class=\"wpcf7-form-control-wrap\" data-name=\"your-name\"><input size=\"40\" maxlength=\"400\" class=\"wpcf7-form-control wpcf7-text wpcf7-validates-as-required form-control\" aria-required=\"true\" aria-invalid=\"false\" value=\"\" type=\"text\" name=\"your-name\" \/><\/span>\n\t\t<\/p>\n\t<\/div>\n\t<div class=\"form-group formularz-grupa\">\n\t\t<p><label>E-MAIL <span class=\"required-mark\">*<\/span><\/label><br \/>\n<span class=\"wpcf7-form-control-wrap\" data-name=\"your-email\"><input size=\"40\" maxlength=\"400\" class=\"wpcf7-form-control wpcf7-email wpcf7-validates-as-required wpcf7-text wpcf7-validates-as-email form-control\" aria-required=\"true\" aria-invalid=\"false\" value=\"\" type=\"email\" name=\"your-email\" \/><\/span>\n\t\t<\/p>\n\t<\/div>\n\t<div class=\"form-group formularz-grupa\">\n\t\t<p><label>TITLE<span class=\"required-mark\">*<\/span><\/label><br \/>\n<span class=\"wpcf7-form-control-wrap\" data-name=\"your-subject\"><input size=\"40\" maxlength=\"400\" class=\"wpcf7-form-control wpcf7-text wpcf7-validates-as-required form-control\" aria-required=\"true\" aria-invalid=\"false\" value=\"\" type=\"text\" name=\"your-subject\" \/><\/span>\n\t\t<\/p>\n\t<\/div>\n<\/div>\n<div class=\"col-md-6 col-sm-6 col-lg-6\">\n\t<div class=\"form-group formularz-grupa\">\n\t\t<p><label>CONTENT<span class=\"required-mark\">*<\/span><\/label><br \/>\n<span class=\"wpcf7-form-control-wrap\" data-name=\"your-message\"><textarea cols=\"40\" rows=\"10\" maxlength=\"2000\" class=\"wpcf7-form-control wpcf7-textarea form-control textarea-form\" aria-invalid=\"false\" name=\"your-message\"><\/textarea><\/span>\n\t\t<\/p>\n\t<\/div>\n\t<p><input class=\"wpcf7-form-control wpcf7-submit has-spinner btn btn-defaul btn-formularz\" type=\"submit\" value=\"Send\" \/>\n\t<\/p>\n<\/div><input type='hidden' class='wpcf7-pum' value='{\"closepopup\":false,\"closedelay\":0,\"openpopup\":false,\"openpopup_id\":0}' \/><div class=\"wpcf7-response-output\" aria-hidden=\"true\"><\/div>\n<\/form>\n<\/div>\n<\/div>\n","protected":false},"excerpt":{"rendered":"<p>Poznan Sommerrey &amp; Partners Kancelaria Radc\u00f3w Prawnych Sp\u00f3\u0142ka komandytowa Marceli\u0144ska 62\/7 60-354 Pozna\u0144 t: + 48 61 22 23 997 f: +48 61 22 23 998 e: poznan@sp-legal.pl REGON: 301430638 NIP: 779-237-47-76 bank account number: 12 2490 0005 0000 4500 5312 5122 (Alior Bank) KRS: 0000939949 S\u0105d Rejonowy Pozna\u0144 \u2013 Nowe Miasto i Wilda w [&hellip;]<\/p>\n","protected":false},"author":4,"featured_media":0,"parent":0,"menu_order":0,"comment_status":"closed","ping_status":"closed","template":"page-contact.php","meta":{"footnotes":""},"class_list":["post-1936","page","type-page","status-publish","hentry"],"acf":[],"yoast_head":"<!-- This site is optimized with the Yoast SEO plugin v20.11 - https:\/\/yoast.com\/wordpress\/plugins\/seo\/ -->\n<title>Contact - attorney-at-law| Law Firm | Poznan | Warsaw<\/title>\n<meta name=\"robots\" content=\"index, follow, max-snippet:-1, max-image-preview:large, max-video-preview:-1\" \/>\n<link rel=\"canonical\" href=\"https:\/\/sp-legal.pl\/en\/contact\/\" \/>\n<meta property=\"og:locale\" content=\"en_US\" \/>\n<meta property=\"og:type\" content=\"article\" \/>\n<meta property=\"og:title\" content=\"Contact - attorney-at-law| Law Firm | Poznan | Warsaw\" \/>\n<meta property=\"og:description\" content=\"Poznan Sommerrey &amp; Partners Kancelaria Radc\u00f3w Prawnych Sp\u00f3\u0142ka komandytowa Marceli\u0144ska 62\/7 60-354 Pozna\u0144 t: + 48 61 22 23 997 f: +48 61 22 23 998 e: poznan@sp-legal.pl REGON: 301430638 NIP: 779-237-47-76 bank account number: 12 2490 0005 0000 4500 5312 5122 (Alior Bank) KRS: 0000939949 S\u0105d Rejonowy Pozna\u0144 \u2013 Nowe Miasto i Wilda w [&hellip;]\" \/>\n<meta property=\"og:url\" content=\"https:\/\/sp-legal.pl\/en\/contact\/\" \/>\n<meta property=\"og:site_name\" content=\"attorney-at-law| Law Firm | Poznan | Warsaw\" \/>\n<meta property=\"article:modified_time\" content=\"2021-12-18T12:35:10+00:00\" \/>\n<meta name=\"twitter:label1\" content=\"Est. reading time\" \/>\n\t<meta name=\"twitter:data1\" content=\"1 minute\" \/>\n<script type=\"application\/ld+json\" class=\"yoast-schema-graph\">{\"@context\":\"https:\/\/schema.org\",\"@graph\":[{\"@type\":\"WebPage\",\"@id\":\"https:\/\/sp-legal.pl\/en\/contact\/\",\"url\":\"https:\/\/sp-legal.pl\/en\/contact\/\",\"name\":\"Contact - attorney-at-law| Law Firm | Poznan | Warsaw\",\"isPartOf\":{\"@id\":\"https:\/\/sp-legal.pl\/#website\"},\"datePublished\":\"2014-08-15T12:16:08+00:00\",\"dateModified\":\"2021-12-18T12:35:10+00:00\",\"breadcrumb\":{\"@id\":\"https:\/\/sp-legal.pl\/en\/contact\/#breadcrumb\"},\"inLanguage\":\"en-US\",\"potentialAction\":[{\"@type\":\"ReadAction\",\"target\":[\"https:\/\/sp-legal.pl\/en\/contact\/\"]}]},{\"@type\":\"BreadcrumbList\",\"@id\":\"https:\/\/sp-legal.pl\/en\/contact\/#breadcrumb\",\"itemListElement\":[{\"@type\":\"ListItem\",\"position\":1,\"name\":\"Strona g\u0142\u00f3wna\",\"item\":\"https:\/\/sp-legal.pl\/en\/\"},{\"@type\":\"ListItem\",\"position\":2,\"name\":\"Contact\"}]},{\"@type\":\"WebSite\",\"@id\":\"https:\/\/sp-legal.pl\/#website\",\"url\":\"https:\/\/sp-legal.pl\/\",\"name\":\"attorney-at-law| Law Firm | Poznan | Warsaw\",\"description\":\"\",\"potentialAction\":[{\"@type\":\"SearchAction\",\"target\":{\"@type\":\"EntryPoint\",\"urlTemplate\":\"https:\/\/sp-legal.pl\/?s={search_term_string}\"},\"query-input\":\"required name=search_term_string\"}],\"inLanguage\":\"en-US\"}]}<\/script>\n<!-- \/ Yoast SEO plugin. -->","yoast_head_json":{"title":"Contact - attorney-at-law| Law Firm | Poznan | Warsaw","robots":{"index":"index","follow":"follow","max-snippet":"max-snippet:-1","max-image-preview":"max-image-preview:large","max-video-preview":"max-video-preview:-1"},"canonical":"https:\/\/sp-legal.pl\/en\/contact\/","og_locale":"en_US","og_type":"article","og_title":"Contact - attorney-at-law| Law Firm | Poznan | Warsaw","og_description":"Poznan Sommerrey &amp; Partners Kancelaria Radc\u00f3w Prawnych Sp\u00f3\u0142ka komandytowa Marceli\u0144ska 62\/7 60-354 Pozna\u0144 t: + 48 61 22 23 997 f: +48 61 22 23 998 e: poznan@sp-legal.pl REGON: 301430638 NIP: 779-237-47-76 bank account number: 12 2490 0005 0000 4500 5312 5122 (Alior Bank) KRS: 0000939949 S\u0105d Rejonowy Pozna\u0144 \u2013 Nowe Miasto i Wilda w [&hellip;]","og_url":"https:\/\/sp-legal.pl\/en\/contact\/","og_site_name":"attorney-at-law| Law Firm | Poznan | Warsaw","article_modified_time":"2021-12-18T12:35:10+00:00","twitter_misc":{"Est. reading time":"1 minute"},"schema":{"@context":"https:\/\/schema.org","@graph":[{"@type":"WebPage","@id":"https:\/\/sp-legal.pl\/en\/contact\/","url":"https:\/\/sp-legal.pl\/en\/contact\/","name":"Contact - attorney-at-law| Law Firm | Poznan | Warsaw","isPartOf":{"@id":"https:\/\/sp-legal.pl\/#website"},"datePublished":"2014-08-15T12:16:08+00:00","dateModified":"2021-12-18T12:35:10+00:00","breadcrumb":{"@id":"https:\/\/sp-legal.pl\/en\/contact\/#breadcrumb"},"inLanguage":"en-US","potentialAction":[{"@type":"ReadAction","target":["https:\/\/sp-legal.pl\/en\/contact\/"]}]},{"@type":"BreadcrumbList","@id":"https:\/\/sp-legal.pl\/en\/contact\/#breadcrumb","itemListElement":[{"@type":"ListItem","position":1,"name":"Strona g\u0142\u00f3wna","item":"https:\/\/sp-legal.pl\/en\/"},{"@type":"ListItem","position":2,"name":"Contact"}]},{"@type":"WebSite","@id":"https:\/\/sp-legal.pl\/#website","url":"https:\/\/sp-legal.pl\/","name":"attorney-at-law| Law Firm | Poznan | Warsaw","description":"","potentialAction":[{"@type":"SearchAction","target":{"@type":"EntryPoint","urlTemplate":"https:\/\/sp-legal.pl\/?s={search_term_string}"},"query-input":"required name=search_term_string"}],"inLanguage":"en-US"}]}},"_links":{"self":[{"href":"https:\/\/sp-legal.pl\/en\/wp-json\/wp\/v2\/pages\/1936"}],"collection":[{"href":"https:\/\/sp-legal.pl\/en\/wp-json\/wp\/v2\/pages"}],"about":[{"href":"https:\/\/sp-legal.pl\/en\/wp-json\/wp\/v2\/types\/page"}],"author":[{"embeddable":true,"href":"https:\/\/sp-legal.pl\/en\/wp-json\/wp\/v2\/users\/4"}],"replies":[{"embeddable":true,"href":"https:\/\/sp-legal.pl\/en\/wp-json\/wp\/v2\/comments?post=1936"}],"version-history":[{"count":13,"href":"https:\/\/sp-legal.pl\/en\/wp-json\/wp\/v2\/pages\/1936\/revisions"}],"predecessor-version":[{"id":36004,"href":"https:\/\/sp-legal.pl\/en\/wp-json\/wp\/v2\/pages\/1936\/revisions\/36004"}],"wp:attachment":[{"href":"https:\/\/sp-legal.pl\/en\/wp-json\/wp\/v2\/media?parent=1936"}],"curies":[{"name":"wp","href":"https:\/\/api.w.org\/{rel}","templated":true}]}}