{"id":1938,"date":"2014-08-15T14:12:54","date_gmt":"2014-08-15T12:12:54","guid":{"rendered":"http:\/\/sp-legal.pl\/o-nas-2\/"},"modified":"2020-03-01T15:55:50","modified_gmt":"2020-03-01T14:55:50","slug":"about-us","status":"publish","type":"page","link":"https:\/\/sp-legal.pl\/en\/about-us\/","title":{"rendered":"About us"},"content":{"rendered":"<p>The\u00a0<strong>Sommerrey &amp; Partners Law Firm of Attorneys-at-Law<\/strong>\u00a0was established in 2010. Since the very beginning, our core values were professional approach and innovativeness. We strive to anticipate our clients\u2019 expectations, protect their interests and support them in making key decisions, not only in the legal sphere, but also in business and private life.<\/p>\n<p>&nbsp;<\/p>\n<hr \/>\n<h2 style=\"text-align: center;\">We provide reliable advice in matters which are of strategic importance to family businesses<\/h2>\n<hr \/>\n<p>&nbsp;<\/p>\n<p>Our activity is underpinned by a system of values which was developed in practice and constitutes the basis of relations with our Clients. With practice, we managed to achieve a high degree of expertise in comprehensive services offered to family businesses.\u00a0<strong>To serve our clients better<\/strong>, we go beyond the traditional role ascribed to lawyers, which is limited to the provision of legal services.<\/p>\n<h1><strong>Why\u00a0S&amp;P is a good choice?<\/strong><\/h1>\n<table style=\"width: 815px;\">\n<tbody>\n<tr style=\"height: 299.625px;\">\n<td style=\"width: 164px; height: 299.625px;\"><img loading=\"lazy\" decoding=\"async\" class=\"wp-image-2649 size-medium aligncenter\" src=\"http:\/\/sp-legal.pl\/wp-content\/uploads\/2014\/08\/bezpiecze\u0144stwo-300x300.png\" alt=\"bezpieczenstwo\" width=\"300\" height=\"300\" srcset=\"https:\/\/sp-legal.pl\/wp-content\/uploads\/2014\/08\/bezpiecze\u0144stwo-300x300.png 300w, https:\/\/sp-legal.pl\/wp-content\/uploads\/2014\/08\/bezpiecze\u0144stwo-150x150.png 150w, https:\/\/sp-legal.pl\/wp-content\/uploads\/2014\/08\/bezpiecze\u0144stwo.png 512w\" sizes=\"(max-width: 300px) 100vw, 300px\" \/><\/td>\n<td style=\"width: 463px; height: 299.625px;\">\n<h2><strong>safety<\/strong><\/h2>\n<p>We are particularly mindful of ensuring high levels of safety \u2013 regarding to both personal data, informations about cases and matters related to liability insurance. For this reason, we have implemented a professional electronic system in our firm for document circulation with a very high security standard. Aside from standard liability insurance we hold a supplementary insurance policy, in order to make our clients feel safe and secure.<\/td>\n<\/tr>\n<\/tbody>\n<\/table>\n<h2><\/h2>\n<table style=\"width: 817px;\">\n<tbody>\n<tr>\n<td style=\"width: 602px;\">\n<h2><strong>innovation<\/strong><\/h2>\n<p>We have implemented an innovative system B2B which rationalizes managing business processes between us and our partners, Electronic transmission of documents, digital signatures and permanent cooperation with experts in\u00a0 various fields. We also have a complex working time registration and project management system in order to keep pace with dynamically developing clients.<\/td>\n<td style=\"width: 217px;\">\u00a0<img loading=\"lazy\" decoding=\"async\" class=\"wp-image-2650 size-medium aligncenter\" src=\"http:\/\/sp-legal.pl\/wp-content\/uploads\/2014\/08\/light102-300x300.png\" alt=\"innowacyjno\u015b\u0107\" width=\"300\" height=\"300\" srcset=\"https:\/\/sp-legal.pl\/wp-content\/uploads\/2014\/08\/light102-300x300.png 300w, https:\/\/sp-legal.pl\/wp-content\/uploads\/2014\/08\/light102-150x150.png 150w, https:\/\/sp-legal.pl\/wp-content\/uploads\/2014\/08\/light102.png 512w\" sizes=\"(max-width: 300px) 100vw, 300px\" \/><\/td>\n<\/tr>\n<\/tbody>\n<\/table>\n<table style=\"width: 815px;\">\n<tbody>\n<tr style=\"height: 299.625px;\">\n<td style=\"width: 164px; height: 299.625px;\"><img loading=\"lazy\" decoding=\"async\" class=\"wp-image-2651 size-medium aligncenter\" src=\"http:\/\/sp-legal.pl\/wp-content\/uploads\/2014\/08\/worldwide-300x300.png\" alt=\"opiekun klienta\" width=\"300\" height=\"300\" srcset=\"https:\/\/sp-legal.pl\/wp-content\/uploads\/2014\/08\/worldwide-300x300.png 300w, https:\/\/sp-legal.pl\/wp-content\/uploads\/2014\/08\/worldwide-150x150.png 150w, https:\/\/sp-legal.pl\/wp-content\/uploads\/2014\/08\/worldwide.png 512w\" sizes=\"(max-width: 300px) 100vw, 300px\" \/><\/td>\n<td style=\"width: 463px; height: 299.625px;\">\n<h2><strong>account manager<\/strong><\/h2>\n<p>Communication is the key. Our clients act quickly, we have to be up to speed. Each client has his own counsellor &#8211; main contact person who is familiar with the specific needs of particular areas of law, organises\u00a0 division of labour and the termination of the project.<\/p>\n<p>Thanks to this fact, our clients do not need to wonder who to call or e-mail with their questions about the case.<\/td>\n<\/tr>\n<\/tbody>\n<\/table>\n<table style=\"width: 817px;\">\n<tbody>\n<tr>\n<td style=\"width: 602px;\">\n<h2><strong>modern tools<\/strong><\/h2>\n<p>Fast system response, timely exchange of documentation and implementation of projects \u2013these days they are essential features of cooperation. We own a dedicated software for document and project management.<\/td>\n<td style=\"width: 217px;\">\u00a0<img loading=\"lazy\" decoding=\"async\" class=\"wp-image-2652 size-medium aligncenter\" src=\"http:\/\/sp-legal.pl\/wp-content\/uploads\/2014\/08\/data-management-interface-symbol-with-gears-and-binary-code-numbers-300x300.png\" alt=\"data-management-interface-symbol-with-gears-and-binary-code-numbers\" width=\"300\" height=\"300\" srcset=\"https:\/\/sp-legal.pl\/wp-content\/uploads\/2014\/08\/data-management-interface-symbol-with-gears-and-binary-code-numbers-300x300.png 300w, https:\/\/sp-legal.pl\/wp-content\/uploads\/2014\/08\/data-management-interface-symbol-with-gears-and-binary-code-numbers-150x150.png 150w, https:\/\/sp-legal.pl\/wp-content\/uploads\/2014\/08\/data-management-interface-symbol-with-gears-and-binary-code-numbers.png 512w\" sizes=\"(max-width: 300px) 100vw, 300px\" \/><\/td>\n<\/tr>\n<\/tbody>\n<\/table>\n<table style=\"width: 815px;\">\n<tbody>\n<tr style=\"height: 299.531px;\">\n<td style=\"width: 164px; height: 299.531px;\"><img loading=\"lazy\" decoding=\"async\" class=\"wp-image-2658 size-medium aligncenter\" src=\"http:\/\/sp-legal.pl\/wp-content\/uploads\/2014\/08\/calendar68-3-300x300.png\" alt=\"calendar68-3\" width=\"300\" height=\"300\" srcset=\"https:\/\/sp-legal.pl\/wp-content\/uploads\/2014\/08\/calendar68-3-300x300.png 300w, https:\/\/sp-legal.pl\/wp-content\/uploads\/2014\/08\/calendar68-3-150x150.png 150w, https:\/\/sp-legal.pl\/wp-content\/uploads\/2014\/08\/calendar68-3.png 512w\" sizes=\"(max-width: 300px) 100vw, 300px\" \/><\/td>\n<td style=\"width: 463px; height: 299.531px;\">\n<h2><strong>promptitude and openness<\/strong><\/h2>\n<p>Just as time is sensitive for our clients, likewise it is for us. That is why we reply promptly to any question from our clients specifying the period within which the commission is to be carried out. After the end of the month, the client receives a detailed collation of orders executed on his behalf containing precise information about the time taken up in the pursuit of the work. All the operations are entered into a system and fully described.<\/td>\n<\/tr>\n<\/tbody>\n<\/table>\n<p><!--<a href=\"http:\/\/sp-legal.pl\/wp-content\/uploads\/2014\/08\/emblemat_black.png\"><img loading=\"lazy\" decoding=\"async\" class=\" wp-image-1702 aligncenter\" src=\"http:\/\/sp-legal.pl\/wp-content\/uploads\/2014\/08\/emblemat_black-250x252.png\" alt=\"emblemat_black\" width=\"259\" height=\"250\" \/><\/a>\n\n\n<h3><span style=\"color: #c51f42;\">Fundacja Sukcesja<\/span><\/h3>\n\n\nOd stycznia 2015 roku jeste\u015bmy partnerem Fundacji Sukcesja, kt\u00f3ra zosta\u0142a powo\u0142ana do prowadzenia dzia\u0142a\u0144 badawczych i komercyjnych nad problematyk\u0105 sukcesji w Polsce. Wspieramy dzia\u0142ania Fundacji zar\u00f3wno poprzez doradztwo merytoryczne zwi\u0105zane z prawn\u0105 sfer\u0105 sukcesji, jak i wsp\u00f3\u0142pracuj\u0105c przy organizacji wydarze\u0144, konferencji i panel\u00f3w dyskusyjnych zwi\u0105zanych z t\u0105 bardzo istotn\u0105 kwesti\u0105 dzia\u0142alno\u015bci ka\u017cdego przedsi\u0119biorstwa rodzinnego.--><\/p>\n<table style=\"width: 817px;\">\n<tbody>\n<tr>\n<td style=\"width: 602px;\">\n<h2><strong>the methodology of work<\/strong><\/h2>\n<p><strong>The client has control over each stage of our work<\/strong>. We approach all the orders with a plan. We work out a scheme which has been proved to be successful.<\/p>\n<p>How does it work?<\/p>\n<p><span style=\"color: #d4335f;\"><strong>1. ANALYSIS\u00a0<\/strong><span style=\"color: #000000;\">&#8211; we start the project with a thorough analysis of the materials supplied by our cielnt. <\/span><\/span><\/p>\n<p><span style=\"color: #d4335f;\"><strong>2. DIAGNOSIS\u00a0<\/strong><span style=\"color: #000000;\">&#8211; after appraising the matter we make a diagnosis of the problem and discuss the possibilities<\/span><\/span><\/p>\n<p><span style=\"color: #d4335f;\"><strong>3. RECOMMENDATION\u00a0<\/strong><span style=\"color: #000000;\">&#8211; client receives a full recommendation of the possible solutions of the problem.<\/span><\/span><\/p>\n<p><span style=\"color: #d4335f;\"><strong>4. OPERATION\u00a0<\/strong><span style=\"color: #000000;\">&#8211; when the client accepts our recommendation or one of the possible solutions, we proceed to the implementation. We are in the constant contact with our clients.<\/span><\/span><\/p>\n<p><span style=\"color: #d4335f;\"><strong>5.\u00a0FEEDBACK <\/strong><span style=\"color: #000000;\">&#8211; after the completion of a project\u00a0 the clients are always welcome to provide a feedback about our collaboration. <\/span><\/span><\/p>\n<p>&nbsp;<\/td>\n<td style=\"width: 217px;\">\u00a0<img loading=\"lazy\" decoding=\"async\" class=\"wp-image-2659 size-medium aligncenter\" src=\"http:\/\/sp-legal.pl\/wp-content\/uploads\/2014\/08\/information-300x300.png\" alt=\"information\" width=\"300\" height=\"300\" srcset=\"https:\/\/sp-legal.pl\/wp-content\/uploads\/2014\/08\/information-300x300.png 300w, https:\/\/sp-legal.pl\/wp-content\/uploads\/2014\/08\/information-150x150.png 150w, https:\/\/sp-legal.pl\/wp-content\/uploads\/2014\/08\/information.png 512w\" sizes=\"(max-width: 300px) 100vw, 300px\" \/><\/td>\n<\/tr>\n<\/tbody>\n<\/table>\n<table style=\"width: 815px;\">\n<tbody>\n<tr style=\"height: 299.625px;\">\n<td style=\"width: 164px; height: 299.625px;\"><img loading=\"lazy\" decoding=\"async\" class=\"wp-image-2660 size-medium aligncenter\" src=\"http:\/\/sp-legal.pl\/wp-content\/uploads\/2014\/08\/meeting-300x300.png\" alt=\"meeting\" width=\"300\" height=\"300\" srcset=\"https:\/\/sp-legal.pl\/wp-content\/uploads\/2014\/08\/meeting-300x300.png 300w, https:\/\/sp-legal.pl\/wp-content\/uploads\/2014\/08\/meeting-150x150.png 150w, https:\/\/sp-legal.pl\/wp-content\/uploads\/2014\/08\/meeting.png 512w\" sizes=\"(max-width: 300px) 100vw, 300px\" \/><\/td>\n<td style=\"width: 463px; height: 299.625px;\">\n<h2><strong>expert team and flexibility<\/strong><\/h2>\n<p><strong>We guarantee comprehensive support. A dynamically evolving business needs to have time and opportunities to focus on its development.<\/strong> Our lawyers are experts in various fields, thanks to that we support our clients on every field, not only legal, but also on business related aspects.<\/td>\n<\/tr>\n<\/tbody>\n<\/table>\n<table style=\"width: 817px;\">\n<tbody>\n<tr>\n<td style=\"width: 602px;\">\n<h2><strong>range<\/strong><\/h2>\n<p><strong>We are mobile<\/strong>. Trial in Radom? Real estate in Szczecin? Negotiations in the capital city? We don\u2019t cling to our desks. We have two offices \u2013 in Pozna\u0144 and in Warsaw. We conduct cases throughout the country and abroad.<\/td>\n<td style=\"width: 217px;\">\u00a0<img loading=\"lazy\" decoding=\"async\" class=\"aligncenter wp-image-2661 size-medium\" src=\"http:\/\/sp-legal.pl\/wp-content\/uploads\/2014\/08\/map30-300x300.png\" alt=\"map30\" width=\"300\" height=\"300\" srcset=\"https:\/\/sp-legal.pl\/wp-content\/uploads\/2014\/08\/map30-300x300.png 300w, https:\/\/sp-legal.pl\/wp-content\/uploads\/2014\/08\/map30-150x150.png 150w, https:\/\/sp-legal.pl\/wp-content\/uploads\/2014\/08\/map30.png 512w\" sizes=\"(max-width: 300px) 100vw, 300px\" \/><\/td>\n<\/tr>\n<\/tbody>\n<\/table>\n<table style=\"width: 815px;\">\n<tbody>\n<tr style=\"height: 299.625px;\">\n<td style=\"width: 164px; height: 299.625px;\"><img loading=\"lazy\" decoding=\"async\" class=\"aligncenter wp-image-2662 size-medium\" src=\"http:\/\/sp-legal.pl\/wp-content\/uploads\/2014\/08\/clock-300x300.png\" alt=\"clock\" width=\"300\" height=\"300\" srcset=\"https:\/\/sp-legal.pl\/wp-content\/uploads\/2014\/08\/clock-300x300.png 300w, https:\/\/sp-legal.pl\/wp-content\/uploads\/2014\/08\/clock-150x150.png 150w, https:\/\/sp-legal.pl\/wp-content\/uploads\/2014\/08\/clock.png 512w\" sizes=\"(max-width: 300px) 100vw, 300px\" \/><\/td>\n<td style=\"width: 463px; height: 299.625px;\">\n<h2><strong>specifics<\/strong><\/h2>\n<p>A dynamically evolving business needs concrete actions and clear guidelines. We will not abandon the essence of our work, which is an in-depth analysis of the legislations whilst\u00a0 providing clear, comprehensible answers. Measures recommended are arranged in order for you to understand and are supported with in percipient analysis.<\/td>\n<\/tr>\n<\/tbody>\n<\/table>\n<table style=\"width: 817px;\">\n<tbody>\n<tr>\n<td style=\"width: 602px;\">\n<h2><strong>languages<\/strong><\/h2>\n<p><strong>Clients cooperating with foreign entities value the fact, that we provide them with support not only in the Polish language, but also in English, German and French.<\/strong> We cooperate very closely with translation offices, adapting them to our clients needs.<\/td>\n<td style=\"width: 217px;\">\u00a0<img loading=\"lazy\" decoding=\"async\" class=\"aligncenter wp-image-2663 size-medium\" src=\"http:\/\/sp-legal.pl\/wp-content\/uploads\/2014\/08\/translation-300x300.png\" alt=\"translation\" width=\"300\" height=\"300\" srcset=\"https:\/\/sp-legal.pl\/wp-content\/uploads\/2014\/08\/translation-300x300.png 300w, https:\/\/sp-legal.pl\/wp-content\/uploads\/2014\/08\/translation-150x150.png 150w, https:\/\/sp-legal.pl\/wp-content\/uploads\/2014\/08\/translation.png 512w\" sizes=\"(max-width: 300px) 100vw, 300px\" \/><\/td>\n<\/tr>\n<\/tbody>\n<\/table>\n<p>&nbsp;<\/p>\n<table style=\"width: 819px;\">\n<tbody>\n<tr>\n<td style=\"width: 318px;\">\n<h3><a href=\"http:\/\/sp-legal.pl\/wp-content\/uploads\/2014\/08\/firmyrodzinne.jpg\"><img loading=\"lazy\" decoding=\"async\" class=\"wp-image-1698 aligncenter\" src=\"http:\/\/sp-legal.pl\/wp-content\/uploads\/2014\/08\/firmyrodzinne-300x300.jpg\" width=\"336\" height=\"336\" srcset=\"https:\/\/sp-legal.pl\/wp-content\/uploads\/2014\/08\/firmyrodzinne-300x300.jpg 300w, https:\/\/sp-legal.pl\/wp-content\/uploads\/2014\/08\/firmyrodzinne-150x150.jpg 150w, https:\/\/sp-legal.pl\/wp-content\/uploads\/2014\/08\/firmyrodzinne.jpg 512w\" sizes=\"(max-width: 336px) 100vw, 336px\" \/><\/a><\/h3>\n<\/td>\n<td style=\"width: 501px;\">\n<h2><span style=\"color: #d4335f;\"><strong>Fundacja Firmy Rodzinne<\/strong><\/span><\/h2>\n<p>In 2014, we became a member of the Fundacja Firmy Rodzinne foundation, which fosters integration and promotion of activities whose aim is to protect family businesses&#8217; common interest. The foundation is a platform for exchanging experiences and knowledge among family businesses.<\/p>\n<p>Sommerrey &amp; Partners is also a family business and we specialise in providing legal services to family businesses.<\/td>\n<\/tr>\n<\/tbody>\n<\/table>\n<p>&nbsp;<\/p>\n<table style=\"width: 821px;\">\n<tbody>\n<tr>\n<td style=\"width: 493px;\">\n<h3><\/h3>\n<h2><strong><span style=\"color: #d4335f;\">Medal Europejski<\/span><\/strong><\/h2>\n<p>In 2014 and 2015, Sommerrey &amp; Partners \u00a0was among the laureates of the 25th edition of the European Medal. The committee recognised the innovative solutions we implemented within the scope of providing strategic counselling to family businesses. The Medal is awarded by the Business Centre Club under the honorary patronage of the European Economic and Social Committee and the Minister for Foreign Affairs of the Republic of Poland. Products and services which comply with European standards are awarded. Nominated services and products must meet norms stipulated by the law and hold appropriate licenses and patents.<\/p>\n<p>&nbsp;<\/td>\n<td style=\"width: 326px;\">\n<h3><a href=\"http:\/\/sp-legal.pl\/wp-content\/uploads\/2015\/09\/IMG_1108.jpg\"><img loading=\"lazy\" decoding=\"async\" class=\"alignnone wp-image-2024 size-medium\" style=\"max-width: 100%; height: auto;\" src=\"http:\/\/sp-legal.pl\/wp-content\/uploads\/2015\/09\/IMG_1108-300x200.jpg\" width=\"300\" height=\"200\" srcset=\"https:\/\/sp-legal.pl\/wp-content\/uploads\/2015\/09\/IMG_1108-300x200.jpg 300w, https:\/\/sp-legal.pl\/wp-content\/uploads\/2015\/09\/IMG_1108-768x512.jpg 768w, https:\/\/sp-legal.pl\/wp-content\/uploads\/2015\/09\/IMG_1108-1024x683.jpg 1024w, https:\/\/sp-legal.pl\/wp-content\/uploads\/2015\/09\/IMG_1108-600x400.jpg 600w, https:\/\/sp-legal.pl\/wp-content\/uploads\/2015\/09\/IMG_1108-1920x1280.jpg 1920w\" sizes=\"(max-width: 300px) 100vw, 300px\" \/><\/a><\/h3>\n<\/td>\n<\/tr>\n<\/tbody>\n<\/table>\n","protected":false},"excerpt":{"rendered":"<p>The\u00a0Sommerrey &amp; Partners Law Firm of Attorneys-at-Law\u00a0was established in 2010. Since the very beginning, our core values were professional approach and innovativeness. We strive to anticipate our clients\u2019 expectations, protect their interests and support them in making key decisions, not only in the legal sphere, but also in business and private life. &nbsp; We provide [&hellip;]<\/p>\n","protected":false},"author":4,"featured_media":0,"parent":0,"menu_order":0,"comment_status":"closed","ping_status":"closed","template":"page-company.php","meta":{"footnotes":""},"class_list":["post-1938","page","type-page","status-publish","hentry"],"acf":[],"yoast_head":"<!-- This site is optimized with the Yoast SEO plugin v20.11 - https:\/\/yoast.com\/wordpress\/plugins\/seo\/ -->\n<title>Sommerrey&amp;Partners | Kancelaria | Pozna\u0144 | Warszawa<\/title>\n<meta name=\"description\" content=\"Kancelaria radc\u00f3w prawnych Sommerrey &amp; Partners \u015bwiadczy us\u0142ugi na najwy\u017cszym poziomie, dopasowane do Twoich potrzeb. Dzia\u0142amy w Poznaniu i Warszawie\" \/>\n<meta name=\"robots\" content=\"index, follow, max-snippet:-1, max-image-preview:large, max-video-preview:-1\" \/>\n<link rel=\"canonical\" href=\"https:\/\/sp-legal.pl\/en\/about-us\/\" \/>\n<meta property=\"og:locale\" content=\"en_US\" \/>\n<meta property=\"og:type\" content=\"article\" \/>\n<meta property=\"og:title\" content=\"Sommerrey&amp;Partners | Kancelaria | Pozna\u0144 | Warszawa\" \/>\n<meta property=\"og:description\" content=\"Kancelaria radc\u00f3w prawnych Sommerrey &amp; Partners \u015bwiadczy us\u0142ugi na najwy\u017cszym poziomie, dopasowane do Twoich potrzeb. Dzia\u0142amy w Poznaniu i Warszawie\" \/>\n<meta property=\"og:url\" content=\"https:\/\/sp-legal.pl\/en\/about-us\/\" \/>\n<meta property=\"og:site_name\" content=\"attorney-at-law| Law Firm | Poznan | Warsaw\" \/>\n<meta property=\"article:modified_time\" content=\"2020-03-01T14:55:50+00:00\" \/>\n<meta property=\"og:image\" content=\"http:\/\/sp-legal.pl\/wp-content\/uploads\/2014\/08\/bezpiecze\u0144stwo-300x300.png\" \/>\n<meta name=\"twitter:label1\" content=\"Est. reading time\" \/>\n\t<meta name=\"twitter:data1\" content=\"5 minutes\" \/>\n<script type=\"application\/ld+json\" class=\"yoast-schema-graph\">{\"@context\":\"https:\/\/schema.org\",\"@graph\":[{\"@type\":\"WebPage\",\"@id\":\"https:\/\/sp-legal.pl\/en\/about-us\/\",\"url\":\"https:\/\/sp-legal.pl\/en\/about-us\/\",\"name\":\"Sommerrey&Partners | Kancelaria | Pozna\u0144 | Warszawa\",\"isPartOf\":{\"@id\":\"https:\/\/sp-legal.pl\/#website\"},\"datePublished\":\"2014-08-15T12:12:54+00:00\",\"dateModified\":\"2020-03-01T14:55:50+00:00\",\"description\":\"Kancelaria radc\u00f3w prawnych Sommerrey & Partners \u015bwiadczy us\u0142ugi na najwy\u017cszym poziomie, dopasowane do Twoich potrzeb. Dzia\u0142amy w Poznaniu i Warszawie\",\"breadcrumb\":{\"@id\":\"https:\/\/sp-legal.pl\/en\/about-us\/#breadcrumb\"},\"inLanguage\":\"en-US\",\"potentialAction\":[{\"@type\":\"ReadAction\",\"target\":[\"https:\/\/sp-legal.pl\/en\/about-us\/\"]}]},{\"@type\":\"BreadcrumbList\",\"@id\":\"https:\/\/sp-legal.pl\/en\/about-us\/#breadcrumb\",\"itemListElement\":[{\"@type\":\"ListItem\",\"position\":1,\"name\":\"Strona g\u0142\u00f3wna\",\"item\":\"https:\/\/sp-legal.pl\/en\/\"},{\"@type\":\"ListItem\",\"position\":2,\"name\":\"About us\"}]},{\"@type\":\"WebSite\",\"@id\":\"https:\/\/sp-legal.pl\/#website\",\"url\":\"https:\/\/sp-legal.pl\/\",\"name\":\"attorney-at-law| Law Firm | Poznan | Warsaw\",\"description\":\"\",\"potentialAction\":[{\"@type\":\"SearchAction\",\"target\":{\"@type\":\"EntryPoint\",\"urlTemplate\":\"https:\/\/sp-legal.pl\/?s={search_term_string}\"},\"query-input\":\"required name=search_term_string\"}],\"inLanguage\":\"en-US\"}]}<\/script>\n<!-- \/ Yoast SEO plugin. -->","yoast_head_json":{"title":"Sommerrey&Partners | Kancelaria | Pozna\u0144 | Warszawa","description":"Kancelaria radc\u00f3w prawnych Sommerrey & Partners \u015bwiadczy us\u0142ugi na najwy\u017cszym poziomie, dopasowane do Twoich potrzeb. Dzia\u0142amy w Poznaniu i Warszawie","robots":{"index":"index","follow":"follow","max-snippet":"max-snippet:-1","max-image-preview":"max-image-preview:large","max-video-preview":"max-video-preview:-1"},"canonical":"https:\/\/sp-legal.pl\/en\/about-us\/","og_locale":"en_US","og_type":"article","og_title":"Sommerrey&Partners | Kancelaria | Pozna\u0144 | Warszawa","og_description":"Kancelaria radc\u00f3w prawnych Sommerrey & Partners \u015bwiadczy us\u0142ugi na najwy\u017cszym poziomie, dopasowane do Twoich potrzeb. Dzia\u0142amy w Poznaniu i Warszawie","og_url":"https:\/\/sp-legal.pl\/en\/about-us\/","og_site_name":"attorney-at-law| Law Firm | Poznan | Warsaw","article_modified_time":"2020-03-01T14:55:50+00:00","og_image":[{"url":"http:\/\/sp-legal.pl\/wp-content\/uploads\/2014\/08\/bezpiecze\u0144stwo-300x300.png"}],"twitter_misc":{"Est. reading time":"5 minutes"},"schema":{"@context":"https:\/\/schema.org","@graph":[{"@type":"WebPage","@id":"https:\/\/sp-legal.pl\/en\/about-us\/","url":"https:\/\/sp-legal.pl\/en\/about-us\/","name":"Sommerrey&Partners | Kancelaria | Pozna\u0144 | Warszawa","isPartOf":{"@id":"https:\/\/sp-legal.pl\/#website"},"datePublished":"2014-08-15T12:12:54+00:00","dateModified":"2020-03-01T14:55:50+00:00","description":"Kancelaria radc\u00f3w prawnych Sommerrey & Partners \u015bwiadczy us\u0142ugi na najwy\u017cszym poziomie, dopasowane do Twoich potrzeb. Dzia\u0142amy w Poznaniu i Warszawie","breadcrumb":{"@id":"https:\/\/sp-legal.pl\/en\/about-us\/#breadcrumb"},"inLanguage":"en-US","potentialAction":[{"@type":"ReadAction","target":["https:\/\/sp-legal.pl\/en\/about-us\/"]}]},{"@type":"BreadcrumbList","@id":"https:\/\/sp-legal.pl\/en\/about-us\/#breadcrumb","itemListElement":[{"@type":"ListItem","position":1,"name":"Strona g\u0142\u00f3wna","item":"https:\/\/sp-legal.pl\/en\/"},{"@type":"ListItem","position":2,"name":"About us"}]},{"@type":"WebSite","@id":"https:\/\/sp-legal.pl\/#website","url":"https:\/\/sp-legal.pl\/","name":"attorney-at-law| Law Firm | Poznan | Warsaw","description":"","potentialAction":[{"@type":"SearchAction","target":{"@type":"EntryPoint","urlTemplate":"https:\/\/sp-legal.pl\/?s={search_term_string}"},"query-input":"required name=search_term_string"}],"inLanguage":"en-US"}]}},"_links":{"self":[{"href":"https:\/\/sp-legal.pl\/en\/wp-json\/wp\/v2\/pages\/1938"}],"collection":[{"href":"https:\/\/sp-legal.pl\/en\/wp-json\/wp\/v2\/pages"}],"about":[{"href":"https:\/\/sp-legal.pl\/en\/wp-json\/wp\/v2\/types\/page"}],"author":[{"embeddable":true,"href":"https:\/\/sp-legal.pl\/en\/wp-json\/wp\/v2\/users\/4"}],"replies":[{"embeddable":true,"href":"https:\/\/sp-legal.pl\/en\/wp-json\/wp\/v2\/comments?post=1938"}],"version-history":[{"count":13,"href":"https:\/\/sp-legal.pl\/en\/wp-json\/wp\/v2\/pages\/1938\/revisions"}],"predecessor-version":[{"id":4145,"href":"https:\/\/sp-legal.pl\/en\/wp-json\/wp\/v2\/pages\/1938\/revisions\/4145"}],"wp:attachment":[{"href":"https:\/\/sp-legal.pl\/en\/wp-json\/wp\/v2\/media?parent=1938"}],"curies":[{"name":"wp","href":"https:\/\/api.w.org\/{rel}","templated":true}]}}