{"id":3449,"date":"2018-08-29T16:12:09","date_gmt":"2018-08-29T14:12:09","guid":{"rendered":"https:\/\/sp-legal.pl\/en\/bartosz-bednarek-2\/"},"modified":"2024-09-01T11:53:22","modified_gmt":"2024-09-01T09:53:22","slug":"klaudia-dzieweczynska","status":"publish","type":"page","link":"https:\/\/sp-legal.pl\/en\/klaudia-dzieweczynska\/","title":{"rendered":"Klaudia Dzieweczy\u0144ska"},"content":{"rendered":"<p>She completed her legal traineeship at the Greater Poland Bar Association in Pozna\u0144. Since 2017, she was registered on the list of attorneys at the Greater Poland Bar Association. Due to her professional path and professional interests, she ended her activity as an attorney (advocate) at the end of February 2024, changing the professional self-government (to the National Bar of Attorneys-at-Law).<\/p>\n<p>Since the beginning of March 2024, she has been entered on the list of the attorneys-at-law (legal advisers) at the Pozna\u0144 Bar Association of Attorneys-at-Law.<\/p>\n<p>She specialises in civil, commercial and business (corporate) law, as well as construction law and process. She also has considerable experience in family matters and social security and labour law.<\/p>\n<p>Within her professional interests remain also alternative dispute resolution methods. As of 2018, she is on the list of mediators at the Mediation Centre at the Supreme Bar Council and the list of permanent mediators at the District Court in Pozna\u0144.<\/p>\n<p>Graduate of the Faculty of Law and Administration at the Nicolaus Copernicus University in Toru\u0144. Scholarship holder at the University of Bergen, Norway. She completed her studies in 2013, defending her master&#8217;s thesis on the cross-border transfer of the registered office of a&nbsp;company.<\/p>\n<p>Preparation for comprehensive legal services, she obtained while working in reputable law firms in Pozna\u0144.<\/p>\n<p>Languages: English, including legal English (ILEC &#8211; C1).<\/p>\n<p>Attorney. She entered list of attorneys of Greater Poland Bar Association in 2017.<\/p>\n<p>Her area of professional interests include mainly civil, economic and corporate law, as well as construction law. She also has an extensive experience in family law and in social security law and labor law.<\/p>\n<p>Within her professional interests remain also alternative methods of dispute resolution. From 2018, she entered the list of mediators in the Mediation Center at the Supreme Bar Council.<\/p>\n<p>She graduated from the Faculty of Law and Administration at the Nicolaus Copernicus University in Torun. She was also scholarship holder at the University of Bergen, Norway. She graduated in 2013 defending a master&#8217;s thesis in the field of cross-border transfer of company seats.<\/p>\n<p>She obtained preparation for comprehensive legal services by working in renowned Poznan law offices.<\/p>\n<p>Privately she prefers active forms of spending free time \u2013 yoga, running, swimming, cycling, team sports and winter sports. She also loves travelling, as well as music concerts, she is eager to develop her culinary skills.<\/p>\n<p>Languages: English, including legal English (ILEC &#8211; C1), French.<\/p>\n","protected":false},"excerpt":{"rendered":"<p>She completed her legal traineeship at the Greater Poland Bar Association in Pozna\u0144. Since 2017, she was registered on the list of attorneys at the Greater Poland Bar Association. Due to her professional path and professional interests, she ended her activity as an attorney (advocate) at the end of February 2024, changing the professional self-government [&hellip;]<\/p>\n","protected":false},"author":2,"featured_media":36601,"parent":0,"menu_order":0,"comment_status":"closed","ping_status":"closed","template":"page-expert.php","meta":{"footnotes":""},"class_list":["post-3449","page","type-page","status-publish","has-post-thumbnail","hentry"],"acf":[],"yoast_head":"<!-- This site is optimized with the Yoast SEO plugin v20.11 - https:\/\/yoast.com\/wordpress\/plugins\/seo\/ -->\n<title>Klaudia Dzieweczy\u0144ska | Attorney | Kancelaria S&amp;P Pozna\u0144<\/title>\n<meta name=\"description\" content=\"Attorney. From 2014, a member of the District Bar Council in Pozna\u0144. She entered list of attorneys of Greater Poland Bar Association in 2017.\" \/>\n<meta name=\"robots\" content=\"index, follow, max-snippet:-1, max-image-preview:large, max-video-preview:-1\" \/>\n<link rel=\"canonical\" href=\"https:\/\/sp-legal.pl\/en\/klaudia-dzieweczynska\/\" \/>\n<meta property=\"og:locale\" content=\"en_US\" \/>\n<meta property=\"og:type\" content=\"article\" \/>\n<meta property=\"og:title\" content=\"Klaudia Dzieweczy\u0144ska | Attorney | Kancelaria S&amp;P Pozna\u0144\" \/>\n<meta property=\"og:description\" content=\"Attorney. From 2014, a member of the District Bar Council in Pozna\u0144. She entered list of attorneys of Greater Poland Bar Association in 2017.\" \/>\n<meta property=\"og:url\" content=\"https:\/\/sp-legal.pl\/en\/klaudia-dzieweczynska\/\" \/>\n<meta property=\"og:site_name\" content=\"attorney-at-law| Law Firm | Poznan | Warsaw\" \/>\n<meta property=\"article:modified_time\" content=\"2024-09-01T09:53:22+00:00\" \/>\n<meta property=\"og:image\" content=\"https:\/\/sp-legal.pl\/wp-content\/uploads\/2024\/03\/MANGDA_-Sommerrey-portrety-maj-2023_-06-min-min1.webp\" \/>\n\t<meta property=\"og:image:width\" content=\"1120\" \/>\n\t<meta property=\"og:image:height\" content=\"1121\" \/>\n\t<meta property=\"og:image:type\" content=\"image\/webp\" \/>\n<meta name=\"twitter:label1\" content=\"Est. reading time\" \/>\n\t<meta name=\"twitter:data1\" content=\"3 minutes\" \/>\n<script type=\"application\/ld+json\" class=\"yoast-schema-graph\">{\"@context\":\"https:\/\/schema.org\",\"@graph\":[{\"@type\":\"WebPage\",\"@id\":\"https:\/\/sp-legal.pl\/en\/klaudia-dzieweczynska\/\",\"url\":\"https:\/\/sp-legal.pl\/en\/klaudia-dzieweczynska\/\",\"name\":\"Klaudia Dzieweczy\u0144ska | Attorney | Kancelaria S&P Pozna\u0144\",\"isPartOf\":{\"@id\":\"https:\/\/sp-legal.pl\/#website\"},\"datePublished\":\"2018-08-29T14:12:09+00:00\",\"dateModified\":\"2024-09-01T09:53:22+00:00\",\"description\":\"Attorney. From 2014, a member of the District Bar Council in Pozna\u0144. She entered list of attorneys of Greater Poland Bar Association in 2017.\",\"breadcrumb\":{\"@id\":\"https:\/\/sp-legal.pl\/en\/klaudia-dzieweczynska\/#breadcrumb\"},\"inLanguage\":\"en-US\",\"potentialAction\":[{\"@type\":\"ReadAction\",\"target\":[\"https:\/\/sp-legal.pl\/en\/klaudia-dzieweczynska\/\"]}]},{\"@type\":\"BreadcrumbList\",\"@id\":\"https:\/\/sp-legal.pl\/en\/klaudia-dzieweczynska\/#breadcrumb\",\"itemListElement\":[{\"@type\":\"ListItem\",\"position\":1,\"name\":\"Strona g\u0142\u00f3wna\",\"item\":\"https:\/\/sp-legal.pl\/en\/\"},{\"@type\":\"ListItem\",\"position\":2,\"name\":\"Klaudia Dzieweczy\u0144ska\"}]},{\"@type\":\"WebSite\",\"@id\":\"https:\/\/sp-legal.pl\/#website\",\"url\":\"https:\/\/sp-legal.pl\/\",\"name\":\"attorney-at-law| Law Firm | Poznan | Warsaw\",\"description\":\"\",\"potentialAction\":[{\"@type\":\"SearchAction\",\"target\":{\"@type\":\"EntryPoint\",\"urlTemplate\":\"https:\/\/sp-legal.pl\/?s={search_term_string}\"},\"query-input\":\"required name=search_term_string\"}],\"inLanguage\":\"en-US\"}]}<\/script>\n<!-- \/ Yoast SEO plugin. -->","yoast_head_json":{"title":"Klaudia Dzieweczy\u0144ska | Attorney | Kancelaria S&P Pozna\u0144","description":"Attorney. From 2014, a member of the District Bar Council in Pozna\u0144. She entered list of attorneys of Greater Poland Bar Association in 2017.","robots":{"index":"index","follow":"follow","max-snippet":"max-snippet:-1","max-image-preview":"max-image-preview:large","max-video-preview":"max-video-preview:-1"},"canonical":"https:\/\/sp-legal.pl\/en\/klaudia-dzieweczynska\/","og_locale":"en_US","og_type":"article","og_title":"Klaudia Dzieweczy\u0144ska | Attorney | Kancelaria S&P Pozna\u0144","og_description":"Attorney. From 2014, a member of the District Bar Council in Pozna\u0144. She entered list of attorneys of Greater Poland Bar Association in 2017.","og_url":"https:\/\/sp-legal.pl\/en\/klaudia-dzieweczynska\/","og_site_name":"attorney-at-law| Law Firm | Poznan | Warsaw","article_modified_time":"2024-09-01T09:53:22+00:00","og_image":[{"width":1120,"height":1121,"url":"https:\/\/sp-legal.pl\/wp-content\/uploads\/2024\/03\/MANGDA_-Sommerrey-portrety-maj-2023_-06-min-min1.webp","type":"image\/webp"}],"twitter_misc":{"Est. reading time":"3 minutes"},"schema":{"@context":"https:\/\/schema.org","@graph":[{"@type":"WebPage","@id":"https:\/\/sp-legal.pl\/en\/klaudia-dzieweczynska\/","url":"https:\/\/sp-legal.pl\/en\/klaudia-dzieweczynska\/","name":"Klaudia Dzieweczy\u0144ska | Attorney | Kancelaria S&P Pozna\u0144","isPartOf":{"@id":"https:\/\/sp-legal.pl\/#website"},"datePublished":"2018-08-29T14:12:09+00:00","dateModified":"2024-09-01T09:53:22+00:00","description":"Attorney. From 2014, a member of the District Bar Council in Pozna\u0144. She entered list of attorneys of Greater Poland Bar Association in 2017.","breadcrumb":{"@id":"https:\/\/sp-legal.pl\/en\/klaudia-dzieweczynska\/#breadcrumb"},"inLanguage":"en-US","potentialAction":[{"@type":"ReadAction","target":["https:\/\/sp-legal.pl\/en\/klaudia-dzieweczynska\/"]}]},{"@type":"BreadcrumbList","@id":"https:\/\/sp-legal.pl\/en\/klaudia-dzieweczynska\/#breadcrumb","itemListElement":[{"@type":"ListItem","position":1,"name":"Strona g\u0142\u00f3wna","item":"https:\/\/sp-legal.pl\/en\/"},{"@type":"ListItem","position":2,"name":"Klaudia Dzieweczy\u0144ska"}]},{"@type":"WebSite","@id":"https:\/\/sp-legal.pl\/#website","url":"https:\/\/sp-legal.pl\/","name":"attorney-at-law| Law Firm | Poznan | Warsaw","description":"","potentialAction":[{"@type":"SearchAction","target":{"@type":"EntryPoint","urlTemplate":"https:\/\/sp-legal.pl\/?s={search_term_string}"},"query-input":"required name=search_term_string"}],"inLanguage":"en-US"}]}},"_links":{"self":[{"href":"https:\/\/sp-legal.pl\/en\/wp-json\/wp\/v2\/pages\/3449"}],"collection":[{"href":"https:\/\/sp-legal.pl\/en\/wp-json\/wp\/v2\/pages"}],"about":[{"href":"https:\/\/sp-legal.pl\/en\/wp-json\/wp\/v2\/types\/page"}],"author":[{"embeddable":true,"href":"https:\/\/sp-legal.pl\/en\/wp-json\/wp\/v2\/users\/2"}],"replies":[{"embeddable":true,"href":"https:\/\/sp-legal.pl\/en\/wp-json\/wp\/v2\/comments?post=3449"}],"version-history":[{"count":4,"href":"https:\/\/sp-legal.pl\/en\/wp-json\/wp\/v2\/pages\/3449\/revisions"}],"predecessor-version":[{"id":36637,"href":"https:\/\/sp-legal.pl\/en\/wp-json\/wp\/v2\/pages\/3449\/revisions\/36637"}],"wp:featuredmedia":[{"embeddable":true,"href":"https:\/\/sp-legal.pl\/en\/wp-json\/wp\/v2\/media\/36601"}],"wp:attachment":[{"href":"https:\/\/sp-legal.pl\/en\/wp-json\/wp\/v2\/media?parent=3449"}],"curies":[{"name":"wp","href":"https:\/\/api.w.org\/{rel}","templated":true}]}}