{"id":3515,"date":"2018-10-27T10:57:30","date_gmt":"2018-10-27T08:57:30","guid":{"rendered":"https:\/\/sp-legal.pl\/aldona-moczulska-3\/"},"modified":"2025-11-24T08:41:50","modified_gmt":"2025-11-24T07:41:50","slug":"ewa-koziol-braczkowska","status":"publish","type":"page","link":"https:\/\/sp-legal.pl\/en\/ewa-koziol-braczkowska\/","title":{"rendered":"Ewa Kozio\u0142-Br\u0105czkowska"},"content":{"rendered":"\n<p>She specializes in the individual and collective employment law.<\/p>\n\n\n\n<p>She is experienced in advising and supporting employers in all kinds of cases related with employment, including in particular support in litigations, carrying out audits in that area of company\u2019s activity, supporting clients in negotiations with trade unions, conducting collective redundancies and reorganizations of employing entities, drafting contracts and statements for the use of employers, as well as analyzing and verifying various issues connected with employment.<\/p>\n\n\n\n<p>In years 2006-2014, she was leading a department of employment law in significant law firm in Pozna\u0144. Her team provided assistance in the field of any issues related with employment to retail chains, production and trade companies, banks. She has rich training experience. She served multiple times as a speaker during different conferences. She is especially keen to hold meetings with employers from HR departments or management teams and gladly organizes various debates and workshops concerning employment law issues.<\/p>\n\n\n\n<p>Both courtroom and negotiating table are her element.<\/p>\n\n\n\n<p>Currently, in response to increasing need in the market for highly specialized legal services, she decided to start a&nbsp;boutique law firm focused fully to employment law in all its aspects, offering her services to employers, in particular their HR departments.<\/p>\n","protected":false},"excerpt":{"rendered":"<p>She specializes in the individual and collective employment law. She is experienced in advising and supporting employers in all kinds of cases related with employment, including in particular support in litigations, carrying out audits in that area of company\u2019s activity, supporting clients in negotiations with trade unions, conducting collective redundancies and reorganizations of employing entities, [&hellip;]<\/p>\n","protected":false},"author":2,"featured_media":34773,"parent":0,"menu_order":0,"comment_status":"closed","ping_status":"closed","template":"page-expert.php","meta":{"footnotes":""},"class_list":["post-3515","page","type-page","status-publish","has-post-thumbnail","hentry"],"acf":[],"yoast_head":"<!-- This site is optimized with the Yoast SEO plugin v20.11 - https:\/\/yoast.com\/wordpress\/plugins\/seo\/ -->\n<title>Ewa Kozio\u0142-Br\u0105czkowska | Kierownik sekretariatu | Kancelaria Pozna\u0144<\/title>\n<meta name=\"robots\" content=\"noindex, follow\" \/>\n<meta property=\"og:locale\" content=\"en_US\" \/>\n<meta property=\"og:type\" content=\"article\" \/>\n<meta property=\"og:title\" content=\"Ewa Kozio\u0142-Br\u0105czkowska | Kierownik sekretariatu | Kancelaria Pozna\u0144\" \/>\n<meta property=\"og:description\" content=\"She specializes in the individual and collective employment law. She is experienced in advising and supporting employers in all kinds of cases related with employment, including in particular support in litigations, carrying out audits in that area of company\u2019s activity, supporting clients in negotiations with trade unions, conducting collective redundancies and reorganizations of employing entities, [&hellip;]\" \/>\n<meta property=\"og:url\" content=\"https:\/\/sp-legal.pl\/en\/ewa-koziol-braczkowska\/\" \/>\n<meta property=\"og:site_name\" content=\"attorney-at-law| Law Firm | Poznan | Warsaw\" \/>\n<meta property=\"article:modified_time\" content=\"2025-11-24T07:41:50+00:00\" \/>\n<meta property=\"og:image\" content=\"https:\/\/sp-legal.pl\/wp-content\/uploads\/2020\/09\/Ewa_Koziol_small.jpg\" \/>\n\t<meta property=\"og:image:width\" content=\"300\" \/>\n\t<meta property=\"og:image:height\" content=\"300\" \/>\n\t<meta property=\"og:image:type\" content=\"image\/jpeg\" \/>\n<meta name=\"twitter:label1\" content=\"Est. reading time\" \/>\n\t<meta name=\"twitter:data1\" content=\"2 minutes\" \/>\n<script type=\"application\/ld+json\" class=\"yoast-schema-graph\">{\"@context\":\"https:\/\/schema.org\",\"@graph\":[{\"@type\":\"WebPage\",\"@id\":\"https:\/\/sp-legal.pl\/en\/ewa-koziol-braczkowska\/\",\"url\":\"https:\/\/sp-legal.pl\/en\/ewa-koziol-braczkowska\/\",\"name\":\"Ewa Kozio\u0142-Br\u0105czkowska | Kierownik sekretariatu | Kancelaria Pozna\u0144\",\"isPartOf\":{\"@id\":\"https:\/\/sp-legal.pl\/#website\"},\"datePublished\":\"2018-10-27T08:57:30+00:00\",\"dateModified\":\"2025-11-24T07:41:50+00:00\",\"breadcrumb\":{\"@id\":\"https:\/\/sp-legal.pl\/en\/ewa-koziol-braczkowska\/#breadcrumb\"},\"inLanguage\":\"en-US\",\"potentialAction\":[{\"@type\":\"ReadAction\",\"target\":[\"https:\/\/sp-legal.pl\/en\/ewa-koziol-braczkowska\/\"]}]},{\"@type\":\"BreadcrumbList\",\"@id\":\"https:\/\/sp-legal.pl\/en\/ewa-koziol-braczkowska\/#breadcrumb\",\"itemListElement\":[{\"@type\":\"ListItem\",\"position\":1,\"name\":\"Strona g\u0142\u00f3wna\",\"item\":\"https:\/\/sp-legal.pl\/en\/\"},{\"@type\":\"ListItem\",\"position\":2,\"name\":\"Ewa Kozio\u0142-Br\u0105czkowska\"}]},{\"@type\":\"WebSite\",\"@id\":\"https:\/\/sp-legal.pl\/#website\",\"url\":\"https:\/\/sp-legal.pl\/\",\"name\":\"attorney-at-law| Law Firm | Poznan | Warsaw\",\"description\":\"\",\"potentialAction\":[{\"@type\":\"SearchAction\",\"target\":{\"@type\":\"EntryPoint\",\"urlTemplate\":\"https:\/\/sp-legal.pl\/?s={search_term_string}\"},\"query-input\":\"required name=search_term_string\"}],\"inLanguage\":\"en-US\"}]}<\/script>\n<!-- \/ Yoast SEO plugin. -->","yoast_head_json":{"title":"Ewa Kozio\u0142-Br\u0105czkowska | Kierownik sekretariatu | Kancelaria Pozna\u0144","robots":{"index":"noindex","follow":"follow"},"og_locale":"en_US","og_type":"article","og_title":"Ewa Kozio\u0142-Br\u0105czkowska | Kierownik sekretariatu | Kancelaria Pozna\u0144","og_description":"She specializes in the individual and collective employment law. She is experienced in advising and supporting employers in all kinds of cases related with employment, including in particular support in litigations, carrying out audits in that area of company\u2019s activity, supporting clients in negotiations with trade unions, conducting collective redundancies and reorganizations of employing entities, [&hellip;]","og_url":"https:\/\/sp-legal.pl\/en\/ewa-koziol-braczkowska\/","og_site_name":"attorney-at-law| Law Firm | Poznan | Warsaw","article_modified_time":"2025-11-24T07:41:50+00:00","og_image":[{"width":300,"height":300,"url":"https:\/\/sp-legal.pl\/wp-content\/uploads\/2020\/09\/Ewa_Koziol_small.jpg","type":"image\/jpeg"}],"twitter_misc":{"Est. reading time":"2 minutes"},"schema":{"@context":"https:\/\/schema.org","@graph":[{"@type":"WebPage","@id":"https:\/\/sp-legal.pl\/en\/ewa-koziol-braczkowska\/","url":"https:\/\/sp-legal.pl\/en\/ewa-koziol-braczkowska\/","name":"Ewa Kozio\u0142-Br\u0105czkowska | Kierownik sekretariatu | Kancelaria Pozna\u0144","isPartOf":{"@id":"https:\/\/sp-legal.pl\/#website"},"datePublished":"2018-10-27T08:57:30+00:00","dateModified":"2025-11-24T07:41:50+00:00","breadcrumb":{"@id":"https:\/\/sp-legal.pl\/en\/ewa-koziol-braczkowska\/#breadcrumb"},"inLanguage":"en-US","potentialAction":[{"@type":"ReadAction","target":["https:\/\/sp-legal.pl\/en\/ewa-koziol-braczkowska\/"]}]},{"@type":"BreadcrumbList","@id":"https:\/\/sp-legal.pl\/en\/ewa-koziol-braczkowska\/#breadcrumb","itemListElement":[{"@type":"ListItem","position":1,"name":"Strona g\u0142\u00f3wna","item":"https:\/\/sp-legal.pl\/en\/"},{"@type":"ListItem","position":2,"name":"Ewa Kozio\u0142-Br\u0105czkowska"}]},{"@type":"WebSite","@id":"https:\/\/sp-legal.pl\/#website","url":"https:\/\/sp-legal.pl\/","name":"attorney-at-law| Law Firm | Poznan | Warsaw","description":"","potentialAction":[{"@type":"SearchAction","target":{"@type":"EntryPoint","urlTemplate":"https:\/\/sp-legal.pl\/?s={search_term_string}"},"query-input":"required name=search_term_string"}],"inLanguage":"en-US"}]}},"_links":{"self":[{"href":"https:\/\/sp-legal.pl\/en\/wp-json\/wp\/v2\/pages\/3515"}],"collection":[{"href":"https:\/\/sp-legal.pl\/en\/wp-json\/wp\/v2\/pages"}],"about":[{"href":"https:\/\/sp-legal.pl\/en\/wp-json\/wp\/v2\/types\/page"}],"author":[{"embeddable":true,"href":"https:\/\/sp-legal.pl\/en\/wp-json\/wp\/v2\/users\/2"}],"replies":[{"embeddable":true,"href":"https:\/\/sp-legal.pl\/en\/wp-json\/wp\/v2\/comments?post=3515"}],"version-history":[{"count":2,"href":"https:\/\/sp-legal.pl\/en\/wp-json\/wp\/v2\/pages\/3515\/revisions"}],"predecessor-version":[{"id":34778,"href":"https:\/\/sp-legal.pl\/en\/wp-json\/wp\/v2\/pages\/3515\/revisions\/34778"}],"wp:featuredmedia":[{"embeddable":true,"href":"https:\/\/sp-legal.pl\/en\/wp-json\/wp\/v2\/media\/34773"}],"wp:attachment":[{"href":"https:\/\/sp-legal.pl\/en\/wp-json\/wp\/v2\/media?parent=3515"}],"curies":[{"name":"wp","href":"https:\/\/api.w.org\/{rel}","templated":true}]}}