{"id":35799,"date":"2021-06-22T20:41:31","date_gmt":"2021-06-22T18:41:31","guid":{"rendered":"https:\/\/sp-legal.pl\/adriana-zalewska-werra-3\/"},"modified":"2021-07-26T12:11:25","modified_gmt":"2021-07-26T10:11:25","slug":"katarzyna-baginska","status":"publish","type":"page","link":"https:\/\/sp-legal.pl\/en\/katarzyna-baginska\/","title":{"rendered":"Katarzyna Bagi\u0144ska"},"content":{"rendered":"<p>Attorney-at-law at the Regional Bar Association in Pozna\u0144. She graduated from the Faculty of Law and Administration of Adam Mickiewicz University in Pozna\u0144, and subsequently completed her judicial training at the district of Court of Appeal in Pozna\u0144.<\/p>\n<p>She started gaining professional experience while still at university, among other things by giving legal advice as a volunteer. In the course of her further professional career she cooperated with the largest law firms in Wielkopolska.<\/p>\n<p>Her area of interest is broadly defined civil law, with particular emphasis on real estate law and cooperative law.<\/p>\n<p>She represents clients in court disputes, in particular in commercial and compensation proceedings. Within the scope of her practice she provides advice and legal services to business entities, draws up contracts and legal opinions, as well as conducts debt collection proceedings.<\/p>\n<p>She is fluent in English.<\/p>\n<p>She is an enthusiast of mountain hiking, especially in the Tatra Mountains. She also spends her free time listening to true crime podcasts or practising yoga.<\/p>\n","protected":false},"excerpt":{"rendered":"<p>Attorney-at-law at the Regional Bar Association in Pozna\u0144. She graduated from the Faculty of Law and Administration of Adam Mickiewicz University in Pozna\u0144, and subsequently completed her judicial training at the district of Court of Appeal in Pozna\u0144. She started gaining professional experience while still at university, among other things by giving legal advice as [&hellip;]<\/p>\n","protected":false},"author":2,"featured_media":35781,"parent":0,"menu_order":0,"comment_status":"closed","ping_status":"closed","template":"page-expert.php","meta":{"footnotes":""},"class_list":["post-35799","page","type-page","status-publish","has-post-thumbnail","hentry"],"acf":[],"yoast_head":"<!-- This site is optimized with the Yoast SEO plugin v20.11 - https:\/\/yoast.com\/wordpress\/plugins\/seo\/ -->\n<title>Katarzyna Bagi\u0144ska<\/title>\n<meta name=\"robots\" content=\"index, follow, max-snippet:-1, max-image-preview:large, max-video-preview:-1\" \/>\n<link rel=\"canonical\" href=\"https:\/\/sp-legal.pl\/en\/katarzyna-baginska\/\" \/>\n<meta property=\"og:locale\" content=\"en_US\" \/>\n<meta property=\"og:type\" content=\"article\" \/>\n<meta property=\"og:title\" content=\"Katarzyna Bagi\u0144ska\" \/>\n<meta property=\"og:description\" content=\"Attorney-at-law at the Regional Bar Association in Pozna\u0144. She graduated from the Faculty of Law and Administration of Adam Mickiewicz University in Pozna\u0144, and subsequently completed her judicial training at the district of Court of Appeal in Pozna\u0144. She started gaining professional experience while still at university, among other things by giving legal advice as [&hellip;]\" \/>\n<meta property=\"og:url\" content=\"https:\/\/sp-legal.pl\/en\/katarzyna-baginska\/\" \/>\n<meta property=\"og:site_name\" content=\"attorney-at-law| Law Firm | Poznan | Warsaw\" \/>\n<meta property=\"article:modified_time\" content=\"2021-07-26T10:11:25+00:00\" \/>\n<meta property=\"og:image\" content=\"https:\/\/sp-legal.pl\/wp-content\/uploads\/2021\/06\/Katarzyna_Baginska_small.jpg\" \/>\n\t<meta property=\"og:image:width\" content=\"300\" \/>\n\t<meta property=\"og:image:height\" content=\"300\" \/>\n\t<meta property=\"og:image:type\" content=\"image\/jpeg\" \/>\n<meta name=\"twitter:label1\" content=\"Est. reading time\" \/>\n\t<meta name=\"twitter:data1\" content=\"1 minute\" \/>\n<script type=\"application\/ld+json\" class=\"yoast-schema-graph\">{\"@context\":\"https:\/\/schema.org\",\"@graph\":[{\"@type\":\"WebPage\",\"@id\":\"https:\/\/sp-legal.pl\/en\/katarzyna-baginska\/\",\"url\":\"https:\/\/sp-legal.pl\/en\/katarzyna-baginska\/\",\"name\":\"Katarzyna Bagi\u0144ska\",\"isPartOf\":{\"@id\":\"https:\/\/sp-legal.pl\/#website\"},\"datePublished\":\"2021-06-22T18:41:31+00:00\",\"dateModified\":\"2021-07-26T10:11:25+00:00\",\"breadcrumb\":{\"@id\":\"https:\/\/sp-legal.pl\/en\/katarzyna-baginska\/#breadcrumb\"},\"inLanguage\":\"en-US\",\"potentialAction\":[{\"@type\":\"ReadAction\",\"target\":[\"https:\/\/sp-legal.pl\/en\/katarzyna-baginska\/\"]}]},{\"@type\":\"BreadcrumbList\",\"@id\":\"https:\/\/sp-legal.pl\/en\/katarzyna-baginska\/#breadcrumb\",\"itemListElement\":[{\"@type\":\"ListItem\",\"position\":1,\"name\":\"Strona g\u0142\u00f3wna\",\"item\":\"https:\/\/sp-legal.pl\/en\/\"},{\"@type\":\"ListItem\",\"position\":2,\"name\":\"Katarzyna Bagi\u0144ska\"}]},{\"@type\":\"WebSite\",\"@id\":\"https:\/\/sp-legal.pl\/#website\",\"url\":\"https:\/\/sp-legal.pl\/\",\"name\":\"attorney-at-law| Law Firm | Poznan | Warsaw\",\"description\":\"\",\"potentialAction\":[{\"@type\":\"SearchAction\",\"target\":{\"@type\":\"EntryPoint\",\"urlTemplate\":\"https:\/\/sp-legal.pl\/?s={search_term_string}\"},\"query-input\":\"required name=search_term_string\"}],\"inLanguage\":\"en-US\"}]}<\/script>\n<!-- \/ Yoast SEO plugin. -->","yoast_head_json":{"title":"Katarzyna Bagi\u0144ska","robots":{"index":"index","follow":"follow","max-snippet":"max-snippet:-1","max-image-preview":"max-image-preview:large","max-video-preview":"max-video-preview:-1"},"canonical":"https:\/\/sp-legal.pl\/en\/katarzyna-baginska\/","og_locale":"en_US","og_type":"article","og_title":"Katarzyna Bagi\u0144ska","og_description":"Attorney-at-law at the Regional Bar Association in Pozna\u0144. She graduated from the Faculty of Law and Administration of Adam Mickiewicz University in Pozna\u0144, and subsequently completed her judicial training at the district of Court of Appeal in Pozna\u0144. She started gaining professional experience while still at university, among other things by giving legal advice as [&hellip;]","og_url":"https:\/\/sp-legal.pl\/en\/katarzyna-baginska\/","og_site_name":"attorney-at-law| Law Firm | Poznan | Warsaw","article_modified_time":"2021-07-26T10:11:25+00:00","og_image":[{"width":300,"height":300,"url":"https:\/\/sp-legal.pl\/wp-content\/uploads\/2021\/06\/Katarzyna_Baginska_small.jpg","type":"image\/jpeg"}],"twitter_misc":{"Est. reading time":"1 minute"},"schema":{"@context":"https:\/\/schema.org","@graph":[{"@type":"WebPage","@id":"https:\/\/sp-legal.pl\/en\/katarzyna-baginska\/","url":"https:\/\/sp-legal.pl\/en\/katarzyna-baginska\/","name":"Katarzyna Bagi\u0144ska","isPartOf":{"@id":"https:\/\/sp-legal.pl\/#website"},"datePublished":"2021-06-22T18:41:31+00:00","dateModified":"2021-07-26T10:11:25+00:00","breadcrumb":{"@id":"https:\/\/sp-legal.pl\/en\/katarzyna-baginska\/#breadcrumb"},"inLanguage":"en-US","potentialAction":[{"@type":"ReadAction","target":["https:\/\/sp-legal.pl\/en\/katarzyna-baginska\/"]}]},{"@type":"BreadcrumbList","@id":"https:\/\/sp-legal.pl\/en\/katarzyna-baginska\/#breadcrumb","itemListElement":[{"@type":"ListItem","position":1,"name":"Strona g\u0142\u00f3wna","item":"https:\/\/sp-legal.pl\/en\/"},{"@type":"ListItem","position":2,"name":"Katarzyna Bagi\u0144ska"}]},{"@type":"WebSite","@id":"https:\/\/sp-legal.pl\/#website","url":"https:\/\/sp-legal.pl\/","name":"attorney-at-law| Law Firm | Poznan | Warsaw","description":"","potentialAction":[{"@type":"SearchAction","target":{"@type":"EntryPoint","urlTemplate":"https:\/\/sp-legal.pl\/?s={search_term_string}"},"query-input":"required name=search_term_string"}],"inLanguage":"en-US"}]}},"_links":{"self":[{"href":"https:\/\/sp-legal.pl\/en\/wp-json\/wp\/v2\/pages\/35799"}],"collection":[{"href":"https:\/\/sp-legal.pl\/en\/wp-json\/wp\/v2\/pages"}],"about":[{"href":"https:\/\/sp-legal.pl\/en\/wp-json\/wp\/v2\/types\/page"}],"author":[{"embeddable":true,"href":"https:\/\/sp-legal.pl\/en\/wp-json\/wp\/v2\/users\/2"}],"replies":[{"embeddable":true,"href":"https:\/\/sp-legal.pl\/en\/wp-json\/wp\/v2\/comments?post=35799"}],"version-history":[{"count":4,"href":"https:\/\/sp-legal.pl\/en\/wp-json\/wp\/v2\/pages\/35799\/revisions"}],"predecessor-version":[{"id":35869,"href":"https:\/\/sp-legal.pl\/en\/wp-json\/wp\/v2\/pages\/35799\/revisions\/35869"}],"wp:featuredmedia":[{"embeddable":true,"href":"https:\/\/sp-legal.pl\/en\/wp-json\/wp\/v2\/media\/35781"}],"wp:attachment":[{"href":"https:\/\/sp-legal.pl\/en\/wp-json\/wp\/v2\/media?parent=35799"}],"curies":[{"name":"wp","href":"https:\/\/api.w.org\/{rel}","templated":true}]}}