{"id":35806,"date":"2021-06-22T20:46:35","date_gmt":"2021-06-22T18:46:35","guid":{"rendered":"https:\/\/sp-legal.pl\/katarzyna-baginska-3\/"},"modified":"2021-06-22T20:49:56","modified_gmt":"2021-06-22T18:49:56","slug":"katarzyna-bialozyt","status":"publish","type":"page","link":"https:\/\/sp-legal.pl\/en\/katarzyna-bialozyt\/","title":{"rendered":"Katarzyna Bia\u0142o\u017cyt"},"content":{"rendered":"<p>Attorney-at-law at the Regional Bar Association in Pozna\u0144. Graduated law studies at the Faculty of Law and Administration of Adam Mickiewicz University in Poznan and postgraduate studies in New Technology Law at Kozminski University in Warsaw.<\/p>\n<p>She specialises in issues concerning new technologies, intellectual property and data protection. Her professional practice includes also cases concenring commercial contracts, civil law and legal services for entrepreneurs.<\/p>\n<p>She gained her professional experience in law firms in Pozna\u0144.<\/p>\n<p>She is interested in film, photography and healthy lifestyle. She spends her free time travelling.<\/p>\n","protected":false},"excerpt":{"rendered":"<p>Attorney-at-law at the Regional Bar Association in Pozna\u0144. Graduated law studies at the Faculty of Law and Administration of Adam Mickiewicz University in Poznan and postgraduate studies in New Technology Law at Kozminski University in Warsaw. She specialises in issues concerning new technologies, intellectual property and data protection. Her professional practice includes also cases concenring [&hellip;]<\/p>\n","protected":false},"author":2,"featured_media":35763,"parent":0,"menu_order":0,"comment_status":"closed","ping_status":"closed","template":"page-expert.php","meta":{"footnotes":""},"class_list":["post-35806","page","type-page","status-publish","has-post-thumbnail","hentry"],"acf":[],"yoast_head":"<!-- This site is optimized with the Yoast SEO plugin v20.11 - https:\/\/yoast.com\/wordpress\/plugins\/seo\/ -->\n<title>Katarzyna Bia\u0142o\u017cyt<\/title>\n<meta name=\"robots\" content=\"index, follow, max-snippet:-1, max-image-preview:large, max-video-preview:-1\" \/>\n<link rel=\"canonical\" href=\"https:\/\/sp-legal.pl\/en\/katarzyna-bialozyt\/\" \/>\n<meta property=\"og:locale\" content=\"en_US\" \/>\n<meta property=\"og:type\" content=\"article\" \/>\n<meta property=\"og:title\" content=\"Katarzyna Bia\u0142o\u017cyt\" \/>\n<meta property=\"og:description\" content=\"Attorney-at-law at the Regional Bar Association in Pozna\u0144. Graduated law studies at the Faculty of Law and Administration of Adam Mickiewicz University in Poznan and postgraduate studies in New Technology Law at Kozminski University in Warsaw. She specialises in issues concerning new technologies, intellectual property and data protection. Her professional practice includes also cases concenring [&hellip;]\" \/>\n<meta property=\"og:url\" content=\"https:\/\/sp-legal.pl\/en\/katarzyna-bialozyt\/\" \/>\n<meta property=\"og:site_name\" content=\"attorney-at-law| Law Firm | Poznan | Warsaw\" \/>\n<meta property=\"article:modified_time\" content=\"2021-06-22T18:49:56+00:00\" \/>\n<meta property=\"og:image\" content=\"https:\/\/sp-legal.pl\/wp-content\/uploads\/2021\/06\/Katarzyna_Bialozyt_small.jpg\" \/>\n\t<meta property=\"og:image:width\" content=\"300\" \/>\n\t<meta property=\"og:image:height\" content=\"300\" \/>\n\t<meta property=\"og:image:type\" content=\"image\/jpeg\" \/>\n<meta name=\"twitter:label1\" content=\"Est. reading time\" \/>\n\t<meta name=\"twitter:data1\" content=\"1 minute\" \/>\n<script type=\"application\/ld+json\" class=\"yoast-schema-graph\">{\"@context\":\"https:\/\/schema.org\",\"@graph\":[{\"@type\":\"WebPage\",\"@id\":\"https:\/\/sp-legal.pl\/en\/katarzyna-bialozyt\/\",\"url\":\"https:\/\/sp-legal.pl\/en\/katarzyna-bialozyt\/\",\"name\":\"Katarzyna Bia\u0142o\u017cyt\",\"isPartOf\":{\"@id\":\"https:\/\/sp-legal.pl\/#website\"},\"datePublished\":\"2021-06-22T18:46:35+00:00\",\"dateModified\":\"2021-06-22T18:49:56+00:00\",\"breadcrumb\":{\"@id\":\"https:\/\/sp-legal.pl\/en\/katarzyna-bialozyt\/#breadcrumb\"},\"inLanguage\":\"en-US\",\"potentialAction\":[{\"@type\":\"ReadAction\",\"target\":[\"https:\/\/sp-legal.pl\/en\/katarzyna-bialozyt\/\"]}]},{\"@type\":\"BreadcrumbList\",\"@id\":\"https:\/\/sp-legal.pl\/en\/katarzyna-bialozyt\/#breadcrumb\",\"itemListElement\":[{\"@type\":\"ListItem\",\"position\":1,\"name\":\"Strona g\u0142\u00f3wna\",\"item\":\"https:\/\/sp-legal.pl\/en\/\"},{\"@type\":\"ListItem\",\"position\":2,\"name\":\"Katarzyna Bia\u0142o\u017cyt\"}]},{\"@type\":\"WebSite\",\"@id\":\"https:\/\/sp-legal.pl\/#website\",\"url\":\"https:\/\/sp-legal.pl\/\",\"name\":\"attorney-at-law| Law Firm | Poznan | Warsaw\",\"description\":\"\",\"potentialAction\":[{\"@type\":\"SearchAction\",\"target\":{\"@type\":\"EntryPoint\",\"urlTemplate\":\"https:\/\/sp-legal.pl\/?s={search_term_string}\"},\"query-input\":\"required name=search_term_string\"}],\"inLanguage\":\"en-US\"}]}<\/script>\n<!-- \/ Yoast SEO plugin. -->","yoast_head_json":{"title":"Katarzyna Bia\u0142o\u017cyt","robots":{"index":"index","follow":"follow","max-snippet":"max-snippet:-1","max-image-preview":"max-image-preview:large","max-video-preview":"max-video-preview:-1"},"canonical":"https:\/\/sp-legal.pl\/en\/katarzyna-bialozyt\/","og_locale":"en_US","og_type":"article","og_title":"Katarzyna Bia\u0142o\u017cyt","og_description":"Attorney-at-law at the Regional Bar Association in Pozna\u0144. Graduated law studies at the Faculty of Law and Administration of Adam Mickiewicz University in Poznan and postgraduate studies in New Technology Law at Kozminski University in Warsaw. She specialises in issues concerning new technologies, intellectual property and data protection. Her professional practice includes also cases concenring [&hellip;]","og_url":"https:\/\/sp-legal.pl\/en\/katarzyna-bialozyt\/","og_site_name":"attorney-at-law| Law Firm | Poznan | Warsaw","article_modified_time":"2021-06-22T18:49:56+00:00","og_image":[{"width":300,"height":300,"url":"https:\/\/sp-legal.pl\/wp-content\/uploads\/2021\/06\/Katarzyna_Bialozyt_small.jpg","type":"image\/jpeg"}],"twitter_misc":{"Est. reading time":"1 minute"},"schema":{"@context":"https:\/\/schema.org","@graph":[{"@type":"WebPage","@id":"https:\/\/sp-legal.pl\/en\/katarzyna-bialozyt\/","url":"https:\/\/sp-legal.pl\/en\/katarzyna-bialozyt\/","name":"Katarzyna Bia\u0142o\u017cyt","isPartOf":{"@id":"https:\/\/sp-legal.pl\/#website"},"datePublished":"2021-06-22T18:46:35+00:00","dateModified":"2021-06-22T18:49:56+00:00","breadcrumb":{"@id":"https:\/\/sp-legal.pl\/en\/katarzyna-bialozyt\/#breadcrumb"},"inLanguage":"en-US","potentialAction":[{"@type":"ReadAction","target":["https:\/\/sp-legal.pl\/en\/katarzyna-bialozyt\/"]}]},{"@type":"BreadcrumbList","@id":"https:\/\/sp-legal.pl\/en\/katarzyna-bialozyt\/#breadcrumb","itemListElement":[{"@type":"ListItem","position":1,"name":"Strona g\u0142\u00f3wna","item":"https:\/\/sp-legal.pl\/en\/"},{"@type":"ListItem","position":2,"name":"Katarzyna Bia\u0142o\u017cyt"}]},{"@type":"WebSite","@id":"https:\/\/sp-legal.pl\/#website","url":"https:\/\/sp-legal.pl\/","name":"attorney-at-law| Law Firm | Poznan | Warsaw","description":"","potentialAction":[{"@type":"SearchAction","target":{"@type":"EntryPoint","urlTemplate":"https:\/\/sp-legal.pl\/?s={search_term_string}"},"query-input":"required name=search_term_string"}],"inLanguage":"en-US"}]}},"_links":{"self":[{"href":"https:\/\/sp-legal.pl\/en\/wp-json\/wp\/v2\/pages\/35806"}],"collection":[{"href":"https:\/\/sp-legal.pl\/en\/wp-json\/wp\/v2\/pages"}],"about":[{"href":"https:\/\/sp-legal.pl\/en\/wp-json\/wp\/v2\/types\/page"}],"author":[{"embeddable":true,"href":"https:\/\/sp-legal.pl\/en\/wp-json\/wp\/v2\/users\/2"}],"replies":[{"embeddable":true,"href":"https:\/\/sp-legal.pl\/en\/wp-json\/wp\/v2\/comments?post=35806"}],"version-history":[{"count":1,"href":"https:\/\/sp-legal.pl\/en\/wp-json\/wp\/v2\/pages\/35806\/revisions"}],"predecessor-version":[{"id":35810,"href":"https:\/\/sp-legal.pl\/en\/wp-json\/wp\/v2\/pages\/35806\/revisions\/35810"}],"wp:featuredmedia":[{"embeddable":true,"href":"https:\/\/sp-legal.pl\/en\/wp-json\/wp\/v2\/media\/35763"}],"wp:attachment":[{"href":"https:\/\/sp-legal.pl\/en\/wp-json\/wp\/v2\/media?parent=35806"}],"curies":[{"name":"wp","href":"https:\/\/api.w.org\/{rel}","templated":true}]}}