{"id":36413,"date":"2023-05-26T17:23:01","date_gmt":"2023-05-26T15:23:01","guid":{"rendered":"https:\/\/sp-legal.pl\/carrier\/trainee-legal-adviser\/"},"modified":"2023-05-26T17:23:01","modified_gmt":"2023-05-26T15:23:01","slug":"trainee-legal-adviser","status":"publish","type":"page","link":"https:\/\/sp-legal.pl\/en\/trainee-legal-adviser\/","title":{"rendered":"Trainee attorney-at-law"},"content":{"rendered":"<p>&nbsp;<\/p>\n<p><strong>Je\u017celi\u2026<\/strong><\/p>\n<ul>\n<li>interesujesz si\u0119 zagadnieniami z zakresu prawa sp\u00f3\u0142ek, prawa cywilnego, prawa pracy lub prawa podatkowego,<\/li>\n<li>jeste\u015b otwarty na nowe do\u015bwiadczenia oraz wykazujesz si\u0119 gotowo\u015bci\u0105 do zdobywania wiedzy<br \/>\ni nowych umiej\u0119tno\u015bci,<\/li>\n<li>jeste\u015b sumienny, rzetelny i terminowy,<\/li>\n<li>ch\u0119tnie anga\u017cujesz si\u0119 w powierzane Ci zadania, wykazujesz si\u0119 inicjatyw\u0105 w samodzielnym poszukiwaniu rozwi\u0105za\u0144 stawianych przed Tob\u0105 problem\u00f3w oraz potrafisz my\u015ble\u0107 analitycznie,<\/li>\n<li>znasz co najmniej jeden j\u0119zyk obcy w stopniu bardzo dobrym w mowie i pi\u015bmie,<\/li>\n<li>potrafisz obs\u0142ugiwa\u0107 programy z pakietu MS Office oraz programy typu LEX i Legalis,<\/li>\n<\/ul>\n<p><strong>\u2026 to spe\u0142niasz nasze wymagania \u2013 prze\u015blij swoje CV oraz list motywacyjny na adres:<\/strong><\/p>\n<p>&nbsp;<\/p>\n<p style=\"text-align: center;\"><span style=\"color: #c51f42;\"><a style=\"color: #c51f42;\" href=\"mailto:rekrutacja@sflegal.pl\"><strong>rekrutacja@sp-legal.pl<\/strong><\/a> <\/span><strong><br \/>\n<\/strong>(koniecznie do\u0142\u0105cz klauzul\u0119 dotycz\u0105c\u0105 przetwarzania danych osobowych)<\/p>\n<p>&nbsp;<\/p>\n<p><strong><span style=\"text-decoration: underline;\">Co mo\u017cemy zaoferowa\u0107?<\/span><\/strong><\/p>\n<ul>\n<li><strong>Praktyczne do\u015bwiadczenie<\/strong> \u2013 oferujemy mo\u017cliwo\u015b\u0107 zdobycia do\u015bwiadczenia przy projektach restrukturyzacyjnych oraz sukcesyjnych, audytach pracowniczych oraz podatkowych, a tak\u017ce mo\u017cliwo\u015b\u0107 uczestniczenia w rozprawach, negocjacjach oraz spotkaniach z klientami.<\/li>\n<li><strong>Ci\u0105g\u0142y rozw\u00f3j<\/strong> \u2013 staramy si\u0119 przydziela\u0107 pracownikom zadania i projekty z r\u00f3\u017cnych dziedzin prawa, aby umo\u017cliwi\u0107 im zdobycie r\u00f3\u017cnorodnego do\u015bwiadczenia oraz w jak najwi\u0119kszym stopniu rozwin\u0105\u0107 ich potencja\u0142.<\/li>\n<\/ul>\n<p>&nbsp;<\/p>\n<p><strong>Atrakcyjne warunki zatrudnienia <\/strong>\u2013 oferujemy zatrudnienie na podstawie umowy o prac\u0119 oraz mo\u017cliwo\u015b\u0107 obj\u0119cia patronatem.<\/p>\n<p>&nbsp;<\/p>\n","protected":false},"excerpt":{"rendered":"<p>&nbsp; Je\u017celi\u2026 interesujesz si\u0119 zagadnieniami z zakresu prawa sp\u00f3\u0142ek, prawa cywilnego, prawa pracy lub prawa podatkowego, jeste\u015b otwarty na nowe do\u015bwiadczenia oraz wykazujesz si\u0119 gotowo\u015bci\u0105 do zdobywania wiedzy i nowych umiej\u0119tno\u015bci, jeste\u015b sumienny, rzetelny i terminowy, ch\u0119tnie anga\u017cujesz si\u0119 w powierzane Ci zadania, wykazujesz si\u0119 inicjatyw\u0105 w samodzielnym poszukiwaniu rozwi\u0105za\u0144 stawianych przed Tob\u0105 problem\u00f3w oraz [&hellip;]<\/p>\n","protected":false},"author":2,"featured_media":0,"parent":0,"menu_order":0,"comment_status":"closed","ping_status":"closed","template":"","meta":{"footnotes":""},"class_list":["post-36413","page","type-page","status-publish","hentry"],"acf":[],"yoast_head":"<!-- This site is optimized with the Yoast SEO plugin v20.11 - https:\/\/yoast.com\/wordpress\/plugins\/seo\/ -->\n<title>Trainee attorney-at-law - attorney-at-law| Law Firm | Poznan | Warsaw<\/title>\n<meta name=\"robots\" content=\"index, follow, max-snippet:-1, max-image-preview:large, max-video-preview:-1\" \/>\n<link rel=\"canonical\" href=\"https:\/\/sp-legal.pl\/carrier\/trainee-legal-adviser\/\" \/>\n<meta property=\"og:locale\" content=\"en_US\" \/>\n<meta property=\"og:type\" content=\"article\" \/>\n<meta property=\"og:title\" content=\"Trainee attorney-at-law - attorney-at-law| Law Firm | Poznan | Warsaw\" \/>\n<meta property=\"og:description\" content=\"&nbsp; Je\u017celi\u2026 interesujesz si\u0119 zagadnieniami z zakresu prawa sp\u00f3\u0142ek, prawa cywilnego, prawa pracy lub prawa podatkowego, jeste\u015b otwarty na nowe do\u015bwiadczenia oraz wykazujesz si\u0119 gotowo\u015bci\u0105 do zdobywania wiedzy i nowych umiej\u0119tno\u015bci, jeste\u015b sumienny, rzetelny i terminowy, ch\u0119tnie anga\u017cujesz si\u0119 w powierzane Ci zadania, wykazujesz si\u0119 inicjatyw\u0105 w samodzielnym poszukiwaniu rozwi\u0105za\u0144 stawianych przed Tob\u0105 problem\u00f3w oraz [&hellip;]\" \/>\n<meta property=\"og:url\" content=\"https:\/\/sp-legal.pl\/carrier\/trainee-legal-adviser\/\" \/>\n<meta property=\"og:site_name\" content=\"attorney-at-law| Law Firm | Poznan | Warsaw\" \/>\n<meta name=\"twitter:label1\" content=\"Est. reading time\" \/>\n\t<meta name=\"twitter:data1\" content=\"1 minute\" \/>\n<script type=\"application\/ld+json\" class=\"yoast-schema-graph\">{\"@context\":\"https:\/\/schema.org\",\"@graph\":[{\"@type\":\"WebPage\",\"@id\":\"https:\/\/sp-legal.pl\/carrier\/trainee-legal-adviser\/\",\"url\":\"https:\/\/sp-legal.pl\/carrier\/trainee-legal-adviser\/\",\"name\":\"Trainee attorney-at-law - attorney-at-law| Law Firm | Poznan | Warsaw\",\"isPartOf\":{\"@id\":\"https:\/\/sp-legal.pl\/#website\"},\"datePublished\":\"2023-05-26T15:23:01+00:00\",\"dateModified\":\"2023-05-26T15:23:01+00:00\",\"breadcrumb\":{\"@id\":\"https:\/\/sp-legal.pl\/carrier\/trainee-legal-adviser\/#breadcrumb\"},\"inLanguage\":\"en-US\",\"potentialAction\":[{\"@type\":\"ReadAction\",\"target\":[\"https:\/\/sp-legal.pl\/carrier\/trainee-legal-adviser\/\"]}]},{\"@type\":\"BreadcrumbList\",\"@id\":\"https:\/\/sp-legal.pl\/carrier\/trainee-legal-adviser\/#breadcrumb\",\"itemListElement\":[{\"@type\":\"ListItem\",\"position\":1,\"name\":\"Strona g\u0142\u00f3wna\",\"item\":\"https:\/\/sp-legal.pl\/en\/\"},{\"@type\":\"ListItem\",\"position\":2,\"name\":\"Trainee attorney-at-law\"}]},{\"@type\":\"WebSite\",\"@id\":\"https:\/\/sp-legal.pl\/#website\",\"url\":\"https:\/\/sp-legal.pl\/\",\"name\":\"attorney-at-law| Law Firm | Poznan | Warsaw\",\"description\":\"\",\"potentialAction\":[{\"@type\":\"SearchAction\",\"target\":{\"@type\":\"EntryPoint\",\"urlTemplate\":\"https:\/\/sp-legal.pl\/?s={search_term_string}\"},\"query-input\":\"required name=search_term_string\"}],\"inLanguage\":\"en-US\"}]}<\/script>\n<!-- \/ Yoast SEO plugin. -->","yoast_head_json":{"title":"Trainee attorney-at-law - attorney-at-law| Law Firm | Poznan | Warsaw","robots":{"index":"index","follow":"follow","max-snippet":"max-snippet:-1","max-image-preview":"max-image-preview:large","max-video-preview":"max-video-preview:-1"},"canonical":"https:\/\/sp-legal.pl\/carrier\/trainee-legal-adviser\/","og_locale":"en_US","og_type":"article","og_title":"Trainee attorney-at-law - attorney-at-law| Law Firm | Poznan | Warsaw","og_description":"&nbsp; Je\u017celi\u2026 interesujesz si\u0119 zagadnieniami z zakresu prawa sp\u00f3\u0142ek, prawa cywilnego, prawa pracy lub prawa podatkowego, jeste\u015b otwarty na nowe do\u015bwiadczenia oraz wykazujesz si\u0119 gotowo\u015bci\u0105 do zdobywania wiedzy i nowych umiej\u0119tno\u015bci, jeste\u015b sumienny, rzetelny i terminowy, ch\u0119tnie anga\u017cujesz si\u0119 w powierzane Ci zadania, wykazujesz si\u0119 inicjatyw\u0105 w samodzielnym poszukiwaniu rozwi\u0105za\u0144 stawianych przed Tob\u0105 problem\u00f3w oraz [&hellip;]","og_url":"https:\/\/sp-legal.pl\/carrier\/trainee-legal-adviser\/","og_site_name":"attorney-at-law| Law Firm | Poznan | Warsaw","twitter_misc":{"Est. reading time":"1 minute"},"schema":{"@context":"https:\/\/schema.org","@graph":[{"@type":"WebPage","@id":"https:\/\/sp-legal.pl\/carrier\/trainee-legal-adviser\/","url":"https:\/\/sp-legal.pl\/carrier\/trainee-legal-adviser\/","name":"Trainee attorney-at-law - attorney-at-law| Law Firm | Poznan | Warsaw","isPartOf":{"@id":"https:\/\/sp-legal.pl\/#website"},"datePublished":"2023-05-26T15:23:01+00:00","dateModified":"2023-05-26T15:23:01+00:00","breadcrumb":{"@id":"https:\/\/sp-legal.pl\/carrier\/trainee-legal-adviser\/#breadcrumb"},"inLanguage":"en-US","potentialAction":[{"@type":"ReadAction","target":["https:\/\/sp-legal.pl\/carrier\/trainee-legal-adviser\/"]}]},{"@type":"BreadcrumbList","@id":"https:\/\/sp-legal.pl\/carrier\/trainee-legal-adviser\/#breadcrumb","itemListElement":[{"@type":"ListItem","position":1,"name":"Strona g\u0142\u00f3wna","item":"https:\/\/sp-legal.pl\/en\/"},{"@type":"ListItem","position":2,"name":"Trainee attorney-at-law"}]},{"@type":"WebSite","@id":"https:\/\/sp-legal.pl\/#website","url":"https:\/\/sp-legal.pl\/","name":"attorney-at-law| Law Firm | Poznan | Warsaw","description":"","potentialAction":[{"@type":"SearchAction","target":{"@type":"EntryPoint","urlTemplate":"https:\/\/sp-legal.pl\/?s={search_term_string}"},"query-input":"required name=search_term_string"}],"inLanguage":"en-US"}]}},"_links":{"self":[{"href":"https:\/\/sp-legal.pl\/en\/wp-json\/wp\/v2\/pages\/36413"}],"collection":[{"href":"https:\/\/sp-legal.pl\/en\/wp-json\/wp\/v2\/pages"}],"about":[{"href":"https:\/\/sp-legal.pl\/en\/wp-json\/wp\/v2\/types\/page"}],"author":[{"embeddable":true,"href":"https:\/\/sp-legal.pl\/en\/wp-json\/wp\/v2\/users\/2"}],"replies":[{"embeddable":true,"href":"https:\/\/sp-legal.pl\/en\/wp-json\/wp\/v2\/comments?post=36413"}],"version-history":[{"count":0,"href":"https:\/\/sp-legal.pl\/en\/wp-json\/wp\/v2\/pages\/36413\/revisions"}],"wp:attachment":[{"href":"https:\/\/sp-legal.pl\/en\/wp-json\/wp\/v2\/media?parent=36413"}],"curies":[{"name":"wp","href":"https:\/\/api.w.org\/{rel}","templated":true}]}}