{"id":36794,"date":"2025-05-16T19:14:18","date_gmt":"2025-05-16T17:14:18","guid":{"rendered":"https:\/\/sp-legal.pl\/justyna-nowak-3\/"},"modified":"2025-07-09T10:30:39","modified_gmt":"2025-07-09T08:30:39","slug":"justyna-swiecicka","status":"publish","type":"page","link":"https:\/\/sp-legal.pl\/en\/justyna-swiecicka\/","title":{"rendered":"Justyna \u015awi\u0119cicka"},"content":{"rendered":"<p>Attorney at law, memeber of the District Chamber of Legal Advisors in Pozna\u0144. She graduated in law from the Faculty of Law and Administration and in political science from the Faculty of Political Sciences and Journalism at Adam Mickiewicz University in Pozna\u0144. She also completed postgraduate studies in Public Relations in practice at the Leon Ko\u017ami\u0144ski Academy in Warsaw.<\/p>\n<p>She specialises in civil and commercial law with particular emphasis on bankruptcy and restructuring law. In her professional practice to date, she has gained experience in the course and supervision of bankruptcy proceedings with respect to entrepreneurs and natural persons not conducting business activity, as well as restructuring proceedings.<\/p>\n<p>She has participated in training courses on insolvency and restructuring law organised by KSSIP.<\/p>\n<p>She prefers to spend her free time actively with her family.<\/p>\n<p>She loves travelling small and big.<\/p>\n","protected":false},"excerpt":{"rendered":"<p>Attorney at law, memeber of the District Chamber of Legal Advisors in Pozna\u0144. She graduated in law from the Faculty of Law and Administration and in political science from the Faculty of Political Sciences and Journalism at Adam Mickiewicz University in Pozna\u0144. She also completed postgraduate studies in Public Relations in practice at the Leon [&hellip;]<\/p>\n","protected":false},"author":62,"featured_media":36929,"parent":0,"menu_order":1,"comment_status":"closed","ping_status":"closed","template":"page-expert.php","meta":{"footnotes":""},"class_list":["post-36794","page","type-page","status-publish","has-post-thumbnail","hentry"],"acf":[],"yoast_head":"<!-- This site is optimized with the Yoast SEO plugin v20.11 - https:\/\/yoast.com\/wordpress\/plugins\/seo\/ -->\n<title>Justyna \u015awi\u0119cicka<\/title>\n<meta name=\"robots\" content=\"index, follow, max-snippet:-1, max-image-preview:large, max-video-preview:-1\" \/>\n<link rel=\"canonical\" href=\"https:\/\/sp-legal.pl\/en\/justyna-swiecicka\/\" \/>\n<meta property=\"og:locale\" content=\"en_US\" \/>\n<meta property=\"og:type\" content=\"article\" \/>\n<meta property=\"og:title\" content=\"Justyna \u015awi\u0119cicka\" \/>\n<meta property=\"og:description\" content=\"Attorney at law, memeber of the District Chamber of Legal Advisors in Pozna\u0144. She graduated in law from the Faculty of Law and Administration and in political science from the Faculty of Political Sciences and Journalism at Adam Mickiewicz University in Pozna\u0144. She also completed postgraduate studies in Public Relations in practice at the Leon [&hellip;]\" \/>\n<meta property=\"og:url\" content=\"https:\/\/sp-legal.pl\/en\/justyna-swiecicka\/\" \/>\n<meta property=\"og:site_name\" content=\"attorney-at-law| Law Firm | Poznan | Warsaw\" \/>\n<meta property=\"article:modified_time\" content=\"2025-07-09T08:30:39+00:00\" \/>\n<meta property=\"og:image\" content=\"https:\/\/sp-legal.pl\/wp-content\/uploads\/2025\/06\/MANGDA___Sommerrey__luty_2025___male_041-kopia7.png\" \/>\n\t<meta property=\"og:image:width\" content=\"300\" \/>\n\t<meta property=\"og:image:height\" content=\"300\" \/>\n\t<meta property=\"og:image:type\" content=\"image\/png\" \/>\n<meta name=\"twitter:label1\" content=\"Est. reading time\" \/>\n\t<meta name=\"twitter:data1\" content=\"1 minute\" \/>\n<script type=\"application\/ld+json\" class=\"yoast-schema-graph\">{\"@context\":\"https:\/\/schema.org\",\"@graph\":[{\"@type\":\"WebPage\",\"@id\":\"https:\/\/sp-legal.pl\/en\/justyna-swiecicka\/\",\"url\":\"https:\/\/sp-legal.pl\/en\/justyna-swiecicka\/\",\"name\":\"Justyna \u015awi\u0119cicka\",\"isPartOf\":{\"@id\":\"https:\/\/sp-legal.pl\/#website\"},\"datePublished\":\"2025-05-16T17:14:18+00:00\",\"dateModified\":\"2025-07-09T08:30:39+00:00\",\"breadcrumb\":{\"@id\":\"https:\/\/sp-legal.pl\/en\/justyna-swiecicka\/#breadcrumb\"},\"inLanguage\":\"en-US\",\"potentialAction\":[{\"@type\":\"ReadAction\",\"target\":[\"https:\/\/sp-legal.pl\/en\/justyna-swiecicka\/\"]}]},{\"@type\":\"BreadcrumbList\",\"@id\":\"https:\/\/sp-legal.pl\/en\/justyna-swiecicka\/#breadcrumb\",\"itemListElement\":[{\"@type\":\"ListItem\",\"position\":1,\"name\":\"Strona g\u0142\u00f3wna\",\"item\":\"https:\/\/sp-legal.pl\/en\/\"},{\"@type\":\"ListItem\",\"position\":2,\"name\":\"Justyna \u015awi\u0119cicka\"}]},{\"@type\":\"WebSite\",\"@id\":\"https:\/\/sp-legal.pl\/#website\",\"url\":\"https:\/\/sp-legal.pl\/\",\"name\":\"attorney-at-law| Law Firm | Poznan | Warsaw\",\"description\":\"\",\"potentialAction\":[{\"@type\":\"SearchAction\",\"target\":{\"@type\":\"EntryPoint\",\"urlTemplate\":\"https:\/\/sp-legal.pl\/?s={search_term_string}\"},\"query-input\":\"required name=search_term_string\"}],\"inLanguage\":\"en-US\"}]}<\/script>\n<!-- \/ Yoast SEO plugin. -->","yoast_head_json":{"title":"Justyna \u015awi\u0119cicka","robots":{"index":"index","follow":"follow","max-snippet":"max-snippet:-1","max-image-preview":"max-image-preview:large","max-video-preview":"max-video-preview:-1"},"canonical":"https:\/\/sp-legal.pl\/en\/justyna-swiecicka\/","og_locale":"en_US","og_type":"article","og_title":"Justyna \u015awi\u0119cicka","og_description":"Attorney at law, memeber of the District Chamber of Legal Advisors in Pozna\u0144. She graduated in law from the Faculty of Law and Administration and in political science from the Faculty of Political Sciences and Journalism at Adam Mickiewicz University in Pozna\u0144. She also completed postgraduate studies in Public Relations in practice at the Leon [&hellip;]","og_url":"https:\/\/sp-legal.pl\/en\/justyna-swiecicka\/","og_site_name":"attorney-at-law| Law Firm | Poznan | Warsaw","article_modified_time":"2025-07-09T08:30:39+00:00","og_image":[{"width":300,"height":300,"url":"https:\/\/sp-legal.pl\/wp-content\/uploads\/2025\/06\/MANGDA___Sommerrey__luty_2025___male_041-kopia7.png","type":"image\/png"}],"twitter_misc":{"Est. reading time":"1 minute"},"schema":{"@context":"https:\/\/schema.org","@graph":[{"@type":"WebPage","@id":"https:\/\/sp-legal.pl\/en\/justyna-swiecicka\/","url":"https:\/\/sp-legal.pl\/en\/justyna-swiecicka\/","name":"Justyna \u015awi\u0119cicka","isPartOf":{"@id":"https:\/\/sp-legal.pl\/#website"},"datePublished":"2025-05-16T17:14:18+00:00","dateModified":"2025-07-09T08:30:39+00:00","breadcrumb":{"@id":"https:\/\/sp-legal.pl\/en\/justyna-swiecicka\/#breadcrumb"},"inLanguage":"en-US","potentialAction":[{"@type":"ReadAction","target":["https:\/\/sp-legal.pl\/en\/justyna-swiecicka\/"]}]},{"@type":"BreadcrumbList","@id":"https:\/\/sp-legal.pl\/en\/justyna-swiecicka\/#breadcrumb","itemListElement":[{"@type":"ListItem","position":1,"name":"Strona g\u0142\u00f3wna","item":"https:\/\/sp-legal.pl\/en\/"},{"@type":"ListItem","position":2,"name":"Justyna \u015awi\u0119cicka"}]},{"@type":"WebSite","@id":"https:\/\/sp-legal.pl\/#website","url":"https:\/\/sp-legal.pl\/","name":"attorney-at-law| Law Firm | Poznan | Warsaw","description":"","potentialAction":[{"@type":"SearchAction","target":{"@type":"EntryPoint","urlTemplate":"https:\/\/sp-legal.pl\/?s={search_term_string}"},"query-input":"required name=search_term_string"}],"inLanguage":"en-US"}]}},"_links":{"self":[{"href":"https:\/\/sp-legal.pl\/en\/wp-json\/wp\/v2\/pages\/36794"}],"collection":[{"href":"https:\/\/sp-legal.pl\/en\/wp-json\/wp\/v2\/pages"}],"about":[{"href":"https:\/\/sp-legal.pl\/en\/wp-json\/wp\/v2\/types\/page"}],"author":[{"embeddable":true,"href":"https:\/\/sp-legal.pl\/en\/wp-json\/wp\/v2\/users\/62"}],"replies":[{"embeddable":true,"href":"https:\/\/sp-legal.pl\/en\/wp-json\/wp\/v2\/comments?post=36794"}],"version-history":[{"count":1,"href":"https:\/\/sp-legal.pl\/en\/wp-json\/wp\/v2\/pages\/36794\/revisions"}],"predecessor-version":[{"id":36801,"href":"https:\/\/sp-legal.pl\/en\/wp-json\/wp\/v2\/pages\/36794\/revisions\/36801"}],"wp:featuredmedia":[{"embeddable":true,"href":"https:\/\/sp-legal.pl\/en\/wp-json\/wp\/v2\/media\/36929"}],"wp:attachment":[{"href":"https:\/\/sp-legal.pl\/en\/wp-json\/wp\/v2\/media?parent=36794"}],"curies":[{"name":"wp","href":"https:\/\/api.w.org\/{rel}","templated":true}]}}