{"id":36813,"date":"2025-05-16T19:34:15","date_gmt":"2025-05-16T17:34:15","guid":{"rendered":"https:\/\/sp-legal.pl\/adam-rajewski-4\/"},"modified":"2025-07-09T10:31:32","modified_gmt":"2025-07-09T08:31:32","slug":"lukasz-dimke","status":"publish","type":"page","link":"https:\/\/sp-legal.pl\/en\/lukasz-dimke\/","title":{"rendered":"\u0141ukasz Dimke"},"content":{"rendered":"<p>\u0141ukasz Dimke is a graduate of the Faculty of Law and Administration at Adam Mickiewicz University in Pozna\u0144. Since 2024, he has been enrolled in the legal counsel training program at the Pozna\u0144 Bar Association of Attorneys- at- Law.<\/p>\n<p>He holds a master\u2019s degree in law, having defended his thesis in the field of constitutional law. His research focused on the scope of the President of the Republic of Poland\u2019s powers in the conduct of foreign policy.<\/p>\n<p>His professional interests include constitutional law, commercial company law, and labor law. As a motivated and ambitious legal professional, he remains open to expanding his expertise and embracing new challenges.<\/p>\n<p>Mr. Dimke began acquiring legal experience during his academic studies, working with several law firms based in Pozna\u0144.<\/p>\n<p>Outside of his professional pursuits, he has a keen interest in politics and modern history, particularly the post\u2013World War II era. He is also passionate about an active lifestyle\u2014regularly training in swimming, sailing, and skiing.<\/p>\n<p>He is proficient in English.<\/p>\n","protected":false},"excerpt":{"rendered":"<p>\u0141ukasz Dimke is a graduate of the Faculty of Law and Administration at Adam Mickiewicz University in Pozna\u0144. Since 2024, he has been enrolled in the legal counsel training program at the Pozna\u0144 Bar Association of Attorneys- at- Law. He holds a master\u2019s degree in law, having defended his thesis in the field of constitutional [&hellip;]<\/p>\n","protected":false},"author":62,"featured_media":36937,"parent":0,"menu_order":0,"comment_status":"closed","ping_status":"closed","template":"page-expert.php","meta":{"footnotes":""},"class_list":["post-36813","page","type-page","status-publish","has-post-thumbnail","hentry"],"acf":[],"yoast_head":"<!-- This site is optimized with the Yoast SEO plugin v20.11 - https:\/\/yoast.com\/wordpress\/plugins\/seo\/ -->\n<title>\u0141ukasz Dimke<\/title>\n<meta name=\"robots\" content=\"index, follow, max-snippet:-1, max-image-preview:large, max-video-preview:-1\" \/>\n<link rel=\"canonical\" href=\"https:\/\/sp-legal.pl\/en\/lukasz-dimke\/\" \/>\n<meta property=\"og:locale\" content=\"en_US\" \/>\n<meta property=\"og:type\" content=\"article\" \/>\n<meta property=\"og:title\" content=\"\u0141ukasz Dimke\" \/>\n<meta property=\"og:description\" content=\"\u0141ukasz Dimke is a graduate of the Faculty of Law and Administration at Adam Mickiewicz University in Pozna\u0144. Since 2024, he has been enrolled in the legal counsel training program at the Pozna\u0144 Bar Association of Attorneys- at- Law. He holds a master\u2019s degree in law, having defended his thesis in the field of constitutional [&hellip;]\" \/>\n<meta property=\"og:url\" content=\"https:\/\/sp-legal.pl\/en\/lukasz-dimke\/\" \/>\n<meta property=\"og:site_name\" content=\"attorney-at-law| Law Firm | Poznan | Warsaw\" \/>\n<meta property=\"article:modified_time\" content=\"2025-07-09T08:31:32+00:00\" \/>\n<meta property=\"og:image\" content=\"https:\/\/sp-legal.pl\/wp-content\/uploads\/2025\/06\/MANGDA___Sommerrey__luty_2025___male_041-kopia3-1.png\" \/>\n\t<meta property=\"og:image:width\" content=\"300\" \/>\n\t<meta property=\"og:image:height\" content=\"300\" \/>\n\t<meta property=\"og:image:type\" content=\"image\/png\" \/>\n<meta name=\"twitter:label1\" content=\"Est. reading time\" \/>\n\t<meta name=\"twitter:data1\" content=\"1 minute\" \/>\n<script type=\"application\/ld+json\" class=\"yoast-schema-graph\">{\"@context\":\"https:\/\/schema.org\",\"@graph\":[{\"@type\":\"WebPage\",\"@id\":\"https:\/\/sp-legal.pl\/en\/lukasz-dimke\/\",\"url\":\"https:\/\/sp-legal.pl\/en\/lukasz-dimke\/\",\"name\":\"\u0141ukasz Dimke\",\"isPartOf\":{\"@id\":\"https:\/\/sp-legal.pl\/#website\"},\"datePublished\":\"2025-05-16T17:34:15+00:00\",\"dateModified\":\"2025-07-09T08:31:32+00:00\",\"breadcrumb\":{\"@id\":\"https:\/\/sp-legal.pl\/en\/lukasz-dimke\/#breadcrumb\"},\"inLanguage\":\"en-US\",\"potentialAction\":[{\"@type\":\"ReadAction\",\"target\":[\"https:\/\/sp-legal.pl\/en\/lukasz-dimke\/\"]}]},{\"@type\":\"BreadcrumbList\",\"@id\":\"https:\/\/sp-legal.pl\/en\/lukasz-dimke\/#breadcrumb\",\"itemListElement\":[{\"@type\":\"ListItem\",\"position\":1,\"name\":\"Strona g\u0142\u00f3wna\",\"item\":\"https:\/\/sp-legal.pl\/en\/\"},{\"@type\":\"ListItem\",\"position\":2,\"name\":\"\u0141ukasz Dimke\"}]},{\"@type\":\"WebSite\",\"@id\":\"https:\/\/sp-legal.pl\/#website\",\"url\":\"https:\/\/sp-legal.pl\/\",\"name\":\"attorney-at-law| Law Firm | Poznan | Warsaw\",\"description\":\"\",\"potentialAction\":[{\"@type\":\"SearchAction\",\"target\":{\"@type\":\"EntryPoint\",\"urlTemplate\":\"https:\/\/sp-legal.pl\/?s={search_term_string}\"},\"query-input\":\"required name=search_term_string\"}],\"inLanguage\":\"en-US\"}]}<\/script>\n<!-- \/ Yoast SEO plugin. -->","yoast_head_json":{"title":"\u0141ukasz Dimke","robots":{"index":"index","follow":"follow","max-snippet":"max-snippet:-1","max-image-preview":"max-image-preview:large","max-video-preview":"max-video-preview:-1"},"canonical":"https:\/\/sp-legal.pl\/en\/lukasz-dimke\/","og_locale":"en_US","og_type":"article","og_title":"\u0141ukasz Dimke","og_description":"\u0141ukasz Dimke is a graduate of the Faculty of Law and Administration at Adam Mickiewicz University in Pozna\u0144. Since 2024, he has been enrolled in the legal counsel training program at the Pozna\u0144 Bar Association of Attorneys- at- Law. He holds a master\u2019s degree in law, having defended his thesis in the field of constitutional [&hellip;]","og_url":"https:\/\/sp-legal.pl\/en\/lukasz-dimke\/","og_site_name":"attorney-at-law| Law Firm | Poznan | Warsaw","article_modified_time":"2025-07-09T08:31:32+00:00","og_image":[{"width":300,"height":300,"url":"https:\/\/sp-legal.pl\/wp-content\/uploads\/2025\/06\/MANGDA___Sommerrey__luty_2025___male_041-kopia3-1.png","type":"image\/png"}],"twitter_misc":{"Est. reading time":"1 minute"},"schema":{"@context":"https:\/\/schema.org","@graph":[{"@type":"WebPage","@id":"https:\/\/sp-legal.pl\/en\/lukasz-dimke\/","url":"https:\/\/sp-legal.pl\/en\/lukasz-dimke\/","name":"\u0141ukasz Dimke","isPartOf":{"@id":"https:\/\/sp-legal.pl\/#website"},"datePublished":"2025-05-16T17:34:15+00:00","dateModified":"2025-07-09T08:31:32+00:00","breadcrumb":{"@id":"https:\/\/sp-legal.pl\/en\/lukasz-dimke\/#breadcrumb"},"inLanguage":"en-US","potentialAction":[{"@type":"ReadAction","target":["https:\/\/sp-legal.pl\/en\/lukasz-dimke\/"]}]},{"@type":"BreadcrumbList","@id":"https:\/\/sp-legal.pl\/en\/lukasz-dimke\/#breadcrumb","itemListElement":[{"@type":"ListItem","position":1,"name":"Strona g\u0142\u00f3wna","item":"https:\/\/sp-legal.pl\/en\/"},{"@type":"ListItem","position":2,"name":"\u0141ukasz Dimke"}]},{"@type":"WebSite","@id":"https:\/\/sp-legal.pl\/#website","url":"https:\/\/sp-legal.pl\/","name":"attorney-at-law| Law Firm | Poznan | Warsaw","description":"","potentialAction":[{"@type":"SearchAction","target":{"@type":"EntryPoint","urlTemplate":"https:\/\/sp-legal.pl\/?s={search_term_string}"},"query-input":"required name=search_term_string"}],"inLanguage":"en-US"}]}},"_links":{"self":[{"href":"https:\/\/sp-legal.pl\/en\/wp-json\/wp\/v2\/pages\/36813"}],"collection":[{"href":"https:\/\/sp-legal.pl\/en\/wp-json\/wp\/v2\/pages"}],"about":[{"href":"https:\/\/sp-legal.pl\/en\/wp-json\/wp\/v2\/types\/page"}],"author":[{"embeddable":true,"href":"https:\/\/sp-legal.pl\/en\/wp-json\/wp\/v2\/users\/62"}],"replies":[{"embeddable":true,"href":"https:\/\/sp-legal.pl\/en\/wp-json\/wp\/v2\/comments?post=36813"}],"version-history":[{"count":1,"href":"https:\/\/sp-legal.pl\/en\/wp-json\/wp\/v2\/pages\/36813\/revisions"}],"predecessor-version":[{"id":36819,"href":"https:\/\/sp-legal.pl\/en\/wp-json\/wp\/v2\/pages\/36813\/revisions\/36819"}],"wp:featuredmedia":[{"embeddable":true,"href":"https:\/\/sp-legal.pl\/en\/wp-json\/wp\/v2\/media\/36937"}],"wp:attachment":[{"href":"https:\/\/sp-legal.pl\/en\/wp-json\/wp\/v2\/media?parent=36813"}],"curies":[{"name":"wp","href":"https:\/\/api.w.org\/{rel}","templated":true}]}}