{"id":37063,"date":"2025-11-20T19:42:02","date_gmt":"2025-11-20T18:42:02","guid":{"rendered":"https:\/\/sp-legal.pl\/adam-rajewski-4\/"},"modified":"2025-11-24T08:36:45","modified_gmt":"2025-11-24T07:36:45","slug":"wiktor-kaplon","status":"publish","type":"page","link":"https:\/\/sp-legal.pl\/en\/wiktor-kaplon\/","title":{"rendered":"Wiktor Kap\u0142on"},"content":{"rendered":"<p>Wiktor Kap\u0142on is a graduate of the Faculty of Law and Administration at Adam Mickiewicz University in Pozna\u0144. Since 2025, he has been enrolled in the legal counsel training program at the Pozna\u0144 Bar Association of Attorneys-at-Law.<\/p>\n<p>He holds a master\u2019s degree in law, having defended his thesis in commercial company law, which concerned the procedure for excluding a partner from a limited liability company. His interests include civil proceedings, in particular enforcement proceedings, and commercial law in the broad sense, with a focus on commercial company law.<\/p>\n<p>He also gained his professional experience during his studies, working in law firms in Pozna\u0144.<\/p>\n<p>Privately, he is a football enthusiast, an active player in a football club and, since 2018, a football referee<br \/>\nin the Referees&#8217; Association of the Wielkopolska Football Association. In addition to football, he has<br \/>\nbeen regularly training in swimming for many years. His other interests include music, in particular<br \/>\nplaying the piano.<\/p>\n<p>Language: English<\/p>\n","protected":false},"excerpt":{"rendered":"<p>Wiktor Kap\u0142on is a graduate of the Faculty of Law and Administration at Adam Mickiewicz University in Pozna\u0144. Since 2025, he has been enrolled in the legal counsel training program at the Pozna\u0144 Bar Association of Attorneys-at-Law. He holds a master\u2019s degree in law, having defended his thesis in commercial company law, which concerned the [&hellip;]<\/p>\n","protected":false},"author":62,"featured_media":37153,"parent":0,"menu_order":0,"comment_status":"closed","ping_status":"closed","template":"page-expert.php","meta":{"footnotes":""},"class_list":["post-37063","page","type-page","status-publish","has-post-thumbnail","hentry"],"acf":[],"yoast_head":"<!-- This site is optimized with the Yoast SEO plugin v20.11 - https:\/\/yoast.com\/wordpress\/plugins\/seo\/ -->\n<title>Wiktor Kap\u0142on | Kancelaria S&amp;P Pozna\u0144<\/title>\n<meta name=\"robots\" content=\"index, follow, max-snippet:-1, max-image-preview:large, max-video-preview:-1\" \/>\n<link rel=\"canonical\" href=\"https:\/\/sp-legal.pl\/en\/wiktor-kaplon\/\" \/>\n<meta property=\"og:locale\" content=\"en_US\" \/>\n<meta property=\"og:type\" content=\"article\" \/>\n<meta property=\"og:title\" content=\"Wiktor Kap\u0142on | Kancelaria S&amp;P Pozna\u0144\" \/>\n<meta property=\"og:description\" content=\"Wiktor Kap\u0142on is a graduate of the Faculty of Law and Administration at Adam Mickiewicz University in Pozna\u0144. Since 2025, he has been enrolled in the legal counsel training program at the Pozna\u0144 Bar Association of Attorneys-at-Law. He holds a master\u2019s degree in law, having defended his thesis in commercial company law, which concerned the [&hellip;]\" \/>\n<meta property=\"og:url\" content=\"https:\/\/sp-legal.pl\/en\/wiktor-kaplon\/\" \/>\n<meta property=\"og:site_name\" content=\"attorney-at-law| Law Firm | Poznan | Warsaw\" \/>\n<meta property=\"article:modified_time\" content=\"2025-11-24T07:36:45+00:00\" \/>\n<meta property=\"og:image\" content=\"https:\/\/sp-legal.pl\/wp-content\/uploads\/2025\/11\/MANGDA_-Sommerrey-pazdziernik-2-2-1.jpg\" \/>\n\t<meta property=\"og:image:width\" content=\"300\" \/>\n\t<meta property=\"og:image:height\" content=\"300\" \/>\n\t<meta property=\"og:image:type\" content=\"image\/jpeg\" \/>\n<meta name=\"twitter:label1\" content=\"Est. reading time\" \/>\n\t<meta name=\"twitter:data1\" content=\"1 minute\" \/>\n<script type=\"application\/ld+json\" class=\"yoast-schema-graph\">{\"@context\":\"https:\/\/schema.org\",\"@graph\":[{\"@type\":\"WebPage\",\"@id\":\"https:\/\/sp-legal.pl\/en\/wiktor-kaplon\/\",\"url\":\"https:\/\/sp-legal.pl\/en\/wiktor-kaplon\/\",\"name\":\"Wiktor Kap\u0142on | Kancelaria S&P Pozna\u0144\",\"isPartOf\":{\"@id\":\"https:\/\/sp-legal.pl\/#website\"},\"datePublished\":\"2025-11-20T18:42:02+00:00\",\"dateModified\":\"2025-11-24T07:36:45+00:00\",\"breadcrumb\":{\"@id\":\"https:\/\/sp-legal.pl\/en\/wiktor-kaplon\/#breadcrumb\"},\"inLanguage\":\"en-US\",\"potentialAction\":[{\"@type\":\"ReadAction\",\"target\":[\"https:\/\/sp-legal.pl\/en\/wiktor-kaplon\/\"]}]},{\"@type\":\"BreadcrumbList\",\"@id\":\"https:\/\/sp-legal.pl\/en\/wiktor-kaplon\/#breadcrumb\",\"itemListElement\":[{\"@type\":\"ListItem\",\"position\":1,\"name\":\"Strona g\u0142\u00f3wna\",\"item\":\"https:\/\/sp-legal.pl\/en\/\"},{\"@type\":\"ListItem\",\"position\":2,\"name\":\"Wiktor Kap\u0142on\"}]},{\"@type\":\"WebSite\",\"@id\":\"https:\/\/sp-legal.pl\/#website\",\"url\":\"https:\/\/sp-legal.pl\/\",\"name\":\"attorney-at-law| Law Firm | Poznan | Warsaw\",\"description\":\"\",\"potentialAction\":[{\"@type\":\"SearchAction\",\"target\":{\"@type\":\"EntryPoint\",\"urlTemplate\":\"https:\/\/sp-legal.pl\/?s={search_term_string}\"},\"query-input\":\"required name=search_term_string\"}],\"inLanguage\":\"en-US\"}]}<\/script>\n<!-- \/ Yoast SEO plugin. -->","yoast_head_json":{"title":"Wiktor Kap\u0142on | Kancelaria S&P Pozna\u0144","robots":{"index":"index","follow":"follow","max-snippet":"max-snippet:-1","max-image-preview":"max-image-preview:large","max-video-preview":"max-video-preview:-1"},"canonical":"https:\/\/sp-legal.pl\/en\/wiktor-kaplon\/","og_locale":"en_US","og_type":"article","og_title":"Wiktor Kap\u0142on | Kancelaria S&P Pozna\u0144","og_description":"Wiktor Kap\u0142on is a graduate of the Faculty of Law and Administration at Adam Mickiewicz University in Pozna\u0144. Since 2025, he has been enrolled in the legal counsel training program at the Pozna\u0144 Bar Association of Attorneys-at-Law. He holds a master\u2019s degree in law, having defended his thesis in commercial company law, which concerned the [&hellip;]","og_url":"https:\/\/sp-legal.pl\/en\/wiktor-kaplon\/","og_site_name":"attorney-at-law| Law Firm | Poznan | Warsaw","article_modified_time":"2025-11-24T07:36:45+00:00","og_image":[{"width":300,"height":300,"url":"https:\/\/sp-legal.pl\/wp-content\/uploads\/2025\/11\/MANGDA_-Sommerrey-pazdziernik-2-2-1.jpg","type":"image\/jpeg"}],"twitter_misc":{"Est. reading time":"1 minute"},"schema":{"@context":"https:\/\/schema.org","@graph":[{"@type":"WebPage","@id":"https:\/\/sp-legal.pl\/en\/wiktor-kaplon\/","url":"https:\/\/sp-legal.pl\/en\/wiktor-kaplon\/","name":"Wiktor Kap\u0142on | Kancelaria S&P Pozna\u0144","isPartOf":{"@id":"https:\/\/sp-legal.pl\/#website"},"datePublished":"2025-11-20T18:42:02+00:00","dateModified":"2025-11-24T07:36:45+00:00","breadcrumb":{"@id":"https:\/\/sp-legal.pl\/en\/wiktor-kaplon\/#breadcrumb"},"inLanguage":"en-US","potentialAction":[{"@type":"ReadAction","target":["https:\/\/sp-legal.pl\/en\/wiktor-kaplon\/"]}]},{"@type":"BreadcrumbList","@id":"https:\/\/sp-legal.pl\/en\/wiktor-kaplon\/#breadcrumb","itemListElement":[{"@type":"ListItem","position":1,"name":"Strona g\u0142\u00f3wna","item":"https:\/\/sp-legal.pl\/en\/"},{"@type":"ListItem","position":2,"name":"Wiktor Kap\u0142on"}]},{"@type":"WebSite","@id":"https:\/\/sp-legal.pl\/#website","url":"https:\/\/sp-legal.pl\/","name":"attorney-at-law| Law Firm | Poznan | Warsaw","description":"","potentialAction":[{"@type":"SearchAction","target":{"@type":"EntryPoint","urlTemplate":"https:\/\/sp-legal.pl\/?s={search_term_string}"},"query-input":"required name=search_term_string"}],"inLanguage":"en-US"}]}},"_links":{"self":[{"href":"https:\/\/sp-legal.pl\/en\/wp-json\/wp\/v2\/pages\/37063"}],"collection":[{"href":"https:\/\/sp-legal.pl\/en\/wp-json\/wp\/v2\/pages"}],"about":[{"href":"https:\/\/sp-legal.pl\/en\/wp-json\/wp\/v2\/types\/page"}],"author":[{"embeddable":true,"href":"https:\/\/sp-legal.pl\/en\/wp-json\/wp\/v2\/users\/62"}],"replies":[{"embeddable":true,"href":"https:\/\/sp-legal.pl\/en\/wp-json\/wp\/v2\/comments?post=37063"}],"version-history":[{"count":2,"href":"https:\/\/sp-legal.pl\/en\/wp-json\/wp\/v2\/pages\/37063\/revisions"}],"predecessor-version":[{"id":37111,"href":"https:\/\/sp-legal.pl\/en\/wp-json\/wp\/v2\/pages\/37063\/revisions\/37111"}],"wp:featuredmedia":[{"embeddable":true,"href":"https:\/\/sp-legal.pl\/en\/wp-json\/wp\/v2\/media\/37153"}],"wp:attachment":[{"href":"https:\/\/sp-legal.pl\/en\/wp-json\/wp\/v2\/media?parent=37063"}],"curies":[{"name":"wp","href":"https:\/\/api.w.org\/{rel}","templated":true}]}}