{"id":37076,"date":"2025-11-20T20:44:13","date_gmt":"2025-11-20T19:44:13","guid":{"rendered":"https:\/\/sp-legal.pl\/adam-rajewski-4\/"},"modified":"2025-11-24T08:27:54","modified_gmt":"2025-11-24T07:27:54","slug":"stanislaw-wocial","status":"publish","type":"page","link":"https:\/\/sp-legal.pl\/en\/stanislaw-wocial\/","title":{"rendered":"Stanis\u0142aw Wocial"},"content":{"rendered":"\n<p>Law graduate of the Faculty of Law and Administration at Nicolaus Copernicus University<br>in Toru\u0144.<br>He defended his master\u2019s thesis in public international law titled \u201cHegemony and International Law\u201d.<br>He completed postgraduate studies in intellectual property law at the Faculty of Law and Administration of the Jagiellonian University in Krakow.<\/p>\n\n\n\n<p><br>A member of the Pozna\u0144\u00a0 Bar Association of Attorneys-at-law.\u00a0Since May 2025, he has been entered on the list of Attorneys-at-law. He gained his professional experience at law firms serving Polish and international business clients, where he handled disputes in commercial and civil matters, as well as<br>cases before administrative authorities and courts.<\/p>\n\n\n\n<p>At our law firm, he provides ongoing legal services to business clients, particularly in the areas of commercial law, civil law and company law. He drafts and reviews contracts and provides day-to-day corporate support to commercial entities. He also represents clients in court proceedings in commercial, civil, and white-collar criminal cases.<\/p>\n\n\n\n<p>In his free time, he enjoys reading literature in the field of social sciences, particularly economics and psychology. An enthusiast of mountain hiking, cycling, and fitness training.<\/p>\n\n\n\n<p>Language: English<\/p>\n","protected":false},"excerpt":{"rendered":"<p>Law graduate of the Faculty of Law and Administration at Nicolaus Copernicus Universityin Toru\u0144.He defended his master\u2019s thesis in public international law titled \u201cHegemony and International Law\u201d.He completed postgraduate studies in intellectual property law at the Faculty of Law and Administration of the Jagiellonian University in Krakow. A member of the Pozna\u0144\u00a0 Bar Association of [&hellip;]<\/p>\n","protected":false},"author":62,"featured_media":37130,"parent":0,"menu_order":0,"comment_status":"closed","ping_status":"closed","template":"page-expert.php","meta":{"footnotes":""},"class_list":["post-37076","page","type-page","status-publish","has-post-thumbnail","hentry"],"acf":[],"yoast_head":"<!-- This site is optimized with the Yoast SEO plugin v20.11 - https:\/\/yoast.com\/wordpress\/plugins\/seo\/ -->\n<title>Stanis\u0142aw Wocial | Kancelaria S&amp;P Pozna\u0144<\/title>\n<meta name=\"robots\" content=\"index, follow, max-snippet:-1, max-image-preview:large, max-video-preview:-1\" \/>\n<link rel=\"canonical\" href=\"https:\/\/sp-legal.pl\/en\/stanislaw-wocial\/\" \/>\n<meta property=\"og:locale\" content=\"en_US\" \/>\n<meta property=\"og:type\" content=\"article\" \/>\n<meta property=\"og:title\" content=\"Stanis\u0142aw Wocial | Kancelaria S&amp;P Pozna\u0144\" \/>\n<meta property=\"og:description\" content=\"Law graduate of the Faculty of Law and Administration at Nicolaus Copernicus Universityin Toru\u0144.He defended his master\u2019s thesis in public international law titled \u201cHegemony and International Law\u201d.He completed postgraduate studies in intellectual property law at the Faculty of Law and Administration of the Jagiellonian University in Krakow. A member of the Pozna\u0144\u00a0 Bar Association of [&hellip;]\" \/>\n<meta property=\"og:url\" content=\"https:\/\/sp-legal.pl\/en\/stanislaw-wocial\/\" \/>\n<meta property=\"og:site_name\" content=\"attorney-at-law| Law Firm | Poznan | Warsaw\" \/>\n<meta property=\"article:modified_time\" content=\"2025-11-24T07:27:54+00:00\" \/>\n<meta property=\"og:image\" content=\"https:\/\/sp-legal.pl\/wp-content\/uploads\/2025\/11\/MANGDA_-Sommerrey-pazdziernik-2025_-08-scaled.webp\" \/>\n\t<meta property=\"og:image:width\" content=\"2560\" \/>\n\t<meta property=\"og:image:height\" content=\"2560\" \/>\n\t<meta property=\"og:image:type\" content=\"image\/webp\" \/>\n<meta name=\"twitter:label1\" content=\"Est. reading time\" \/>\n\t<meta name=\"twitter:data1\" content=\"2 minutes\" \/>\n<script type=\"application\/ld+json\" class=\"yoast-schema-graph\">{\"@context\":\"https:\/\/schema.org\",\"@graph\":[{\"@type\":\"WebPage\",\"@id\":\"https:\/\/sp-legal.pl\/en\/stanislaw-wocial\/\",\"url\":\"https:\/\/sp-legal.pl\/en\/stanislaw-wocial\/\",\"name\":\"Stanis\u0142aw Wocial | Kancelaria S&P Pozna\u0144\",\"isPartOf\":{\"@id\":\"https:\/\/sp-legal.pl\/#website\"},\"datePublished\":\"2025-11-20T19:44:13+00:00\",\"dateModified\":\"2025-11-24T07:27:54+00:00\",\"breadcrumb\":{\"@id\":\"https:\/\/sp-legal.pl\/en\/stanislaw-wocial\/#breadcrumb\"},\"inLanguage\":\"en-US\",\"potentialAction\":[{\"@type\":\"ReadAction\",\"target\":[\"https:\/\/sp-legal.pl\/en\/stanislaw-wocial\/\"]}]},{\"@type\":\"BreadcrumbList\",\"@id\":\"https:\/\/sp-legal.pl\/en\/stanislaw-wocial\/#breadcrumb\",\"itemListElement\":[{\"@type\":\"ListItem\",\"position\":1,\"name\":\"Strona g\u0142\u00f3wna\",\"item\":\"https:\/\/sp-legal.pl\/en\/\"},{\"@type\":\"ListItem\",\"position\":2,\"name\":\"Stanis\u0142aw Wocial\"}]},{\"@type\":\"WebSite\",\"@id\":\"https:\/\/sp-legal.pl\/#website\",\"url\":\"https:\/\/sp-legal.pl\/\",\"name\":\"attorney-at-law| Law Firm | Poznan | Warsaw\",\"description\":\"\",\"potentialAction\":[{\"@type\":\"SearchAction\",\"target\":{\"@type\":\"EntryPoint\",\"urlTemplate\":\"https:\/\/sp-legal.pl\/?s={search_term_string}\"},\"query-input\":\"required name=search_term_string\"}],\"inLanguage\":\"en-US\"}]}<\/script>\n<!-- \/ Yoast SEO plugin. -->","yoast_head_json":{"title":"Stanis\u0142aw Wocial | Kancelaria S&P Pozna\u0144","robots":{"index":"index","follow":"follow","max-snippet":"max-snippet:-1","max-image-preview":"max-image-preview:large","max-video-preview":"max-video-preview:-1"},"canonical":"https:\/\/sp-legal.pl\/en\/stanislaw-wocial\/","og_locale":"en_US","og_type":"article","og_title":"Stanis\u0142aw Wocial | Kancelaria S&P Pozna\u0144","og_description":"Law graduate of the Faculty of Law and Administration at Nicolaus Copernicus Universityin Toru\u0144.He defended his master\u2019s thesis in public international law titled \u201cHegemony and International Law\u201d.He completed postgraduate studies in intellectual property law at the Faculty of Law and Administration of the Jagiellonian University in Krakow. A member of the Pozna\u0144\u00a0 Bar Association of [&hellip;]","og_url":"https:\/\/sp-legal.pl\/en\/stanislaw-wocial\/","og_site_name":"attorney-at-law| Law Firm | Poznan | Warsaw","article_modified_time":"2025-11-24T07:27:54+00:00","og_image":[{"width":2560,"height":2560,"url":"https:\/\/sp-legal.pl\/wp-content\/uploads\/2025\/11\/MANGDA_-Sommerrey-pazdziernik-2025_-08-scaled.webp","type":"image\/webp"}],"twitter_misc":{"Est. reading time":"2 minutes"},"schema":{"@context":"https:\/\/schema.org","@graph":[{"@type":"WebPage","@id":"https:\/\/sp-legal.pl\/en\/stanislaw-wocial\/","url":"https:\/\/sp-legal.pl\/en\/stanislaw-wocial\/","name":"Stanis\u0142aw Wocial | Kancelaria S&P Pozna\u0144","isPartOf":{"@id":"https:\/\/sp-legal.pl\/#website"},"datePublished":"2025-11-20T19:44:13+00:00","dateModified":"2025-11-24T07:27:54+00:00","breadcrumb":{"@id":"https:\/\/sp-legal.pl\/en\/stanislaw-wocial\/#breadcrumb"},"inLanguage":"en-US","potentialAction":[{"@type":"ReadAction","target":["https:\/\/sp-legal.pl\/en\/stanislaw-wocial\/"]}]},{"@type":"BreadcrumbList","@id":"https:\/\/sp-legal.pl\/en\/stanislaw-wocial\/#breadcrumb","itemListElement":[{"@type":"ListItem","position":1,"name":"Strona g\u0142\u00f3wna","item":"https:\/\/sp-legal.pl\/en\/"},{"@type":"ListItem","position":2,"name":"Stanis\u0142aw Wocial"}]},{"@type":"WebSite","@id":"https:\/\/sp-legal.pl\/#website","url":"https:\/\/sp-legal.pl\/","name":"attorney-at-law| Law Firm | Poznan | Warsaw","description":"","potentialAction":[{"@type":"SearchAction","target":{"@type":"EntryPoint","urlTemplate":"https:\/\/sp-legal.pl\/?s={search_term_string}"},"query-input":"required name=search_term_string"}],"inLanguage":"en-US"}]}},"_links":{"self":[{"href":"https:\/\/sp-legal.pl\/en\/wp-json\/wp\/v2\/pages\/37076"}],"collection":[{"href":"https:\/\/sp-legal.pl\/en\/wp-json\/wp\/v2\/pages"}],"about":[{"href":"https:\/\/sp-legal.pl\/en\/wp-json\/wp\/v2\/types\/page"}],"author":[{"embeddable":true,"href":"https:\/\/sp-legal.pl\/en\/wp-json\/wp\/v2\/users\/62"}],"replies":[{"embeddable":true,"href":"https:\/\/sp-legal.pl\/en\/wp-json\/wp\/v2\/comments?post=37076"}],"version-history":[{"count":3,"href":"https:\/\/sp-legal.pl\/en\/wp-json\/wp\/v2\/pages\/37076\/revisions"}],"predecessor-version":[{"id":37107,"href":"https:\/\/sp-legal.pl\/en\/wp-json\/wp\/v2\/pages\/37076\/revisions\/37107"}],"wp:featuredmedia":[{"embeddable":true,"href":"https:\/\/sp-legal.pl\/en\/wp-json\/wp\/v2\/media\/37130"}],"wp:attachment":[{"href":"https:\/\/sp-legal.pl\/en\/wp-json\/wp\/v2\/media?parent=37076"}],"curies":[{"name":"wp","href":"https:\/\/api.w.org\/{rel}","templated":true}]}}