{"id":37092,"date":"2025-11-20T20:56:13","date_gmt":"2025-11-20T19:56:13","guid":{"rendered":"https:\/\/sp-legal.pl\/adam-rajewski-4\/"},"modified":"2025-11-24T08:34:28","modified_gmt":"2025-11-24T07:34:28","slug":"martyna-tchorzko","status":"publish","type":"page","link":"https:\/\/sp-legal.pl\/en\/martyna-tchorzko\/","title":{"rendered":"Martyna Tch\u00f3rzko"},"content":{"rendered":"\n<p>Graduate of the Faculty of Law and Administration at Adam Mickiewicz University in Pozna\u0144. Since 2022, an Attorney-at-law and a member of the Pozna\u0144 Bar Association of Attorneys-at-Law.<\/p>\n\n\n\n<p><br>At a Law Firm, she provides ongoing legal services to entrepreneurs in the areas of civil, commercial, and corporate law. She represents clients in both court proceedings and pre-trial disputes, including family matters.<\/p>\n\n\n\n<p><br>In her free time, she enjoys traveling and supporting her favorite football teams.<\/p>\n\n\n\n<p>Languages: English<\/p>\n\n\n\n<p><\/p>\n","protected":false},"excerpt":{"rendered":"<p>Graduate of the Faculty of Law and Administration at Adam Mickiewicz University in Pozna\u0144. Since 2022, an Attorney-at-law and a member of the Pozna\u0144 Bar Association of Attorneys-at-Law. At a Law Firm, she provides ongoing legal services to entrepreneurs in the areas of civil, commercial, and corporate law. She represents clients in both court proceedings [&hellip;]<\/p>\n","protected":false},"author":62,"featured_media":37147,"parent":0,"menu_order":0,"comment_status":"closed","ping_status":"closed","template":"page-expert.php","meta":{"footnotes":""},"class_list":["post-37092","page","type-page","status-publish","has-post-thumbnail","hentry"],"acf":[],"yoast_head":"<!-- This site is optimized with the Yoast SEO plugin v20.11 - https:\/\/yoast.com\/wordpress\/plugins\/seo\/ -->\n<title>Martyna Tch\u00f3rzko | Kancelaria S&amp;P Pozna\u0144<\/title>\n<meta name=\"robots\" content=\"index, follow, max-snippet:-1, max-image-preview:large, max-video-preview:-1\" \/>\n<link rel=\"canonical\" href=\"https:\/\/sp-legal.pl\/en\/martyna-tchorzko\/\" \/>\n<meta property=\"og:locale\" content=\"en_US\" \/>\n<meta property=\"og:type\" content=\"article\" \/>\n<meta property=\"og:title\" content=\"Martyna Tch\u00f3rzko | Kancelaria S&amp;P Pozna\u0144\" \/>\n<meta property=\"og:description\" content=\"Graduate of the Faculty of Law and Administration at Adam Mickiewicz University in Pozna\u0144. Since 2022, an Attorney-at-law and a member of the Pozna\u0144 Bar Association of Attorneys-at-Law. At a Law Firm, she provides ongoing legal services to entrepreneurs in the areas of civil, commercial, and corporate law. She represents clients in both court proceedings [&hellip;]\" \/>\n<meta property=\"og:url\" content=\"https:\/\/sp-legal.pl\/en\/martyna-tchorzko\/\" \/>\n<meta property=\"og:site_name\" content=\"attorney-at-law| Law Firm | Poznan | Warsaw\" \/>\n<meta property=\"article:modified_time\" content=\"2025-11-24T07:34:28+00:00\" \/>\n<meta property=\"og:image\" content=\"https:\/\/sp-legal.pl\/wp-content\/uploads\/2025\/11\/MANGDA_-Sommerrey-pazdziernik-2.jpg\" \/>\n\t<meta property=\"og:image:width\" content=\"300\" \/>\n\t<meta property=\"og:image:height\" content=\"300\" \/>\n\t<meta property=\"og:image:type\" content=\"image\/jpeg\" \/>\n<meta name=\"twitter:label1\" content=\"Est. reading time\" \/>\n\t<meta name=\"twitter:data1\" content=\"1 minute\" \/>\n<script type=\"application\/ld+json\" class=\"yoast-schema-graph\">{\"@context\":\"https:\/\/schema.org\",\"@graph\":[{\"@type\":\"WebPage\",\"@id\":\"https:\/\/sp-legal.pl\/en\/martyna-tchorzko\/\",\"url\":\"https:\/\/sp-legal.pl\/en\/martyna-tchorzko\/\",\"name\":\"Martyna Tch\u00f3rzko | Kancelaria S&P Pozna\u0144\",\"isPartOf\":{\"@id\":\"https:\/\/sp-legal.pl\/#website\"},\"datePublished\":\"2025-11-20T19:56:13+00:00\",\"dateModified\":\"2025-11-24T07:34:28+00:00\",\"breadcrumb\":{\"@id\":\"https:\/\/sp-legal.pl\/en\/martyna-tchorzko\/#breadcrumb\"},\"inLanguage\":\"en-US\",\"potentialAction\":[{\"@type\":\"ReadAction\",\"target\":[\"https:\/\/sp-legal.pl\/en\/martyna-tchorzko\/\"]}]},{\"@type\":\"BreadcrumbList\",\"@id\":\"https:\/\/sp-legal.pl\/en\/martyna-tchorzko\/#breadcrumb\",\"itemListElement\":[{\"@type\":\"ListItem\",\"position\":1,\"name\":\"Strona g\u0142\u00f3wna\",\"item\":\"https:\/\/sp-legal.pl\/en\/\"},{\"@type\":\"ListItem\",\"position\":2,\"name\":\"Martyna Tch\u00f3rzko\"}]},{\"@type\":\"WebSite\",\"@id\":\"https:\/\/sp-legal.pl\/#website\",\"url\":\"https:\/\/sp-legal.pl\/\",\"name\":\"attorney-at-law| Law Firm | Poznan | Warsaw\",\"description\":\"\",\"potentialAction\":[{\"@type\":\"SearchAction\",\"target\":{\"@type\":\"EntryPoint\",\"urlTemplate\":\"https:\/\/sp-legal.pl\/?s={search_term_string}\"},\"query-input\":\"required name=search_term_string\"}],\"inLanguage\":\"en-US\"}]}<\/script>\n<!-- \/ Yoast SEO plugin. -->","yoast_head_json":{"title":"Martyna Tch\u00f3rzko | Kancelaria S&P Pozna\u0144","robots":{"index":"index","follow":"follow","max-snippet":"max-snippet:-1","max-image-preview":"max-image-preview:large","max-video-preview":"max-video-preview:-1"},"canonical":"https:\/\/sp-legal.pl\/en\/martyna-tchorzko\/","og_locale":"en_US","og_type":"article","og_title":"Martyna Tch\u00f3rzko | Kancelaria S&P Pozna\u0144","og_description":"Graduate of the Faculty of Law and Administration at Adam Mickiewicz University in Pozna\u0144. Since 2022, an Attorney-at-law and a member of the Pozna\u0144 Bar Association of Attorneys-at-Law. At a Law Firm, she provides ongoing legal services to entrepreneurs in the areas of civil, commercial, and corporate law. She represents clients in both court proceedings [&hellip;]","og_url":"https:\/\/sp-legal.pl\/en\/martyna-tchorzko\/","og_site_name":"attorney-at-law| Law Firm | Poznan | Warsaw","article_modified_time":"2025-11-24T07:34:28+00:00","og_image":[{"width":300,"height":300,"url":"https:\/\/sp-legal.pl\/wp-content\/uploads\/2025\/11\/MANGDA_-Sommerrey-pazdziernik-2.jpg","type":"image\/jpeg"}],"twitter_misc":{"Est. reading time":"1 minute"},"schema":{"@context":"https:\/\/schema.org","@graph":[{"@type":"WebPage","@id":"https:\/\/sp-legal.pl\/en\/martyna-tchorzko\/","url":"https:\/\/sp-legal.pl\/en\/martyna-tchorzko\/","name":"Martyna Tch\u00f3rzko | Kancelaria S&P Pozna\u0144","isPartOf":{"@id":"https:\/\/sp-legal.pl\/#website"},"datePublished":"2025-11-20T19:56:13+00:00","dateModified":"2025-11-24T07:34:28+00:00","breadcrumb":{"@id":"https:\/\/sp-legal.pl\/en\/martyna-tchorzko\/#breadcrumb"},"inLanguage":"en-US","potentialAction":[{"@type":"ReadAction","target":["https:\/\/sp-legal.pl\/en\/martyna-tchorzko\/"]}]},{"@type":"BreadcrumbList","@id":"https:\/\/sp-legal.pl\/en\/martyna-tchorzko\/#breadcrumb","itemListElement":[{"@type":"ListItem","position":1,"name":"Strona g\u0142\u00f3wna","item":"https:\/\/sp-legal.pl\/en\/"},{"@type":"ListItem","position":2,"name":"Martyna Tch\u00f3rzko"}]},{"@type":"WebSite","@id":"https:\/\/sp-legal.pl\/#website","url":"https:\/\/sp-legal.pl\/","name":"attorney-at-law| Law Firm | Poznan | Warsaw","description":"","potentialAction":[{"@type":"SearchAction","target":{"@type":"EntryPoint","urlTemplate":"https:\/\/sp-legal.pl\/?s={search_term_string}"},"query-input":"required name=search_term_string"}],"inLanguage":"en-US"}]}},"_links":{"self":[{"href":"https:\/\/sp-legal.pl\/en\/wp-json\/wp\/v2\/pages\/37092"}],"collection":[{"href":"https:\/\/sp-legal.pl\/en\/wp-json\/wp\/v2\/pages"}],"about":[{"href":"https:\/\/sp-legal.pl\/en\/wp-json\/wp\/v2\/types\/page"}],"author":[{"embeddable":true,"href":"https:\/\/sp-legal.pl\/en\/wp-json\/wp\/v2\/users\/62"}],"replies":[{"embeddable":true,"href":"https:\/\/sp-legal.pl\/en\/wp-json\/wp\/v2\/comments?post=37092"}],"version-history":[{"count":1,"href":"https:\/\/sp-legal.pl\/en\/wp-json\/wp\/v2\/pages\/37092\/revisions"}],"predecessor-version":[{"id":37101,"href":"https:\/\/sp-legal.pl\/en\/wp-json\/wp\/v2\/pages\/37092\/revisions\/37101"}],"wp:featuredmedia":[{"embeddable":true,"href":"https:\/\/sp-legal.pl\/en\/wp-json\/wp\/v2\/media\/37147"}],"wp:attachment":[{"href":"https:\/\/sp-legal.pl\/en\/wp-json\/wp\/v2\/media?parent=37092"}],"curies":[{"name":"wp","href":"https:\/\/api.w.org\/{rel}","templated":true}]}}