{"id":3982,"date":"2019-11-17T09:21:17","date_gmt":"2019-11-17T08:21:17","guid":{"rendered":"https:\/\/sp-legal.pl\/ewa-koziol-braczkowska-3\/"},"modified":"2025-07-09T18:48:23","modified_gmt":"2025-07-09T16:48:23","slug":"remigiusz-pytlik","status":"publish","type":"page","link":"https:\/\/sp-legal.pl\/en\/remigiusz-pytlik\/","title":{"rendered":"Remigiusz Pytlik"},"content":{"rendered":"<p>Advocate and licensed tax adviser (12106). Owner and CEO at EXPERT Sp\u00f3\u0142ka Doradztwa Podatkowego sp. z&nbsp;o.o. \u2013 an independent tax advisory company.<\/p>\n<p>Graduated from the Faculty of Law of the University of Adam Mickiewicz University in Poznan and the Postgraduate School of Taxation at the University of Economics in Poznan.<\/p>\n<p>Graduated from British Law and European Union Law at Cambridge University, which allowed him to freely use legal English.<\/p>\n<p>Professionally particularly interested in issues of tax planning and legal and economic advice. Counsel in criminal tax&nbsp;proceedings and attorney in lawsuits before civil and administrative courts. Free time spents of scientific work on tax law.<\/p>\n<p>Member of the Chamber of Advocates in Poznan and the National Chamber of Tax Advisors.<\/p>\n","protected":false},"excerpt":{"rendered":"<p>Advocate and licensed tax adviser (12106). Owner and CEO at EXPERT Sp\u00f3\u0142ka Doradztwa Podatkowego sp. z&nbsp;o.o. \u2013 an independent tax advisory company. Graduated from the Faculty of Law of the University of Adam Mickiewicz University in Poznan and the Postgraduate School of Taxation at the University of Economics in Poznan. Graduated from British Law and [&hellip;]<\/p>\n","protected":false},"author":2,"featured_media":4056,"parent":0,"menu_order":0,"comment_status":"closed","ping_status":"closed","template":"page-expert.php","meta":{"footnotes":""},"class_list":["post-3982","page","type-page","status-publish","has-post-thumbnail","hentry"],"acf":[],"yoast_head":"<!-- This site is optimized with the Yoast SEO plugin v20.11 - https:\/\/yoast.com\/wordpress\/plugins\/seo\/ -->\n<title>Remigiusz Pytlik | Kancelaria Pozna\u0144<\/title>\n<meta name=\"robots\" content=\"noindex, follow\" \/>\n<meta property=\"og:locale\" content=\"en_US\" \/>\n<meta property=\"og:type\" content=\"article\" \/>\n<meta property=\"og:title\" content=\"Remigiusz Pytlik | Kancelaria Pozna\u0144\" \/>\n<meta property=\"og:description\" content=\"Advocate and licensed tax adviser (12106). Owner and CEO at EXPERT Sp\u00f3\u0142ka Doradztwa Podatkowego sp. z&nbsp;o.o. \u2013 an independent tax advisory company. Graduated from the Faculty of Law of the University of Adam Mickiewicz University in Poznan and the Postgraduate School of Taxation at the University of Economics in Poznan. Graduated from British Law and [&hellip;]\" \/>\n<meta property=\"og:url\" content=\"https:\/\/sp-legal.pl\/en\/remigiusz-pytlik\/\" \/>\n<meta property=\"og:site_name\" content=\"attorney-at-law| Law Firm | Poznan | Warsaw\" \/>\n<meta property=\"article:modified_time\" content=\"2025-07-09T16:48:23+00:00\" \/>\n<meta property=\"og:image\" content=\"https:\/\/sp-legal.pl\/wp-content\/uploads\/2020\/01\/Remigiusz_Pytlik_small-1.jpg\" \/>\n\t<meta property=\"og:image:width\" content=\"300\" \/>\n\t<meta property=\"og:image:height\" content=\"300\" \/>\n\t<meta property=\"og:image:type\" content=\"image\/jpeg\" \/>\n<meta name=\"twitter:label1\" content=\"Est. reading time\" \/>\n\t<meta name=\"twitter:data1\" content=\"1 minute\" \/>\n<script type=\"application\/ld+json\" class=\"yoast-schema-graph\">{\"@context\":\"https:\/\/schema.org\",\"@graph\":[{\"@type\":\"WebPage\",\"@id\":\"https:\/\/sp-legal.pl\/en\/remigiusz-pytlik\/\",\"url\":\"https:\/\/sp-legal.pl\/en\/remigiusz-pytlik\/\",\"name\":\"Remigiusz Pytlik | Kancelaria Pozna\u0144\",\"isPartOf\":{\"@id\":\"https:\/\/sp-legal.pl\/#website\"},\"datePublished\":\"2019-11-17T08:21:17+00:00\",\"dateModified\":\"2025-07-09T16:48:23+00:00\",\"breadcrumb\":{\"@id\":\"https:\/\/sp-legal.pl\/en\/remigiusz-pytlik\/#breadcrumb\"},\"inLanguage\":\"en-US\",\"potentialAction\":[{\"@type\":\"ReadAction\",\"target\":[\"https:\/\/sp-legal.pl\/en\/remigiusz-pytlik\/\"]}]},{\"@type\":\"BreadcrumbList\",\"@id\":\"https:\/\/sp-legal.pl\/en\/remigiusz-pytlik\/#breadcrumb\",\"itemListElement\":[{\"@type\":\"ListItem\",\"position\":1,\"name\":\"Strona g\u0142\u00f3wna\",\"item\":\"https:\/\/sp-legal.pl\/en\/\"},{\"@type\":\"ListItem\",\"position\":2,\"name\":\"Remigiusz Pytlik\"}]},{\"@type\":\"WebSite\",\"@id\":\"https:\/\/sp-legal.pl\/#website\",\"url\":\"https:\/\/sp-legal.pl\/\",\"name\":\"attorney-at-law| Law Firm | Poznan | Warsaw\",\"description\":\"\",\"potentialAction\":[{\"@type\":\"SearchAction\",\"target\":{\"@type\":\"EntryPoint\",\"urlTemplate\":\"https:\/\/sp-legal.pl\/?s={search_term_string}\"},\"query-input\":\"required name=search_term_string\"}],\"inLanguage\":\"en-US\"}]}<\/script>\n<!-- \/ Yoast SEO plugin. -->","yoast_head_json":{"title":"Remigiusz Pytlik | Kancelaria Pozna\u0144","robots":{"index":"noindex","follow":"follow"},"og_locale":"en_US","og_type":"article","og_title":"Remigiusz Pytlik | Kancelaria Pozna\u0144","og_description":"Advocate and licensed tax adviser (12106). Owner and CEO at EXPERT Sp\u00f3\u0142ka Doradztwa Podatkowego sp. z&nbsp;o.o. \u2013 an independent tax advisory company. Graduated from the Faculty of Law of the University of Adam Mickiewicz University in Poznan and the Postgraduate School of Taxation at the University of Economics in Poznan. Graduated from British Law and [&hellip;]","og_url":"https:\/\/sp-legal.pl\/en\/remigiusz-pytlik\/","og_site_name":"attorney-at-law| Law Firm | Poznan | Warsaw","article_modified_time":"2025-07-09T16:48:23+00:00","og_image":[{"width":300,"height":300,"url":"https:\/\/sp-legal.pl\/wp-content\/uploads\/2020\/01\/Remigiusz_Pytlik_small-1.jpg","type":"image\/jpeg"}],"twitter_misc":{"Est. reading time":"1 minute"},"schema":{"@context":"https:\/\/schema.org","@graph":[{"@type":"WebPage","@id":"https:\/\/sp-legal.pl\/en\/remigiusz-pytlik\/","url":"https:\/\/sp-legal.pl\/en\/remigiusz-pytlik\/","name":"Remigiusz Pytlik | Kancelaria Pozna\u0144","isPartOf":{"@id":"https:\/\/sp-legal.pl\/#website"},"datePublished":"2019-11-17T08:21:17+00:00","dateModified":"2025-07-09T16:48:23+00:00","breadcrumb":{"@id":"https:\/\/sp-legal.pl\/en\/remigiusz-pytlik\/#breadcrumb"},"inLanguage":"en-US","potentialAction":[{"@type":"ReadAction","target":["https:\/\/sp-legal.pl\/en\/remigiusz-pytlik\/"]}]},{"@type":"BreadcrumbList","@id":"https:\/\/sp-legal.pl\/en\/remigiusz-pytlik\/#breadcrumb","itemListElement":[{"@type":"ListItem","position":1,"name":"Strona g\u0142\u00f3wna","item":"https:\/\/sp-legal.pl\/en\/"},{"@type":"ListItem","position":2,"name":"Remigiusz Pytlik"}]},{"@type":"WebSite","@id":"https:\/\/sp-legal.pl\/#website","url":"https:\/\/sp-legal.pl\/","name":"attorney-at-law| Law Firm | Poznan | Warsaw","description":"","potentialAction":[{"@type":"SearchAction","target":{"@type":"EntryPoint","urlTemplate":"https:\/\/sp-legal.pl\/?s={search_term_string}"},"query-input":"required name=search_term_string"}],"inLanguage":"en-US"}]}},"_links":{"self":[{"href":"https:\/\/sp-legal.pl\/en\/wp-json\/wp\/v2\/pages\/3982"}],"collection":[{"href":"https:\/\/sp-legal.pl\/en\/wp-json\/wp\/v2\/pages"}],"about":[{"href":"https:\/\/sp-legal.pl\/en\/wp-json\/wp\/v2\/types\/page"}],"author":[{"embeddable":true,"href":"https:\/\/sp-legal.pl\/en\/wp-json\/wp\/v2\/users\/2"}],"replies":[{"embeddable":true,"href":"https:\/\/sp-legal.pl\/en\/wp-json\/wp\/v2\/comments?post=3982"}],"version-history":[{"count":2,"href":"https:\/\/sp-legal.pl\/en\/wp-json\/wp\/v2\/pages\/3982\/revisions"}],"predecessor-version":[{"id":34830,"href":"https:\/\/sp-legal.pl\/en\/wp-json\/wp\/v2\/pages\/3982\/revisions\/34830"}],"wp:featuredmedia":[{"embeddable":true,"href":"https:\/\/sp-legal.pl\/en\/wp-json\/wp\/v2\/media\/4056"}],"wp:attachment":[{"href":"https:\/\/sp-legal.pl\/en\/wp-json\/wp\/v2\/media?parent=3982"}],"curies":[{"name":"wp","href":"https:\/\/api.w.org\/{rel}","templated":true}]}}