{"id":3988,"date":"2019-11-27T17:51:46","date_gmt":"2019-11-27T16:51:46","guid":{"rendered":"https:\/\/sp-legal.pl\/mediation\/"},"modified":"2020-06-08T21:08:31","modified_gmt":"2020-06-08T19:08:31","slug":"franc-cases","status":"publish","type":"page","link":"https:\/\/sp-legal.pl\/en\/franc-cases\/","title":{"rendered":"Franc cases"},"content":{"rendered":"<p>Je\u017celi zaci\u0105gn\u0105\u0142e\u015b kredyt frankowy i chcia\u0142by\u015b si\u0119 z niego wyswobodzi\u0107, trafi\u0142e\u015b pod w\u0142a\u015bciwy adres! Jedn\u0105 z wielu specjalizacji naszej kancelarii s\u0105 tzw. \u201esprawy frankowe\u201d. Reprezentujemy naszych klient\u00f3w w&nbsp;post\u0119powaniach dotycz\u0105cych zar\u00f3wno uniewa\u017cnienia umowy kredytu frankowego, jak i&nbsp;usuni\u0119cia z niej niedozwolonych postanowie\u0144 umownych. Oddaj\u0105c si\u0119 w r\u0119ce naszych specjalist\u00f3w, z&nbsp;pewno\u015bci\u0105 znajdziesz optymalne rozwi\u0105zanie i zwi\u0119kszysz szans\u0119 na ko\u0144cowy sukces. Gra toczy si\u0119 o du\u017c\u0105 stawk\u0119, bowiem w&nbsp;przypadku uzyskania korzystnego wyroku zas\u0105dzaj\u0105cego \u201eodfrankowienie\u201d umowy, mo\u017cesz zyska\u0107 korzy\u015bci warto\u015bci nawet kilkuset tysi\u0119cy z\u0142otych.<\/p>\n<h2><strong>Uprawnienia frankowicz\u00f3w<\/strong><\/h2>\n<p>Zdajemy sobie spraw\u0119, \u017ce nie ka\u017cda umowa kredytu we frankach szwajcarskich jest taka sama. W&nbsp;zwi\u0105zku z tym nasi radcy prawni doradzaj\u0105 klientom, kt\u00f3ra metoda walki z bankami b\u0119dzie w danej sytuacji najw\u0142a\u015bciwsza. Kredytobiorcy musz\u0105 bowiem wiedzie\u0107, \u017ce co do zasady przys\u0142uguj\u0105 im dwa rodzaje roszcze\u0144:<\/p>\n<ul>\n<li>o uznanie klauzul zamieszczonych w umowie za abuzywne (niedozwolone), lub<\/li>\n<li>o uniewa\u017cnienie ca\u0142ej umowy kredytu frankowego.<\/li>\n<\/ul>\n<p>Konsekwencj\u0105 usuni\u0119cia niedozwolonych postanowie\u0144 umownych b\u0119dzie przewalutowanie kredytu na z\u0142ot\u00f3wkowy, co wi\u0105\u017c\u0119 si\u0119 z dalsz\u0105 sp\u0142at\u0105 zaci\u0105gni\u0119tego kredytu w walucie polskiej po uwzgl\u0119dnieniu nadwy\u017cki wp\u0142aconej przez kredytobiorc\u0119, kt\u00f3ra powsta\u0142a na skutek istnienia w umowie klauzul abuzywnych.<\/p>\n<p>Z kolei uniewa\u017cnienie umowy prowadzi do zwrotu wszystkiego tego, co strony sobie dotychczas wzajemnie \u015bwiadczy\u0142y. To, o jakie sumy w rzeczywisto\u015bci b\u0119dzie toczy\u0107 si\u0119 sp\u00f3r zale\u017cy w g\u0142\u00f3wnej mierze od tego, jak\u0105 cz\u0119\u015b\u0107 kredytu kredytobiorca sp\u0142aci\u0142.<\/p>\n<h2><strong>Etyka post\u0119powania <\/strong><\/h2>\n<p>Do ka\u017cdej sprawy podchodzimy indywidualnie, w zwi\u0105zku z czym przybli\u017camy Pa\u0144stwu nasz spos\u00f3b dzia\u0142ania:<\/p>\n<ul>\n<li>w pierwszej kolejno\u015bci dokonujemy starannej analizy umowy kredytu frankowego w&nbsp;celu przyj\u0119cia optymalnej strategii dzia\u0142ania i odpowiedniego sformu\u0142owania \u017c\u0105da\u0144 pozwu przeciwko bankowi,<\/li>\n<li>w przypadku doj\u015bcia do porozumienia z naszymi klientami, okre\u015blamy warunki wsp\u00f3lnej wsp\u00f3\u0142pracy oraz honorarium Kancelarii z tytu\u0142u \u015bwiadczonych us\u0142ug prawnych,<\/li>\n<li>obdarzenie nas swoim zaufaniem rodzi konieczno\u015b\u0107 udzielenia nam stosownego pe\u0142nomocnictwa, na podstawie kt\u00f3rego b\u0119dziemy mogli reprezentowa\u0107 kredytobiorc\u00f3w na ka\u017cdym etapie post\u0119powania \u2013 zar\u00f3wno pozas\u0105dowego (z\u0142o\u017cenie reklamacji, przeprowadzenie post\u0119powania polubownego przy Rzeczniku Finansowym, zawezwanie do pr\u00f3by ugodowej), jak i s\u0105dowego.<\/li>\n<\/ul>\n<h2><strong>Dlaczego warto nam zaufa\u0107?<\/strong><\/h2>\n<p>Naszym atutem jest fakt, \u017ce jeste\u015bmy kancelari\u0105 prawn\u0105. Powierzaj\u0105c nam swoj\u0105 spraw\u0119, masz wi\u0119c gwarancj\u0119, \u017ce badaj\u0105 j\u0105 profesjonali\u015bci. Zawody radcy prawnego i adwokata nale\u017c\u0105 do zawod\u00f3w zaufania publicznego, co oznacza, \u017ce ofiarowane nam zadania s\u0105 wykonywane z do\u0142o\u017ceniem nale\u017cytej staranno\u015bci i z trosk\u0105 o realizacj\u0119 interesu prywatnego i publicznego.<\/p>\n<p>Cechuj\u0105 nas przede wszystkim transparentno\u015b\u0107, sumienno\u015b\u0107, innowacyjno\u015b\u0107, bezpiecze\u0144stwo i&nbsp;szybko\u015b\u0107 dzia\u0142ania, w zwi\u0105zku z czym jeste\u015bmy wiarygodnymi i zaufanymi doradcami w sprawach os\u00f3b poszkodowanych z&nbsp;tytu\u0142u zaci\u0105gni\u0119tego kredytu frankowego.<\/p>\n<p>&nbsp;<\/p>\n","protected":false},"excerpt":{"rendered":"<p>Je\u017celi zaci\u0105gn\u0105\u0142e\u015b kredyt frankowy i chcia\u0142by\u015b si\u0119 z niego wyswobodzi\u0107, trafi\u0142e\u015b pod w\u0142a\u015bciwy adres! Jedn\u0105 z wielu specjalizacji naszej kancelarii s\u0105 tzw. \u201esprawy frankowe\u201d. Reprezentujemy naszych klient\u00f3w w&nbsp;post\u0119powaniach dotycz\u0105cych zar\u00f3wno uniewa\u017cnienia umowy kredytu frankowego, jak i&nbsp;usuni\u0119cia z niej niedozwolonych postanowie\u0144 umownych. Oddaj\u0105c si\u0119 w r\u0119ce naszych specjalist\u00f3w, z&nbsp;pewno\u015bci\u0105 znajdziesz optymalne rozwi\u0105zanie i zwi\u0119kszysz szans\u0119 na [&hellip;]<\/p>\n","protected":false},"author":2,"featured_media":0,"parent":0,"menu_order":4,"comment_status":"closed","ping_status":"closed","template":"page-offer.php","meta":{"footnotes":""},"class_list":["post-3988","page","type-page","status-publish","hentry"],"acf":[],"yoast_head":"<!-- This site is optimized with the Yoast SEO plugin v20.11 - https:\/\/yoast.com\/wordpress\/plugins\/seo\/ -->\n<title>Optymalizacja i wsparcie podatkowe - Kancelaria S&amp;P<\/title>\n<meta name=\"description\" content=\"Wsparcie podatkowe i optymalizacja podatkowa dzia\u0142alno\u015bci, z zastosowaniem dozwolonych prawnie rozwi\u0105za\u0144, pozwala znacznie obni\u017cy\u0107 obci\u0105\u017cenia wobec fiskusa.\" \/>\n<meta name=\"robots\" content=\"index, follow, max-snippet:-1, max-image-preview:large, max-video-preview:-1\" \/>\n<link rel=\"canonical\" href=\"https:\/\/sp-legal.pl\/en\/franc-cases\/\" \/>\n<meta property=\"og:locale\" content=\"en_US\" \/>\n<meta property=\"og:type\" content=\"article\" \/>\n<meta property=\"og:title\" content=\"Optymalizacja i wsparcie podatkowe - Kancelaria S&amp;P\" \/>\n<meta property=\"og:description\" content=\"Wsparcie podatkowe i optymalizacja podatkowa dzia\u0142alno\u015bci, z zastosowaniem dozwolonych prawnie rozwi\u0105za\u0144, pozwala znacznie obni\u017cy\u0107 obci\u0105\u017cenia wobec fiskusa.\" \/>\n<meta property=\"og:url\" content=\"https:\/\/sp-legal.pl\/en\/franc-cases\/\" \/>\n<meta property=\"og:site_name\" content=\"attorney-at-law| Law Firm | Poznan | Warsaw\" \/>\n<meta property=\"article:modified_time\" content=\"2020-06-08T19:08:31+00:00\" \/>\n<meta name=\"twitter:label1\" content=\"Est. reading time\" \/>\n\t<meta name=\"twitter:data1\" content=\"3 minutes\" \/>\n<script type=\"application\/ld+json\" class=\"yoast-schema-graph\">{\"@context\":\"https:\/\/schema.org\",\"@graph\":[{\"@type\":\"WebPage\",\"@id\":\"https:\/\/sp-legal.pl\/en\/franc-cases\/\",\"url\":\"https:\/\/sp-legal.pl\/en\/franc-cases\/\",\"name\":\"Optymalizacja i wsparcie podatkowe - Kancelaria S&P\",\"isPartOf\":{\"@id\":\"https:\/\/sp-legal.pl\/#website\"},\"datePublished\":\"2019-11-27T16:51:46+00:00\",\"dateModified\":\"2020-06-08T19:08:31+00:00\",\"description\":\"Wsparcie podatkowe i optymalizacja podatkowa dzia\u0142alno\u015bci, z zastosowaniem dozwolonych prawnie rozwi\u0105za\u0144, pozwala znacznie obni\u017cy\u0107 obci\u0105\u017cenia wobec fiskusa.\",\"breadcrumb\":{\"@id\":\"https:\/\/sp-legal.pl\/en\/franc-cases\/#breadcrumb\"},\"inLanguage\":\"en-US\",\"potentialAction\":[{\"@type\":\"ReadAction\",\"target\":[\"https:\/\/sp-legal.pl\/en\/franc-cases\/\"]}]},{\"@type\":\"BreadcrumbList\",\"@id\":\"https:\/\/sp-legal.pl\/en\/franc-cases\/#breadcrumb\",\"itemListElement\":[{\"@type\":\"ListItem\",\"position\":1,\"name\":\"Strona g\u0142\u00f3wna\",\"item\":\"https:\/\/sp-legal.pl\/en\/\"},{\"@type\":\"ListItem\",\"position\":2,\"name\":\"Franc cases\"}]},{\"@type\":\"WebSite\",\"@id\":\"https:\/\/sp-legal.pl\/#website\",\"url\":\"https:\/\/sp-legal.pl\/\",\"name\":\"attorney-at-law| Law Firm | Poznan | Warsaw\",\"description\":\"\",\"potentialAction\":[{\"@type\":\"SearchAction\",\"target\":{\"@type\":\"EntryPoint\",\"urlTemplate\":\"https:\/\/sp-legal.pl\/?s={search_term_string}\"},\"query-input\":\"required name=search_term_string\"}],\"inLanguage\":\"en-US\"}]}<\/script>\n<!-- \/ Yoast SEO plugin. -->","yoast_head_json":{"title":"Optymalizacja i wsparcie podatkowe - Kancelaria S&P","description":"Wsparcie podatkowe i optymalizacja podatkowa dzia\u0142alno\u015bci, z zastosowaniem dozwolonych prawnie rozwi\u0105za\u0144, pozwala znacznie obni\u017cy\u0107 obci\u0105\u017cenia wobec fiskusa.","robots":{"index":"index","follow":"follow","max-snippet":"max-snippet:-1","max-image-preview":"max-image-preview:large","max-video-preview":"max-video-preview:-1"},"canonical":"https:\/\/sp-legal.pl\/en\/franc-cases\/","og_locale":"en_US","og_type":"article","og_title":"Optymalizacja i wsparcie podatkowe - Kancelaria S&P","og_description":"Wsparcie podatkowe i optymalizacja podatkowa dzia\u0142alno\u015bci, z zastosowaniem dozwolonych prawnie rozwi\u0105za\u0144, pozwala znacznie obni\u017cy\u0107 obci\u0105\u017cenia wobec fiskusa.","og_url":"https:\/\/sp-legal.pl\/en\/franc-cases\/","og_site_name":"attorney-at-law| Law Firm | Poznan | Warsaw","article_modified_time":"2020-06-08T19:08:31+00:00","twitter_misc":{"Est. reading time":"3 minutes"},"schema":{"@context":"https:\/\/schema.org","@graph":[{"@type":"WebPage","@id":"https:\/\/sp-legal.pl\/en\/franc-cases\/","url":"https:\/\/sp-legal.pl\/en\/franc-cases\/","name":"Optymalizacja i wsparcie podatkowe - Kancelaria S&P","isPartOf":{"@id":"https:\/\/sp-legal.pl\/#website"},"datePublished":"2019-11-27T16:51:46+00:00","dateModified":"2020-06-08T19:08:31+00:00","description":"Wsparcie podatkowe i optymalizacja podatkowa dzia\u0142alno\u015bci, z zastosowaniem dozwolonych prawnie rozwi\u0105za\u0144, pozwala znacznie obni\u017cy\u0107 obci\u0105\u017cenia wobec fiskusa.","breadcrumb":{"@id":"https:\/\/sp-legal.pl\/en\/franc-cases\/#breadcrumb"},"inLanguage":"en-US","potentialAction":[{"@type":"ReadAction","target":["https:\/\/sp-legal.pl\/en\/franc-cases\/"]}]},{"@type":"BreadcrumbList","@id":"https:\/\/sp-legal.pl\/en\/franc-cases\/#breadcrumb","itemListElement":[{"@type":"ListItem","position":1,"name":"Strona g\u0142\u00f3wna","item":"https:\/\/sp-legal.pl\/en\/"},{"@type":"ListItem","position":2,"name":"Franc cases"}]},{"@type":"WebSite","@id":"https:\/\/sp-legal.pl\/#website","url":"https:\/\/sp-legal.pl\/","name":"attorney-at-law| Law Firm | Poznan | Warsaw","description":"","potentialAction":[{"@type":"SearchAction","target":{"@type":"EntryPoint","urlTemplate":"https:\/\/sp-legal.pl\/?s={search_term_string}"},"query-input":"required name=search_term_string"}],"inLanguage":"en-US"}]}},"_links":{"self":[{"href":"https:\/\/sp-legal.pl\/en\/wp-json\/wp\/v2\/pages\/3988"}],"collection":[{"href":"https:\/\/sp-legal.pl\/en\/wp-json\/wp\/v2\/pages"}],"about":[{"href":"https:\/\/sp-legal.pl\/en\/wp-json\/wp\/v2\/types\/page"}],"author":[{"embeddable":true,"href":"https:\/\/sp-legal.pl\/en\/wp-json\/wp\/v2\/users\/2"}],"replies":[{"embeddable":true,"href":"https:\/\/sp-legal.pl\/en\/wp-json\/wp\/v2\/comments?post=3988"}],"version-history":[{"count":3,"href":"https:\/\/sp-legal.pl\/en\/wp-json\/wp\/v2\/pages\/3988\/revisions"}],"predecessor-version":[{"id":4487,"href":"https:\/\/sp-legal.pl\/en\/wp-json\/wp\/v2\/pages\/3988\/revisions\/4487"}],"wp:attachment":[{"href":"https:\/\/sp-legal.pl\/en\/wp-json\/wp\/v2\/media?parent=3988"}],"curies":[{"name":"wp","href":"https:\/\/api.w.org\/{rel}","templated":true}]}}