{"id":4047,"date":"2020-01-21T21:38:11","date_gmt":"2020-01-21T20:38:11","guid":{"rendered":"https:\/\/sp-legal.pl\/hubert-sommerrey-3\/"},"modified":"2020-01-21T21:38:11","modified_gmt":"2020-01-21T20:38:11","slug":"hubert-sommerrey-3","status":"publish","type":"page","link":"https:\/\/sp-legal.pl\/en\/hubert-sommerrey-3\/","title":{"rendered":"Hubert Sommerrey"},"content":{"rendered":"<p>Has long experience in civil law, economic law and tax law. Specializes in corporate consulting, including enterprise restructuring and tax optimization in particular.<\/p>\n<p>Represented numerous entrepreneurs and private persons in court cases before common courts, administrative courts, the Supreme Court and the Supreme Administrative Court, also in negotiations and mediations.<\/p>\n<p>A court mediator in the area of commercial law, obligations, taxes, intellectual and industrial property, real estate and construction law. By decision of the President of the District Court in Pozna\u0144, he was entered into the list of permanent court mediators.<\/p>\n<p>Arbitrator at the Arbitration Court of Greater Poland Chambers and Organizations of Economic, specializing in civil, economic, obligations and tax law.<\/p>\n<p>Advises on investment projects, in particular within the scope of real estate trading, property revitalization and construction investments.<\/p>\n<p>Member of the Provincial Council of Social Dialogue in Pozna\u0144 (deliberative body created under the Act on the Council of Social Dialogue) as a representative of the Business Center Club \u2013 an organization of employers.<\/p>\n<p>Attorney-at-law, member of the Bar Association in Pozna\u0144.\u00a0Professional representative in matters of trademarks and industrial designs in the European Union Intellectual Property Office (registration number: 77162)<\/p>\n<p>He has completed the course for Certified Compliance Officer organized by the Polish Compliance<br \/>\nAssociation and has passed the examination confirming his knowledge and qualifications in this field.<\/p>\n<p>In his free time, he practices extreme sports and spends time with his family.<\/p>\n<p>Languages: English, German.<\/p>\n","protected":false},"excerpt":{"rendered":"<p>Has long experience in civil law, economic law and tax law. Specializes in corporate consulting, including enterprise restructuring and tax optimization in particular. Represented numerous entrepreneurs and private persons in court cases before common courts, administrative courts, the Supreme Court and the Supreme Administrative Court, also in negotiations and mediations. A court mediator in the [&hellip;]<\/p>\n","protected":false},"author":2,"featured_media":3915,"parent":0,"menu_order":0,"comment_status":"closed","ping_status":"closed","template":"page-expert.php","meta":{"footnotes":""},"class_list":["post-4047","page","type-page","status-publish","has-post-thumbnail","hentry"],"acf":[],"yoast_head":"<!-- This site is optimized with the Yoast SEO plugin v20.11 - https:\/\/yoast.com\/wordpress\/plugins\/seo\/ -->\n<title>Hubert Sommerrey | Radca Prawny | Kancelaria S&amp;P Pozna\u0144<\/title>\n<meta name=\"description\" content=\"Radca prawny, partner zarz\u0105dzaj\u0105cy w Sommerrey &amp; Partners w Poznaniu. Specjalista zakresie prawa gospodarczego, cywilnego, podatkowego i nieruchomo\u015bci.\" \/>\n<meta name=\"robots\" content=\"index, follow, max-snippet:-1, max-image-preview:large, max-video-preview:-1\" \/>\n<link rel=\"canonical\" href=\"https:\/\/sp-legal.pl\/en\/hubert-sommerrey-3\/\" \/>\n<meta property=\"og:locale\" content=\"en_US\" \/>\n<meta property=\"og:type\" content=\"article\" \/>\n<meta property=\"og:title\" content=\"Hubert Sommerrey | Radca Prawny | Kancelaria S&amp;P Pozna\u0144\" \/>\n<meta property=\"og:description\" content=\"Radca prawny, partner zarz\u0105dzaj\u0105cy w Sommerrey &amp; Partners w Poznaniu. Specjalista zakresie prawa gospodarczego, cywilnego, podatkowego i nieruchomo\u015bci.\" \/>\n<meta property=\"og:url\" content=\"https:\/\/sp-legal.pl\/en\/hubert-sommerrey-3\/\" \/>\n<meta property=\"og:site_name\" content=\"attorney-at-law| Law Firm | Poznan | Warsaw\" \/>\n<meta property=\"og:image\" content=\"https:\/\/sp-legal.pl\/wp-content\/uploads\/2019\/09\/HubertSommerrey_small.jpg\" \/>\n\t<meta property=\"og:image:width\" content=\"300\" \/>\n\t<meta property=\"og:image:height\" content=\"300\" \/>\n\t<meta property=\"og:image:type\" content=\"image\/jpeg\" \/>\n<meta name=\"twitter:label1\" content=\"Est. reading time\" \/>\n\t<meta name=\"twitter:data1\" content=\"1 minute\" \/>\n<script type=\"application\/ld+json\" class=\"yoast-schema-graph\">{\"@context\":\"https:\/\/schema.org\",\"@graph\":[{\"@type\":\"WebPage\",\"@id\":\"https:\/\/sp-legal.pl\/en\/hubert-sommerrey-3\/\",\"url\":\"https:\/\/sp-legal.pl\/en\/hubert-sommerrey-3\/\",\"name\":\"Hubert Sommerrey | Radca Prawny | Kancelaria S&P Pozna\u0144\",\"isPartOf\":{\"@id\":\"https:\/\/sp-legal.pl\/#website\"},\"datePublished\":\"2020-01-21T20:38:11+00:00\",\"dateModified\":\"2020-01-21T20:38:11+00:00\",\"description\":\"Radca prawny, partner zarz\u0105dzaj\u0105cy w Sommerrey & Partners w Poznaniu. Specjalista zakresie prawa gospodarczego, cywilnego, podatkowego i nieruchomo\u015bci.\",\"breadcrumb\":{\"@id\":\"https:\/\/sp-legal.pl\/en\/hubert-sommerrey-3\/#breadcrumb\"},\"inLanguage\":\"en-US\",\"potentialAction\":[{\"@type\":\"ReadAction\",\"target\":[\"https:\/\/sp-legal.pl\/en\/hubert-sommerrey-3\/\"]}]},{\"@type\":\"BreadcrumbList\",\"@id\":\"https:\/\/sp-legal.pl\/en\/hubert-sommerrey-3\/#breadcrumb\",\"itemListElement\":[{\"@type\":\"ListItem\",\"position\":1,\"name\":\"Strona g\u0142\u00f3wna\",\"item\":\"https:\/\/sp-legal.pl\/en\/\"},{\"@type\":\"ListItem\",\"position\":2,\"name\":\"Hubert Sommerrey\"}]},{\"@type\":\"WebSite\",\"@id\":\"https:\/\/sp-legal.pl\/#website\",\"url\":\"https:\/\/sp-legal.pl\/\",\"name\":\"attorney-at-law| Law Firm | Poznan | Warsaw\",\"description\":\"\",\"potentialAction\":[{\"@type\":\"SearchAction\",\"target\":{\"@type\":\"EntryPoint\",\"urlTemplate\":\"https:\/\/sp-legal.pl\/?s={search_term_string}\"},\"query-input\":\"required name=search_term_string\"}],\"inLanguage\":\"en-US\"}]}<\/script>\n<!-- \/ Yoast SEO plugin. -->","yoast_head_json":{"title":"Hubert Sommerrey | Radca Prawny | Kancelaria S&P Pozna\u0144","description":"Radca prawny, partner zarz\u0105dzaj\u0105cy w Sommerrey & Partners w Poznaniu. Specjalista zakresie prawa gospodarczego, cywilnego, podatkowego i nieruchomo\u015bci.","robots":{"index":"index","follow":"follow","max-snippet":"max-snippet:-1","max-image-preview":"max-image-preview:large","max-video-preview":"max-video-preview:-1"},"canonical":"https:\/\/sp-legal.pl\/en\/hubert-sommerrey-3\/","og_locale":"en_US","og_type":"article","og_title":"Hubert Sommerrey | Radca Prawny | Kancelaria S&P Pozna\u0144","og_description":"Radca prawny, partner zarz\u0105dzaj\u0105cy w Sommerrey & Partners w Poznaniu. Specjalista zakresie prawa gospodarczego, cywilnego, podatkowego i nieruchomo\u015bci.","og_url":"https:\/\/sp-legal.pl\/en\/hubert-sommerrey-3\/","og_site_name":"attorney-at-law| Law Firm | Poznan | Warsaw","og_image":[{"width":300,"height":300,"url":"https:\/\/sp-legal.pl\/wp-content\/uploads\/2019\/09\/HubertSommerrey_small.jpg","type":"image\/jpeg"}],"twitter_misc":{"Est. reading time":"1 minute"},"schema":{"@context":"https:\/\/schema.org","@graph":[{"@type":"WebPage","@id":"https:\/\/sp-legal.pl\/en\/hubert-sommerrey-3\/","url":"https:\/\/sp-legal.pl\/en\/hubert-sommerrey-3\/","name":"Hubert Sommerrey | Radca Prawny | Kancelaria S&P Pozna\u0144","isPartOf":{"@id":"https:\/\/sp-legal.pl\/#website"},"datePublished":"2020-01-21T20:38:11+00:00","dateModified":"2020-01-21T20:38:11+00:00","description":"Radca prawny, partner zarz\u0105dzaj\u0105cy w Sommerrey & Partners w Poznaniu. Specjalista zakresie prawa gospodarczego, cywilnego, podatkowego i nieruchomo\u015bci.","breadcrumb":{"@id":"https:\/\/sp-legal.pl\/en\/hubert-sommerrey-3\/#breadcrumb"},"inLanguage":"en-US","potentialAction":[{"@type":"ReadAction","target":["https:\/\/sp-legal.pl\/en\/hubert-sommerrey-3\/"]}]},{"@type":"BreadcrumbList","@id":"https:\/\/sp-legal.pl\/en\/hubert-sommerrey-3\/#breadcrumb","itemListElement":[{"@type":"ListItem","position":1,"name":"Strona g\u0142\u00f3wna","item":"https:\/\/sp-legal.pl\/en\/"},{"@type":"ListItem","position":2,"name":"Hubert Sommerrey"}]},{"@type":"WebSite","@id":"https:\/\/sp-legal.pl\/#website","url":"https:\/\/sp-legal.pl\/","name":"attorney-at-law| Law Firm | Poznan | Warsaw","description":"","potentialAction":[{"@type":"SearchAction","target":{"@type":"EntryPoint","urlTemplate":"https:\/\/sp-legal.pl\/?s={search_term_string}"},"query-input":"required name=search_term_string"}],"inLanguage":"en-US"}]}},"_links":{"self":[{"href":"https:\/\/sp-legal.pl\/en\/wp-json\/wp\/v2\/pages\/4047"}],"collection":[{"href":"https:\/\/sp-legal.pl\/en\/wp-json\/wp\/v2\/pages"}],"about":[{"href":"https:\/\/sp-legal.pl\/en\/wp-json\/wp\/v2\/types\/page"}],"author":[{"embeddable":true,"href":"https:\/\/sp-legal.pl\/en\/wp-json\/wp\/v2\/users\/2"}],"replies":[{"embeddable":true,"href":"https:\/\/sp-legal.pl\/en\/wp-json\/wp\/v2\/comments?post=4047"}],"version-history":[{"count":0,"href":"https:\/\/sp-legal.pl\/en\/wp-json\/wp\/v2\/pages\/4047\/revisions"}],"wp:featuredmedia":[{"embeddable":true,"href":"https:\/\/sp-legal.pl\/en\/wp-json\/wp\/v2\/media\/3915"}],"wp:attachment":[{"href":"https:\/\/sp-legal.pl\/en\/wp-json\/wp\/v2\/media?parent=4047"}],"curies":[{"name":"wp","href":"https:\/\/api.w.org\/{rel}","templated":true}]}}